{"id":1078,"date":"2022-09-30T22:42:02","date_gmt":"2022-09-30T20:42:02","guid":{"rendered":"https:\/\/nieczytelne.wordpress.com\/?page_id=1078"},"modified":"2025-09-22T21:40:31","modified_gmt":"2025-09-22T19:40:31","slug":"3-tezy-przeciwko-wiezieniom","status":"publish","type":"page","link":"https:\/\/nieczytelne.com\/en\/wydania\/3-tezy-przeciwko-wiezieniom\/","title":{"rendered":"3 Positions Against Prisons"},"content":{"rendered":"<div class=\"wp-block-jetpack-layout-grid alignfull column1-desktop-grid__span-2 column1-desktop-grid__row-1 column2-desktop-grid__span-6 column2-desktop-grid__start-3 column2-desktop-grid__row-1 column3-desktop-grid__span-4 column3-desktop-grid__start-9 column3-desktop-grid__row-1 column1-tablet-grid__span-4 column1-tablet-grid__row-1 column2-tablet-grid__span-4 column2-tablet-grid__start-5 column2-tablet-grid__row-1 column3-tablet-grid__span-8 column3-tablet-grid__row-2 column1-mobile-grid__span-4 column1-mobile-grid__row-1 column2-mobile-grid__span-4 column2-mobile-grid__row-2 column3-mobile-grid__span-4 column3-mobile-grid__row-3 wp-block-jetpack-layout-gutter__huge\">\n<div class=\"wp-block-jetpack-layout-grid-column wp-block-jetpack-layout-grid__padding-none\"><\/div>\n\n\n\n<div class=\"wp-block-jetpack-layout-grid-column wp-block-jetpack-layout-grid__padding-none is-vertically-aligned-bottom\">\n<h2 class=\"wp-block-heading has-text-align-right\" style=\"text-transform:uppercase\">3 tezy <br>przeciwko wi\u0119zieniom<\/h2>\n<\/div>\n\n\n\n<div class=\"wp-block-jetpack-layout-grid-column wp-block-jetpack-layout-grid__padding-none is-vertically-aligned-bottom\">\n<h2 class=\"wp-block-heading has-text-align-right\" id=\"autor-august-o-clairre\" style=\"text-transform:uppercase\">August O&#8217;Clairre<\/h2>\n<\/div>\n<\/div>\n\n\n\n<div style=\"height:25px\" aria-hidden=\"true\" class=\"wp-block-spacer\"><\/div>\n\n\n\n<div class=\"wp-block-jetpack-layout-grid alignfull column1-desktop-grid__span-4 column1-desktop-grid__row-1 column2-desktop-grid__span-4 column2-desktop-grid__start-5 column2-desktop-grid__row-1 column3-desktop-grid__span-4 column3-desktop-grid__start-9 column3-desktop-grid__row-1 column1-tablet-grid__span-4 column1-tablet-grid__row-1 column2-tablet-grid__span-4 column2-tablet-grid__start-5 column2-tablet-grid__row-1 column3-tablet-grid__span-8 column3-tablet-grid__row-2 column1-mobile-grid__span-4 column1-mobile-grid__row-1 column2-mobile-grid__span-4 column2-mobile-grid__row-2 column3-mobile-grid__span-4 column3-mobile-grid__row-3\">\n<div class=\"wp-block-jetpack-layout-grid-column wp-block-jetpack-layout-grid__padding-none is-vertically-aligned-center\"><div class=\"wp-block-image\">\n<figure class=\"aligncenter size-large is-resized\"><img loading=\"lazy\" decoding=\"async\" width=\"1748\" height=\"2480\" src=\"https:\/\/nieczytelne.com\/wp-content\/uploads\/2022\/02\/untitled.png?w=722\" alt=\"\" class=\"wp-image-1083\" style=\"width:365px;height:512px\" srcset=\"https:\/\/nieczytelne.com\/wp-content\/uploads\/2022\/02\/untitled.png 1748w, https:\/\/nieczytelne.com\/wp-content\/uploads\/2022\/02\/untitled-211x300.png 211w, https:\/\/nieczytelne.com\/wp-content\/uploads\/2022\/02\/untitled-722x1024.png 722w, https:\/\/nieczytelne.com\/wp-content\/uploads\/2022\/02\/untitled-768x1090.png 768w, https:\/\/nieczytelne.com\/wp-content\/uploads\/2022\/02\/untitled-1083x1536.png 1083w, https:\/\/nieczytelne.com\/wp-content\/uploads\/2022\/02\/untitled-1444x2048.png 1444w\" sizes=\"auto, (max-width: 1748px) 100vw, 1748px\" \/><\/figure>\n<\/div>\n\n\n<div style=\"height:30px\" aria-hidden=\"true\" class=\"wp-block-spacer\"><\/div>\n\n\n\n<div class=\"wp-block-buttons is-layout-flex wp-block-buttons-is-layout-flex\">\n<div class=\"wp-block-button\"><a class=\"wp-block-button__link has-dark-gray-background-color has-background has-custom-font-size wp-element-button\" href=\"https:\/\/pl.anarchistlibraries.net\/library\/august-o-clairre-3-tezy-przeciwko-wiezieniom\" style=\"border-radius:9px;font-size:11px\" target=\"_blank\" rel=\"noreferrer noopener\">Anarchobiblioteka<\/a><\/div>\n\n\n\n<div class=\"wp-block-button\"><a class=\"wp-block-button__link has-dark-gray-background-color has-background has-custom-font-size wp-element-button\" href=\"https:\/\/nieczytelne.com\/wp-content\/uploads\/2025\/09\/1.-trzy-tezy-przeciwko-wiezieniom.pdf\" style=\"border-radius:9px;font-size:11px\" target=\"_blank\" rel=\"noreferrer noopener\">wersja do druku<\/a><\/div>\n\n\n\n<div class=\"wp-block-button\"><a class=\"wp-block-button__link has-dark-gray-background-color has-background has-custom-font-size wp-element-button\" href=\"https:\/\/nieczytelne.com\/wp-content\/uploads\/2022\/12\/3-tezy-okladka-a5.pdf\" style=\"border-radius:9px;font-size:11px\" target=\"_blank\" rel=\"noreferrer noopener\">Ok\u0142adka<\/a><\/div>\n<\/div>\n<\/div>\n\n\n\n<div class=\"wp-block-jetpack-layout-grid-column wp-block-jetpack-layout-grid__padding-none\">\n<p class=\"has-text-align-justify justuj\">Czy da si\u0119 znie\u015b\u0107 wi\u0119zienia? Wielu powiedzia\u0142oby, \u017ce nie. Te osoby, kt\u00f3re odpowiadaj\u0105 twierdz\u0105co, cz\u0119sto m\u00f3wi\u0105 o dofinansowaniu program\u00f3w socjalnych czy sprawiedliwo\u015bci naprawczej, pr\u00f3buj\u0105c udowodni\u0107, \u017ce jest to realny cel polityczny. Ten tekst obiera inn\u0105 \u015bcie\u017ck\u0119 \u2013 wzywa do ca\u0142kowitego zniszczenia wi\u0119zie\u0144. Mierzy te\u017c dalej i obiera na cel wszystko, co je rodzi, wszystkie wi\u0119zienne mechanizmy: prawo, produkcj\u0119 czy systemy kontroli. Zamiast reformy czy rewolucji, pod\u017cega do insurekcji przeciwko powszechnemu uwi\u0119zieniu. Bo wi\u0119zienie nie jest tylko miejscem, a  w\u0142a\u015bciw\u0105 struktur\u0105 naszego \u015bwiata.<\/p>\n\n\n\n<p>Cz\u0119\u015b\u0107 serii <a href=\"https:\/\/nieczytelne.com\/en\/inne-zycie\/\" data-type=\"URL\" data-id=\"https:\/\/nieczytelne.com\/inne-zycie\">ANOTHER life<\/a>.<\/p>\n<\/div>\n\n\n\n<div class=\"wp-block-jetpack-layout-grid-column wp-block-jetpack-layout-grid__padding-huge is-vertically-aligned-center\">\n<div class=\"wp-block-group\"><div class=\"wp-block-group__inner-container is-layout-flow wp-block-group-is-layout-flow\">\n<h6 class=\"wp-block-heading\" id=\"block-977c1639-b9ec-4a5b-b5e3-9df75a1f07ad\"><img decoding=\"async\" src=\"https:\/\/nieczytelne.com\/wp-content\/uploads\/2022\/01\/quotation2.png\" alt=\"\" style=\"width:30px\"><\/h6>\n\n\n\n<h6 class=\"wp-block-heading has-text-align-center has-dark-gray-color has-text-color\" id=\"zbrodnia-jest-antypolitycznym-pragnieniem-ponownym-odkrywaniem-zdolnosci-naszych-cial-i-woli-zycia-insurekcja-nigdy-nie-bedzie-polityczna-dzialalnoscia-rewolucjonistow-bo-jest-przestepcza-dzialalnoscia-w-drodze-do-stawania-sie-czlowiekiem\" style=\"font-size:15px;font-style:normal;font-weight:400\">Zbrodnia jest antypolitycznym pragnieniem, ponownym odkrywaniem naszych cia\u0142 i si\u0142y \u017cyciowej. Insurekcja nigdy nie b\u0119dzie polityczn\u0105 dzia\u0142alno\u015bci\u0105 rewolucjonist\u00f3w, bo jest przest\u0119pcz\u0105 tych, kt\u00f3rzy staj\u0105 si\u0119 lud\u017ami.<\/h6>\n\n\n\n<div style=\"height:1px\" aria-hidden=\"true\" class=\"wp-block-spacer\"><\/div>\n\n\n\n<h6 class=\"wp-block-heading has-text-align-right\" id=\"block-977c1639-b9ec-4a5b-b5e3-9df75a1f07ad\"><img decoding=\"async\" style=\"width:30px\" src=\"https:\/\/nieczytelne.com\/wp-content\/uploads\/2022\/01\/qutation1.png\" alt=\"\"><\/h6>\n<\/div><\/div>\n<\/div>\n<\/div>\n\n\n\n<p><\/p>","protected":false},"excerpt":{"rendered":"<p>3 tezy przeciwko wi\u0119zieniom August O&#8217;Clairre Czy da si\u0119 znie\u015b\u0107 wi\u0119zienia? Wielu powiedzia\u0142oby, \u017ce nie. Te osoby, kt\u00f3re odpowiadaj\u0105 twierdz\u0105co, cz\u0119sto m\u00f3wi\u0105 o dofinansowaniu program\u00f3w socjalnych czy sprawiedliwo\u015bci naprawczej, pr\u00f3buj\u0105c udowodni\u0107, \u017ce jest to realny cel polityczny. Ten tekst obiera inn\u0105 \u015bcie\u017ck\u0119 \u2013 wzywa do ca\u0142kowitego zniszczenia wi\u0119zie\u0144. Mierzy te\u017c dalej i obiera na cel &hellip; <a href=\"https:\/\/nieczytelne.com\/en\/wydania\/3-tezy-przeciwko-wiezieniom\/\" class=\"more-link\">Continue reading <span class=\"screen-reader-text\">3 Positions Against Prisons<\/span><\/a><\/p>","protected":false},"author":1,"featured_media":0,"parent":160,"menu_order":0,"comment_status":"closed","ping_status":"closed","template":"","meta":{"_monsterinsights_skip_tracking":false,"_monsterinsights_sitenote_active":false,"_monsterinsights_sitenote_note":"","_monsterinsights_sitenote_category":0,"footnotes":""},"class_list":["post-1078","page","type-page","status-publish","hentry","no-featured-image"],"_links":{"self":[{"href":"https:\/\/nieczytelne.com\/en\/wp-json\/wp\/v2\/pages\/1078","targetHints":{"allow":["GET"]}}],"collection":[{"href":"https:\/\/nieczytelne.com\/en\/wp-json\/wp\/v2\/pages"}],"about":[{"href":"https:\/\/nieczytelne.com\/en\/wp-json\/wp\/v2\/types\/page"}],"author":[{"embeddable":true,"href":"https:\/\/nieczytelne.com\/en\/wp-json\/wp\/v2\/users\/1"}],"replies":[{"embeddable":true,"href":"https:\/\/nieczytelne.com\/en\/wp-json\/wp\/v2\/comments?post=1078"}],"version-history":[{"count":9,"href":"https:\/\/nieczytelne.com\/en\/wp-json\/wp\/v2\/pages\/1078\/revisions"}],"predecessor-version":[{"id":5665,"href":"https:\/\/nieczytelne.com\/en\/wp-json\/wp\/v2\/pages\/1078\/revisions\/5665"}],"up":[{"embeddable":true,"href":"https:\/\/nieczytelne.com\/en\/wp-json\/wp\/v2\/pages\/160"}],"wp:attachment":[{"href":"https:\/\/nieczytelne.com\/en\/wp-json\/wp\/v2\/media?parent=1078"}],"curies":[{"name":"wp","href":"https:\/\/api.w.org\/{rel}","templated":true}]}}