{"id":1251,"date":"2022-05-28T16:00:36","date_gmt":"2022-05-28T14:00:36","guid":{"rendered":"https:\/\/nieczytelne.wordpress.com\/?page_id=1251"},"modified":"2025-09-22T21:57:56","modified_gmt":"2025-09-22T19:57:56","slug":"od-demokracji-do-wolnosci","status":"publish","type":"page","link":"https:\/\/nieczytelne.com\/en\/wydania\/od-demokracji-do-wolnosci\/","title":{"rendered":"From Democracy to Freedom"},"content":{"rendered":"<div class=\"wp-block-jetpack-layout-grid alignfull column1-desktop-grid__span-2 column1-desktop-grid__row-1 column2-desktop-grid__span-6 column2-desktop-grid__start-3 column2-desktop-grid__row-1 column3-desktop-grid__span-4 column3-desktop-grid__start-9 column3-desktop-grid__row-1 column1-tablet-grid__span-4 column1-tablet-grid__row-1 column2-tablet-grid__span-4 column2-tablet-grid__start-5 column2-tablet-grid__row-1 column3-tablet-grid__span-8 column3-tablet-grid__row-2 column1-mobile-grid__span-4 column1-mobile-grid__row-1 column2-mobile-grid__span-4 column2-mobile-grid__row-2 column3-mobile-grid__span-4 column3-mobile-grid__row-3 wp-block-jetpack-layout-gutter__huge\">\n<div class=\"wp-block-jetpack-layout-grid-column wp-block-jetpack-layout-grid__padding-none\"><\/div>\n\n\n\n<div class=\"wp-block-jetpack-layout-grid-column wp-block-jetpack-layout-grid__padding-none is-vertically-aligned-bottom\">\n<h2 class=\"wp-block-heading has-text-align-right\" style=\"text-transform:uppercase\">From Democracy to Freedom<br><\/h2>\n\n\n\n<h2 class=\"wp-block-heading has-text-align-right\" style=\"font-style:normal;font-weight:500;text-transform:uppercase\">R\u00f3\u017cnica pomi\u0119dzy rz\u0105dem a samostanowieniem<\/h2>\n<\/div>\n\n\n\n<div class=\"wp-block-jetpack-layout-grid-column wp-block-jetpack-layout-grid__padding-none is-vertically-aligned-bottom\">\n<h2 class=\"wp-block-heading has-text-align-right\" id=\"autor-august-o-clairre\" style=\"text-transform:uppercase\">CrimethInc.<\/h2>\n<\/div>\n<\/div>\n\n\n\n<div style=\"height:25px\" aria-hidden=\"true\" class=\"wp-block-spacer\"><\/div>\n\n\n\n<div class=\"wp-block-jetpack-layout-grid alignfull column1-desktop-grid__span-4 column1-desktop-grid__row-1 column2-desktop-grid__span-4 column2-desktop-grid__start-5 column2-desktop-grid__row-1 column3-desktop-grid__span-4 column3-desktop-grid__start-9 column3-desktop-grid__row-1 column1-tablet-grid__span-4 column1-tablet-grid__row-1 column2-tablet-grid__span-4 column2-tablet-grid__start-5 column2-tablet-grid__row-1 column3-tablet-grid__span-8 column3-tablet-grid__row-2 column1-mobile-grid__span-4 column1-mobile-grid__row-1 column2-mobile-grid__span-4 column2-mobile-grid__row-2 column3-mobile-grid__span-4 column3-mobile-grid__row-3\">\n<div class=\"wp-block-jetpack-layout-grid-column wp-block-jetpack-layout-grid__padding-none is-vertically-aligned-center\"><div class=\"wp-block-image\">\n<figure class=\"aligncenter size-large is-resized\"><img loading=\"lazy\" decoding=\"async\" width=\"1890\" height=\"2673\" src=\"https:\/\/nieczytelne.com\/wp-content\/uploads\/2022\/05\/od-demokracji.png?w=724\" alt=\"\" class=\"wp-image-1260\" style=\"width:365px;height:512px\" srcset=\"https:\/\/nieczytelne.com\/wp-content\/uploads\/2022\/05\/od-demokracji.png 1890w, https:\/\/nieczytelne.com\/wp-content\/uploads\/2022\/05\/od-demokracji-212x300.png 212w, https:\/\/nieczytelne.com\/wp-content\/uploads\/2022\/05\/od-demokracji-724x1024.png 724w, https:\/\/nieczytelne.com\/wp-content\/uploads\/2022\/05\/od-demokracji-768x1086.png 768w, https:\/\/nieczytelne.com\/wp-content\/uploads\/2022\/05\/od-demokracji-1086x1536.png 1086w, https:\/\/nieczytelne.com\/wp-content\/uploads\/2022\/05\/od-demokracji-1448x2048.png 1448w\" sizes=\"auto, (max-width: 1890px) 100vw, 1890px\" \/><\/figure>\n<\/div>\n\n\n<div style=\"height:31px\" aria-hidden=\"true\" class=\"wp-block-spacer\"><\/div>\n\n\n\n<div class=\"wp-block-buttons is-layout-flex wp-block-buttons-is-layout-flex\">\n<div class=\"wp-block-button\"><a class=\"wp-block-button__link has-dark-gray-background-color has-background has-custom-font-size wp-element-button\" href=\"https:\/\/pl.anarchistlibraries.net\/library\/crimethinc-od-demokracji-do-wolnosci\" style=\"border-radius:9px;font-size:11px\">Anarchobiblioteka<\/a><\/div>\n\n\n\n<div class=\"wp-block-button\"><a class=\"wp-block-button__link has-dark-gray-background-color has-background has-custom-font-size wp-element-button\" href=\"https:\/\/nieczytelne.com\/wp-content\/uploads\/2025\/09\/1.-od-demokracji-do-wolnosci-compressed.pdf\" style=\"border-radius:9px;font-size:11px\" target=\"_blank\" rel=\"noreferrer noopener\">wersja do druku<\/a><\/div>\n\n\n\n<div class=\"wp-block-button\"><a class=\"wp-block-button__link has-dark-gray-background-color has-background has-custom-font-size wp-element-button\" href=\"https:\/\/nieczytelne.com\/wp-content\/uploads\/2022\/12\/od-demokracji-okladka-a4-z-liniami-pomocniczymi.pdf\" style=\"border-radius:9px;font-size:11px\" target=\"_blank\" rel=\"noreferrer noopener\">Ok\u0142adka<\/a><\/div>\n<\/div>\n<\/div>\n\n\n\n<div class=\"wp-block-jetpack-layout-grid-column wp-block-jetpack-layout-grid__padding-none\">\n<p class=\"has-text-align-justify justuj\">Anarchistyczna krytyka demokracji jest tak stara jak sam anarchizm. Zazwyczaj zatrzymuje si\u0119 jednak na krytyce demokracji pa\u0144stwowej (przedstawicielskiej czy parlamentarnej). Ten esej idzie o wiele dalej i krytykuje j\u0105 u \u017ar\u00f3de\u0142. Komentuj\u0105c r\u00f3\u017cne niedawne ruchy spo\u0142eczne oscyluj\u0105ce wok\u00f3\u0142 demokracji \u2013 Occupy Wallstreet, 15M czy okupacj\u0119 placu Syntagma \u2013 docieka, czy demokracja w jakiejkolwiek postaci mo\u017ce by\u0107 czym\u015b po\u017c\u0105danym i przydatnym w walce o wolno\u015b\u0107. Krytykuje wszelkie rz\u0105dy, \u0142\u0105cznie z rz\u0105dami konsensusu i argumentuje za autonomi\u0105 i samostanowieniem.<\/p>\n\n\n\n<p>Cz\u0119\u015b\u0107 serii <a href=\"https:\/\/nieczytelne.com\/en\/nieklasycznie\/\" data-type=\"URL\" data-id=\"https:\/\/nieczytelne.com\/nieklasycznie\">Unclassically<\/a>.<\/p>\n<\/div>\n\n\n\n<div class=\"wp-block-jetpack-layout-grid-column wp-block-jetpack-layout-grid__padding-huge is-vertically-aligned-center\">\n<div class=\"wp-block-group\"><div class=\"wp-block-group__inner-container is-layout-flow wp-block-group-is-layout-flow\">\n<h6 class=\"wp-block-heading\" id=\"block-977c1639-b9ec-4a5b-b5e3-9df75a1f07ad\"><img decoding=\"async\" src=\"https:\/\/nieczytelne.com\/wp-content\/uploads\/2022\/01\/quotation2.png\" alt=\"\" style=\"width:30px\"><\/h6>\n\n\n\n<h6 class=\"wp-block-heading has-text-align-center has-dark-gray-color has-text-color\" id=\"mamy-przejebane-oto-w-gruncie-rzeczy-anarcho-nihilistyczne-stanowisko\" style=\"font-size:15px;font-style:normal;font-weight:400\">Wa\u017cne jest wi\u0119c rozr\u00f3\u017cnienie nie mi\u0119dzy demokracj\u0105 a pa\u0144stwem, ale mi\u0119dzy rz\u0105dem a samostanowieniem. Rz\u0105dzenie to sprawowanie w\u0142adzy nad dan\u0105 przestrzeni\u0105 lub form\u0105 polityczn\u0105: niezale\u017cnie od tego, czy proces ten jest dyktatorski czy partycypacyjny, rezultatem ko\u0144cowym jest narzucenie kontroli.<\/h6>\n\n\n\n<div style=\"height:1px\" aria-hidden=\"true\" class=\"wp-block-spacer\"><\/div>\n\n\n\n<h6 class=\"wp-block-heading has-text-align-right\" id=\"block-977c1639-b9ec-4a5b-b5e3-9df75a1f07ad\"><img decoding=\"async\" style=\"width:30px\" src=\"https:\/\/nieczytelne.com\/wp-content\/uploads\/2022\/01\/qutation1.png\" alt=\"\"><\/h6>\n<\/div><\/div>\n<\/div>\n<\/div>","protected":false},"excerpt":{"rendered":"<p>Od demokracji do wolno\u015bci R\u00f3\u017cnica pomi\u0119dzy rz\u0105dem a samostanowieniem CrimethInc. Anarchistyczna krytyka demokracji jest tak stara jak sam anarchizm. Zazwyczaj zatrzymuje si\u0119 jednak na krytyce demokracji pa\u0144stwowej (przedstawicielskiej czy parlamentarnej). Ten esej idzie o wiele dalej i krytykuje j\u0105 u \u017ar\u00f3de\u0142. Komentuj\u0105c r\u00f3\u017cne niedawne ruchy spo\u0142eczne oscyluj\u0105ce wok\u00f3\u0142 demokracji \u2013 Occupy Wallstreet, 15M czy okupacj\u0119 &hellip; <a href=\"https:\/\/nieczytelne.com\/en\/wydania\/od-demokracji-do-wolnosci\/\" class=\"more-link\">Continue reading <span class=\"screen-reader-text\">From Democracy to Freedom<\/span><\/a><\/p>","protected":false},"author":1,"featured_media":0,"parent":160,"menu_order":0,"comment_status":"closed","ping_status":"closed","template":"","meta":{"_monsterinsights_skip_tracking":false,"_monsterinsights_sitenote_active":false,"_monsterinsights_sitenote_note":"","_monsterinsights_sitenote_category":0,"footnotes":""},"class_list":["post-1251","page","type-page","status-publish","hentry","no-featured-image"],"_links":{"self":[{"href":"https:\/\/nieczytelne.com\/en\/wp-json\/wp\/v2\/pages\/1251","targetHints":{"allow":["GET"]}}],"collection":[{"href":"https:\/\/nieczytelne.com\/en\/wp-json\/wp\/v2\/pages"}],"about":[{"href":"https:\/\/nieczytelne.com\/en\/wp-json\/wp\/v2\/types\/page"}],"author":[{"embeddable":true,"href":"https:\/\/nieczytelne.com\/en\/wp-json\/wp\/v2\/users\/1"}],"replies":[{"embeddable":true,"href":"https:\/\/nieczytelne.com\/en\/wp-json\/wp\/v2\/comments?post=1251"}],"version-history":[{"count":6,"href":"https:\/\/nieczytelne.com\/en\/wp-json\/wp\/v2\/pages\/1251\/revisions"}],"predecessor-version":[{"id":5677,"href":"https:\/\/nieczytelne.com\/en\/wp-json\/wp\/v2\/pages\/1251\/revisions\/5677"}],"up":[{"embeddable":true,"href":"https:\/\/nieczytelne.com\/en\/wp-json\/wp\/v2\/pages\/160"}],"wp:attachment":[{"href":"https:\/\/nieczytelne.com\/en\/wp-json\/wp\/v2\/media?parent=1251"}],"curies":[{"name":"wp","href":"https:\/\/api.w.org\/{rel}","templated":true}]}}