{"id":131,"date":"2022-01-06T22:05:54","date_gmt":"2022-01-06T21:05:54","guid":{"rendered":"https:\/\/nieczytelne.wordpress.com\/?page_id=131"},"modified":"2023-04-03T02:31:33","modified_gmt":"2023-04-03T00:31:33","slug":"poza-organizacjami","status":"publish","type":"page","link":"https:\/\/nieczytelne.com\/en\/wydania\/poza-organizacjami\/","title":{"rendered":"Beyond Organizations - Possibilities"},"content":{"rendered":"<div class=\"wp-block-jetpack-layout-grid alignfull column1-desktop-grid__span-2 column1-desktop-grid__row-1 column2-desktop-grid__span-6 column2-desktop-grid__start-3 column2-desktop-grid__row-1 column3-desktop-grid__span-4 column3-desktop-grid__start-9 column3-desktop-grid__row-1 column1-tablet-grid__span-4 column1-tablet-grid__row-1 column2-tablet-grid__span-4 column2-tablet-grid__start-5 column2-tablet-grid__row-1 column3-tablet-grid__span-8 column3-tablet-grid__row-2 column1-mobile-grid__span-4 column1-mobile-grid__row-1 column2-mobile-grid__span-4 column2-mobile-grid__row-2 column3-mobile-grid__span-4 column3-mobile-grid__row-3 wp-block-jetpack-layout-gutter__huge\">\n<div class=\"wp-block-jetpack-layout-grid-column wp-block-jetpack-layout-grid__padding-none\"><\/div>\n\n\n\n<div class=\"wp-block-jetpack-layout-grid-column wp-block-jetpack-layout-grid__padding-none is-vertically-aligned-bottom\">\n<h2 class=\"wp-block-heading has-text-align-right\" style=\"text-transform:uppercase\">Poza organizacjami <br>&#8211; mo\u017cliwo\u015bci<\/h2>\n<\/div>\n\n\n\n<div class=\"wp-block-jetpack-layout-grid-column wp-block-jetpack-layout-grid__padding-none is-vertically-aligned-bottom\">\n<h2 class=\"wp-block-heading has-text-align-right\" id=\"autor-august-o-clairre\" style=\"text-transform:uppercase\">The Conspiracy of Scribes<\/h2>\n<\/div>\n<\/div>\n\n\n\n<div style=\"height:25px\" aria-hidden=\"true\" class=\"wp-block-spacer\"><\/div>\n\n\n\n<div class=\"wp-block-jetpack-layout-grid alignfull column1-desktop-grid__span-4 column1-desktop-grid__row-1 column2-desktop-grid__span-4 column2-desktop-grid__start-5 column2-desktop-grid__row-1 column3-desktop-grid__span-4 column3-desktop-grid__start-9 column3-desktop-grid__row-1 column1-tablet-grid__span-4 column1-tablet-grid__row-1 column2-tablet-grid__span-4 column2-tablet-grid__start-5 column2-tablet-grid__row-1 column3-tablet-grid__span-8 column3-tablet-grid__row-2 column1-mobile-grid__span-4 column1-mobile-grid__row-1 column2-mobile-grid__span-4 column2-mobile-grid__row-2 column3-mobile-grid__span-4 column3-mobile-grid__row-3\">\n<div class=\"wp-block-jetpack-layout-grid-column wp-block-jetpack-layout-grid__padding-none is-vertically-aligned-center\"><div class=\"wp-block-image\">\n<figure class=\"aligncenter size-large is-resized\"><img loading=\"lazy\" decoding=\"async\" src=\"https:\/\/nieczytelne.com\/wp-content\/uploads\/2022\/01\/poza-organizacjami-okladka.png?w=722\" alt=\"\" class=\"wp-image-134\" width=\"365\" height=\"512\"\/><\/figure>\n<\/div>\n\n\n<div style=\"height:30px\" aria-hidden=\"true\" class=\"wp-block-spacer\"><\/div>\n\n\n\n<div class=\"wp-block-buttons is-layout-flex wp-block-buttons-is-layout-flex\">\n<div class=\"wp-block-button has-custom-font-size\" style=\"font-size:11px\"><a class=\"wp-block-button__link has-dark-gray-background-color has-background wp-element-button\" href=\"https:\/\/nieczytelne.com\/wp-content\/uploads\/2022\/01\/poza-organizacjami-mozliwosci.pdf\" style=\"border-radius:9px\" target=\"_blank\" rel=\"noreferrer noopener\">Wersja do druku<\/a><\/div>\n\n\n\n<div class=\"wp-block-button has-custom-font-size\" style=\"font-size:11px\"><a class=\"wp-block-button__link has-dark-gray-background-color has-background wp-element-button\" href=\"https:\/\/pl.anarchistlibraries.net\/library\/konspiracja-skrybow-poza-organizacjami-mozliwosci\" style=\"border-radius:9px\" target=\"_blank\" rel=\"noreferrer noopener\">anarchobiblioteka<\/a><\/div>\n\n\n\n<div class=\"wp-block-button has-custom-font-size\" style=\"font-size:11px\"><a class=\"wp-block-button__link has-dark-gray-background-color has-background wp-element-button\" href=\"https:\/\/nieczytelne.com\/wp-content\/uploads\/2022\/12\/poza-organizacjami-okladka-a5.pdf\" style=\"border-radius:9px\" target=\"_blank\" rel=\"noreferrer noopener\">ok\u0142adka<\/a><\/div>\n<\/div>\n<\/div>\n\n\n\n<div class=\"wp-block-jetpack-layout-grid-column wp-block-jetpack-layout-grid__padding-none\">\n<p class=\"has-text-align-justify justuj\">Dyktowana do\u015bwiadczeniami przynale\u017cno\u015bci do r\u00f3\u017cnych grup krytyka anarchistycznych organizacji z naszego podw\u00f3rka. Traktuje do\u0142\u0105czenie do organizacji jako ograniczenie siebie i swoich mo\u017cliwo\u015bci, jednak zamiast niego nie proponuje \u017cadnej konkretnej alternatywy \u2013 \u017cadnego modelu. Osoby autorskie skupiaj\u0105 si\u0119 jedynie na wi\u0119kszej swobodzie, kt\u00f3r\u0105 oferuje robienie rzeczy poza organizacjami. Jednocze\u015bnie tekst ten na krytyce si\u0119 nie ko\u0144czy, bo pokazuje te\u017c skrawki nieorganizacyjnego dzia\u0142ania i \u017cycia. Jest zaproszeniem do spotkania si\u0119 w innym \u015bwiecie \u2013 kryj\u0105cym si\u0119 tu\u017c za rogiem tego, kt\u00f3ry jest nam tak dobrze znany.<\/p>\n<\/div>\n\n\n\n<div class=\"wp-block-jetpack-layout-grid-column wp-block-jetpack-layout-grid__padding-huge is-vertically-aligned-center\">\n<div class=\"wp-block-group\"><div class=\"wp-block-group__inner-container is-layout-flow wp-block-group-is-layout-flow\">\n<h6 class=\"wp-block-heading\" id=\"block-977c1639-b9ec-4a5b-b5e3-9df75a1f07ad\"><img decoding=\"async\" src=\"https:\/\/nieczytelne.com\/wp-content\/uploads\/2022\/01\/quotation2.png\" alt=\"\" style=\"width:30px\"><\/h6>\n\n\n\n<h6 class=\"wp-block-heading has-text-align-center has-dark-gray-color has-text-color\" id=\"przychodzimy-do-was-z-nieorganizacyjnego-swiata-przede-wszystkim-zeby-powiedziec-ze-istnieje-ze-na-organizacjach-polityka-sie-nie-konczy-ale-i-zeby-wam-ten-swiat-pokazac-bo-jest-co-pokazywac-wlasnie-ze-wzgledu-na-ten-swiat-organizacje-trzeba-przekroczyc\" style=\"font-size:15px;font-style:normal;font-weight:400\">Przychodzimy do was z nieorganizacyjnego \u015bwiata; przede wszystkim \u017ceby powiedzie\u0107, \u017ce istnieje, \u017ce na organizacjach polityka si\u0119 nie ko\u0144czy, ale i \u017ceby wam ten \u015bwiat pokaza\u0107 \u2013 bo jest co pokazywa\u0107. W\u0142a\u015bnie ze wzgl\u0119du na ten \u015bwiat organizacje trzeba przekroczy\u0107.<\/h6>\n\n\n\n<div style=\"height:1px\" aria-hidden=\"true\" class=\"wp-block-spacer\"><\/div>\n\n\n\n<h6 class=\"wp-block-heading has-text-align-right\" id=\"block-977c1639-b9ec-4a5b-b5e3-9df75a1f07ad\"><img decoding=\"async\" style=\"width:30px\" src=\"https:\/\/nieczytelne.com\/wp-content\/uploads\/2022\/01\/qutation1.png\" alt=\"\"><\/h6>\n<\/div><\/div>\n<\/div>\n<\/div>","protected":false},"excerpt":{"rendered":"<p>Poza organizacjami &#8211; mo\u017cliwo\u015bci Konspiracja skryb\u00f3w Dyktowana do\u015bwiadczeniami przynale\u017cno\u015bci do r\u00f3\u017cnych grup krytyka anarchistycznych organizacji z naszego podw\u00f3rka. Traktuje do\u0142\u0105czenie do organizacji jako ograniczenie siebie i swoich mo\u017cliwo\u015bci, jednak zamiast niego nie proponuje \u017cadnej konkretnej alternatywy \u2013 \u017cadnego modelu. Osoby autorskie skupiaj\u0105 si\u0119 jedynie na wi\u0119kszej swobodzie, kt\u00f3r\u0105 oferuje robienie rzeczy poza organizacjami. Jednocze\u015bnie tekst &hellip; <a href=\"https:\/\/nieczytelne.com\/en\/wydania\/poza-organizacjami\/\" class=\"more-link\">Continue reading <span class=\"screen-reader-text\">Beyond Organizations - Possibilities<\/span><\/a><\/p>","protected":false},"author":1,"featured_media":0,"parent":160,"menu_order":0,"comment_status":"closed","ping_status":"closed","template":"templates\/full-width-page.php","meta":{"_monsterinsights_skip_tracking":false,"_monsterinsights_sitenote_active":false,"_monsterinsights_sitenote_note":"","_monsterinsights_sitenote_category":0,"footnotes":""},"class_list":["post-131","page","type-page","status-publish","hentry","no-featured-image"],"_links":{"self":[{"href":"https:\/\/nieczytelne.com\/en\/wp-json\/wp\/v2\/pages\/131","targetHints":{"allow":["GET"]}}],"collection":[{"href":"https:\/\/nieczytelne.com\/en\/wp-json\/wp\/v2\/pages"}],"about":[{"href":"https:\/\/nieczytelne.com\/en\/wp-json\/wp\/v2\/types\/page"}],"author":[{"embeddable":true,"href":"https:\/\/nieczytelne.com\/en\/wp-json\/wp\/v2\/users\/1"}],"replies":[{"embeddable":true,"href":"https:\/\/nieczytelne.com\/en\/wp-json\/wp\/v2\/comments?post=131"}],"version-history":[{"count":4,"href":"https:\/\/nieczytelne.com\/en\/wp-json\/wp\/v2\/pages\/131\/revisions"}],"predecessor-version":[{"id":4228,"href":"https:\/\/nieczytelne.com\/en\/wp-json\/wp\/v2\/pages\/131\/revisions\/4228"}],"up":[{"embeddable":true,"href":"https:\/\/nieczytelne.com\/en\/wp-json\/wp\/v2\/pages\/160"}],"wp:attachment":[{"href":"https:\/\/nieczytelne.com\/en\/wp-json\/wp\/v2\/media?parent=131"}],"curies":[{"name":"wp","href":"https:\/\/api.w.org\/{rel}","templated":true}]}}