{"id":1364,"date":"2022-09-30T23:03:16","date_gmt":"2022-09-30T21:03:16","guid":{"rendered":"https:\/\/nieczytelne.wordpress.com\/?page_id=1364"},"modified":"2025-09-22T21:59:20","modified_gmt":"2025-09-22T19:59:20","slug":"anarchizm","status":"publish","type":"page","link":"https:\/\/nieczytelne.com\/en\/wydania\/anarchizm\/","title":{"rendered":"Anarchism"},"content":{"rendered":"<div class=\"wp-block-jetpack-layout-grid alignfull column1-desktop-grid__span-2 column1-desktop-grid__row-1 column2-desktop-grid__span-6 column2-desktop-grid__start-3 column2-desktop-grid__row-1 column3-desktop-grid__span-4 column3-desktop-grid__start-9 column3-desktop-grid__row-1 column1-tablet-grid__span-4 column1-tablet-grid__row-1 column2-tablet-grid__span-4 column2-tablet-grid__start-5 column2-tablet-grid__row-1 column3-tablet-grid__span-8 column3-tablet-grid__row-2 column1-mobile-grid__span-4 column1-mobile-grid__row-1 column2-mobile-grid__span-4 column2-mobile-grid__row-2 column3-mobile-grid__span-4 column3-mobile-grid__row-3 wp-block-jetpack-layout-gutter__huge\">\n<div class=\"wp-block-jetpack-layout-grid-column wp-block-jetpack-layout-grid__padding-none\"><\/div>\n\n\n\n<div class=\"wp-block-jetpack-layout-grid-column wp-block-jetpack-layout-grid__padding-none is-vertically-aligned-bottom\">\n<h2 class=\"wp-block-heading has-text-align-right\" style=\"text-transform:uppercase\">anarchizm<\/h2>\n<\/div>\n\n\n\n<div class=\"wp-block-jetpack-layout-grid-column wp-block-jetpack-layout-grid__padding-none is-vertically-aligned-bottom\">\n<h2 class=\"wp-block-heading has-text-align-right\" id=\"autor-august-o-clairre\" style=\"text-transform:uppercase\">Voltairine de Cleyre<\/h2>\n<\/div>\n<\/div>\n\n\n\n<div style=\"height:25px\" aria-hidden=\"true\" class=\"wp-block-spacer\"><\/div>\n\n\n\n<div class=\"wp-block-jetpack-layout-grid alignfull column1-desktop-grid__span-4 column1-desktop-grid__row-1 column2-desktop-grid__span-4 column2-desktop-grid__start-5 column2-desktop-grid__row-1 column3-desktop-grid__span-4 column3-desktop-grid__start-9 column3-desktop-grid__row-1 column1-tablet-grid__span-4 column1-tablet-grid__row-1 column2-tablet-grid__span-4 column2-tablet-grid__start-5 column2-tablet-grid__row-1 column3-tablet-grid__span-8 column3-tablet-grid__row-2 column1-mobile-grid__span-4 column1-mobile-grid__row-1 column2-mobile-grid__span-4 column2-mobile-grid__row-2 column3-mobile-grid__span-4 column3-mobile-grid__row-3\">\n<div class=\"wp-block-jetpack-layout-grid-column wp-block-jetpack-layout-grid__padding-none is-vertically-aligned-center\"><div class=\"wp-block-image\">\n<figure class=\"aligncenter size-large is-resized\"><img loading=\"lazy\" decoding=\"async\" width=\"1748\" height=\"2480\" src=\"https:\/\/nieczytelne.com\/wp-content\/uploads\/2022\/09\/index.png?w=722\" alt=\"\" class=\"wp-image-1365\" style=\"width:365px;height:512px\" srcset=\"https:\/\/nieczytelne.com\/wp-content\/uploads\/2022\/09\/index.png 1748w, https:\/\/nieczytelne.com\/wp-content\/uploads\/2022\/09\/index-211x300.png 211w, https:\/\/nieczytelne.com\/wp-content\/uploads\/2022\/09\/index-722x1024.png 722w, https:\/\/nieczytelne.com\/wp-content\/uploads\/2022\/09\/index-768x1090.png 768w, https:\/\/nieczytelne.com\/wp-content\/uploads\/2022\/09\/index-1083x1536.png 1083w, https:\/\/nieczytelne.com\/wp-content\/uploads\/2022\/09\/index-1444x2048.png 1444w\" sizes=\"auto, (max-width: 1748px) 100vw, 1748px\" \/><\/figure>\n<\/div>\n\n\n<div style=\"height:30px\" aria-hidden=\"true\" class=\"wp-block-spacer\"><\/div>\n\n\n\n<div class=\"wp-block-buttons is-layout-flex wp-block-buttons-is-layout-flex\">\n<div class=\"wp-block-button\"><a class=\"wp-block-button__link has-dark-gray-background-color has-background has-custom-font-size wp-element-button\" href=\"https:\/\/pl.anarchistlibraries.net\/library\/voltairine-de-cleyre-anarchizm\" style=\"border-radius:9px;font-size:11px\" target=\"_blank\" rel=\"noreferrer noopener\">Anarchobiblioteka<\/a><\/div>\n\n\n\n<div class=\"wp-block-button\"><a class=\"wp-block-button__link has-dark-gray-background-color has-background has-custom-font-size wp-element-button\" href=\"https:\/\/nieczytelne.com\/wp-content\/uploads\/2025\/09\/1.-anarchizm.pdf\" style=\"border-radius:9px;font-size:11px\" target=\"_blank\" rel=\"noreferrer noopener\">wersja do druku<\/a><\/div>\n\n\n\n<div class=\"wp-block-button\"><a class=\"wp-block-button__link has-dark-gray-background-color has-background has-custom-font-size wp-element-button\" href=\"https:\/\/nieczytelne.com\/wp-content\/uploads\/2022\/12\/anarchizm-okladka-a5.pdf\" style=\"border-radius:9px;font-size:11px\" target=\"_blank\" rel=\"noreferrer noopener\">Ok\u0142adka<\/a><\/div>\n<\/div>\n<\/div>\n\n\n\n<div class=\"wp-block-jetpack-layout-grid-column wp-block-jetpack-layout-grid__padding-none\">\n<p class=\"has-text-align-justify justuj\">Voltairine pokr\u00f3tce opisuje cztery szko\u0142y anarchistyczne i, cho\u0107 \u017cadna jej nie zaspokaja, akceptuje ka\u017cd\u0105, o ile ta nie narzuca nikomu swojej perspektywy. Zamiast skupia\u0107 si\u0119 na tym, czy ich poszczeg\u00f3lne propozycje s\u0105 prawid\u0142owe czy anarchistyczne, zwraca uwag\u0119 na to, jak ka\u017cda z nich wyra\u017ca ducha indywidualno\u015bci poszczeg\u00f3lnych os\u00f3b. Nie doradza robotnikom \u017cadnego programu ekonomicznego, a wzywa, by zrzucili kajdany niewoli, wzi\u0119li \u017cycie w swoje r\u0119ce i ponownie stali si\u0119 lud\u017ami. Bo tym w\u0142a\u015bnie jest dla niej tytu\u0142owy \u201eanarchizm\u201d \u2013 \u017cadn\u0105 skomplikowan\u0105 tez\u0105, a sposobem wyra\u017cania siebie w swojej w\u0142asnej walce o wolno\u015b\u0107.<\/p>\n\n\n\n<p>Cz\u0119\u015b\u0107 serii <a href=\"https:\/\/nieczytelne.com\/en\/nieklasycznie\/\" data-type=\"URL\" data-id=\"https:\/\/nieczytelne.com\/nieklasycznie\">Unclassically<\/a>.<\/p>\n<\/div>\n\n\n\n<div class=\"wp-block-jetpack-layout-grid-column wp-block-jetpack-layout-grid__padding-huge is-vertically-aligned-center\">\n<div class=\"wp-block-group\"><div class=\"wp-block-group__inner-container is-layout-flow wp-block-group-is-layout-flow\">\n<h6 class=\"wp-block-heading\" id=\"block-977c1639-b9ec-4a5b-b5e3-9df75a1f07ad\"><img decoding=\"async\" src=\"https:\/\/nieczytelne.com\/wp-content\/uploads\/2022\/01\/quotation2.png\" alt=\"\" style=\"width:30px\"><\/h6>\n\n\n\n<h6 class=\"wp-block-heading has-text-align-center has-dark-gray-color has-text-color\" id=\"zbrodnia-jest-antypolitycznym-pragnieniem-ponownym-odkrywaniem-zdolnosci-naszych-cial-i-woli-zycia-insurekcja-nigdy-nie-bedzie-polityczna-dzialalnoscia-rewolucjonistow-bo-jest-przestepcza-dzialalnoscia-w-drodze-do-stawania-sie-czlowiekiem\" style=\"font-size:15px;font-style:normal;font-weight:400\">To w\u0142a\u015bnie jest konkretna wiadomo\u015b\u0107 Anarchizmu do robotnika. Nie jest to system ekonomiczny (\u2026) B\u0105d\u017acie przede wszystkim lud\u017ami, m\u00f3wi, lud\u017ami niezakutymi w kajdany niewoli przez rzeczy, kt\u00f3re tworzycie. Niech wasz\u0105 ewangeli\u0105 b\u0119dzie: &#8222;Rzeczy dla ludzi, nie ludzie dla rzeczy&#8221;.<\/h6>\n\n\n\n<div style=\"height:1px\" aria-hidden=\"true\" class=\"wp-block-spacer\"><\/div>\n\n\n\n<h6 class=\"wp-block-heading has-text-align-right\" id=\"block-977c1639-b9ec-4a5b-b5e3-9df75a1f07ad\"><img decoding=\"async\" style=\"width:30px\" src=\"https:\/\/nieczytelne.com\/wp-content\/uploads\/2022\/01\/qutation1.png\" alt=\"\"><\/h6>\n<\/div><\/div>\n<\/div>\n<\/div>","protected":false},"excerpt":{"rendered":"<p>anarchizm Voltairine de Cleyre Voltairine pokr\u00f3tce opisuje cztery szko\u0142y anarchistyczne i, cho\u0107 \u017cadna jej nie zaspokaja, akceptuje ka\u017cd\u0105, o ile ta nie narzuca nikomu swojej perspektywy. Zamiast skupia\u0107 si\u0119 na tym, czy ich poszczeg\u00f3lne propozycje s\u0105 prawid\u0142owe czy anarchistyczne, zwraca uwag\u0119 na to, jak ka\u017cda z nich wyra\u017ca ducha indywidualno\u015bci poszczeg\u00f3lnych os\u00f3b. Nie doradza robotnikom &hellip; <a href=\"https:\/\/nieczytelne.com\/en\/wydania\/anarchizm\/\" class=\"more-link\">Continue reading <span class=\"screen-reader-text\">Anarchism<\/span><\/a><\/p>","protected":false},"author":1,"featured_media":0,"parent":160,"menu_order":0,"comment_status":"closed","ping_status":"closed","template":"","meta":{"_monsterinsights_skip_tracking":false,"_monsterinsights_sitenote_active":false,"_monsterinsights_sitenote_note":"","_monsterinsights_sitenote_category":0,"footnotes":""},"class_list":["post-1364","page","type-page","status-publish","hentry","no-featured-image"],"_links":{"self":[{"href":"https:\/\/nieczytelne.com\/en\/wp-json\/wp\/v2\/pages\/1364","targetHints":{"allow":["GET"]}}],"collection":[{"href":"https:\/\/nieczytelne.com\/en\/wp-json\/wp\/v2\/pages"}],"about":[{"href":"https:\/\/nieczytelne.com\/en\/wp-json\/wp\/v2\/types\/page"}],"author":[{"embeddable":true,"href":"https:\/\/nieczytelne.com\/en\/wp-json\/wp\/v2\/users\/1"}],"replies":[{"embeddable":true,"href":"https:\/\/nieczytelne.com\/en\/wp-json\/wp\/v2\/comments?post=1364"}],"version-history":[{"count":10,"href":"https:\/\/nieczytelne.com\/en\/wp-json\/wp\/v2\/pages\/1364\/revisions"}],"predecessor-version":[{"id":5679,"href":"https:\/\/nieczytelne.com\/en\/wp-json\/wp\/v2\/pages\/1364\/revisions\/5679"}],"up":[{"embeddable":true,"href":"https:\/\/nieczytelne.com\/en\/wp-json\/wp\/v2\/pages\/160"}],"wp:attachment":[{"href":"https:\/\/nieczytelne.com\/en\/wp-json\/wp\/v2\/media?parent=1364"}],"curies":[{"name":"wp","href":"https:\/\/api.w.org\/{rel}","templated":true}]}}