{"id":1407,"date":"2022-10-01T01:19:31","date_gmt":"2022-09-30T23:19:31","guid":{"rendered":"https:\/\/nieczytelne.wordpress.com\/?page_id=1407"},"modified":"2025-09-23T12:17:12","modified_gmt":"2025-09-23T10:17:12","slug":"inne-zycie","status":"publish","type":"page","link":"https:\/\/nieczytelne.com\/en\/inne-zycie\/","title":{"rendered":"ANOTHER life"},"content":{"rendered":"<div class=\"wp-block-jetpack-layout-grid alignfull column1-desktop-grid__span-4 column1-desktop-grid__row-1 column2-desktop-grid__span-4 column2-desktop-grid__start-5 column2-desktop-grid__row-1 column3-desktop-grid__span-4 column3-desktop-grid__start-9 column3-desktop-grid__row-1 column1-tablet-grid__span-4 column1-tablet-grid__row-1 column2-tablet-grid__span-4 column2-tablet-grid__start-5 column2-tablet-grid__row-1 column3-tablet-grid__span-8 column3-tablet-grid__row-2 column1-mobile-grid__span-4 column1-mobile-grid__row-1 column2-mobile-grid__span-4 column2-mobile-grid__row-2 column3-mobile-grid__span-4 column3-mobile-grid__row-3 wp-block-jetpack-layout-gutter__huge\">\n<div class=\"wp-block-jetpack-layout-grid-column wp-block-jetpack-layout-grid__padding-none\">\n<h2 class=\"wp-block-heading has-black-color has-text-color has-x-large-font-size\" style=\"text-transform:uppercase\">ANOTHER life<\/h2>\n<\/div>\n\n\n\n<div class=\"wp-block-jetpack-layout-grid-column wp-block-jetpack-layout-grid__padding-none is-vertically-aligned-top\">\n<h3 class=\"wp-block-heading has-text-align-left has-text-color\" style=\"color:#fef6e3;font-size:25px\"><strong>How to find yourself in the present?<\/strong><\/h3>\n<\/div>\n\n\n\n<div class=\"wp-block-jetpack-layout-grid-column wp-block-jetpack-layout-grid__padding-none is-vertically-aligned-top\">\n<h3 class=\"wp-block-heading has-text-align-right has-text-color\" style=\"color:#fef6e3;font-size:25px\"><strong>How to bring out its radical capabilities? <\/strong><\/h3>\n<\/div>\n<\/div>\n\n\n\n<div style=\"height:30px\" aria-hidden=\"true\" class=\"wp-block-spacer\"><\/div>\n\n\n\n<div class=\"wp-block-jetpack-layout-grid alignfull column1-desktop-grid__span-4 column1-desktop-grid__row-1 column2-desktop-grid__span-4 column2-desktop-grid__start-5 column2-desktop-grid__row-1 column3-desktop-grid__span-4 column3-desktop-grid__start-9 column3-desktop-grid__row-1 column1-tablet-grid__span-4 column1-tablet-grid__row-1 column2-tablet-grid__span-4 column2-tablet-grid__start-5 column2-tablet-grid__row-1 column3-tablet-grid__span-8 column3-tablet-grid__row-2 column1-mobile-grid__span-4 column1-mobile-grid__row-1 column2-mobile-grid__span-4 column2-mobile-grid__row-2 column3-mobile-grid__span-4 column3-mobile-grid__row-3 wp-block-jetpack-layout-gutter__huge\">\n<div class=\"wp-block-jetpack-layout-grid-column wp-block-jetpack-layout-grid__padding-none is-vertically-aligned-center\">\n<figure class=\"wp-block-image size-large\"><img loading=\"lazy\" decoding=\"async\" width=\"1348\" height=\"2000\" src=\"https:\/\/nieczytelne.com\/wp-content\/uploads\/2022\/10\/untitled2-4.png?w=690\" alt=\"\" class=\"wp-image-2096\" srcset=\"https:\/\/nieczytelne.com\/wp-content\/uploads\/2022\/10\/untitled2-4.png 1348w, https:\/\/nieczytelne.com\/wp-content\/uploads\/2022\/10\/untitled2-4-202x300.png 202w, https:\/\/nieczytelne.com\/wp-content\/uploads\/2022\/10\/untitled2-4-690x1024.png 690w, https:\/\/nieczytelne.com\/wp-content\/uploads\/2022\/10\/untitled2-4-768x1139.png 768w, https:\/\/nieczytelne.com\/wp-content\/uploads\/2022\/10\/untitled2-4-1035x1536.png 1035w\" sizes=\"auto, (max-width: 1348px) 100vw, 1348px\" \/><\/figure>\n\n\n\n<div style=\"height:15px\" aria-hidden=\"true\" class=\"wp-block-spacer\"><\/div>\n\n\n\n<div class=\"wp-block-buttons is-content-justification-center is-layout-flex wp-container-core-buttons-is-layout-16018d1d wp-block-buttons-is-layout-flex\">\n<div class=\"wp-block-button is-style-outline is-style-outline--1\"><a class=\"wp-block-button__link has-text-color wp-element-button\" href=\"#wydania\" style=\"color:#fef6e3\">printworks<\/a><\/div>\n\n\n\n<div class=\"wp-block-button is-style-outline is-style-outline--2\"><a class=\"wp-block-button__link has-text-color wp-element-button\" href=\"#artykuly\" style=\"color:#fef6e3\">articles<\/a><\/div>\n<\/div>\n<\/div>\n\n\n\n<div class=\"wp-block-jetpack-layout-grid-column wp-block-jetpack-layout-grid__padding-none\">\n<p class=\"has-text-align-justify justuj translation-block\" style=\"font-size:19px\">The vision of Revolution haunts anti-capitalist theory. If it is believed that the World and life cannot be changed for the time being (without risking reformyism) then the only hope indeed lies in the Revolutionary Masses peering over the horizon of the future. The future, however, is a false promise; real change does not belong to it, rather, it is already occurring. Everything <\/em>is already here<\/em>, here and now: other lives and other worlds.<br><br><em>There are<\/em> as many ways to fight the current order, as many unique possibilities, as many different conditions of life - queer, domesticated, wild, trapped, nomadic, indigenous, and so on. They may not have the seeds of a future society, but there are certainly the ingredients needed to destroy it. By dismantling the ways in which our lives are conditioned and managed, something completely different can grow up here and now.<\/p>\n<\/div>\n\n\n\n<div class=\"wp-block-jetpack-layout-grid-column wp-block-jetpack-layout-grid__padding-none\">\n<p class=\"has-text-align-justify justuj translation-block\" style=\"font-size:19px\"><em>Then there is<\/em> how we ourselves live. Everything matters: where do we live, according to what rhythms we function, where do we get our food from, how do we take care of ourselves, how do we live with our friends and how do we approach our enemies. All of these things add up to <em>ways<\/em> of living that really make a difference. They surpass all the achievements and gains of past Revolutions and allow us to join in those <em>already underway.<\/em><br><br>In contrast, instead of one global capitalist world, <em>there are<\/em> many worlds constantly at war with each other. Some of them are hostile and fit only for destruction, while others are friendly. To say \"all reality is capitalist\" and wait for the Revolution is resignation in the face of these current-revolutionary other realities. Our \"other worlds\" are not \"possible,\" - they already exist, here and now. You can find yourself through them and <em>live<\/em> - differently.<\/p>\n<\/div>\n<\/div>\n\n\n\n<div class=\"wp-block-jetpack-layout-grid alignfull column1-desktop-grid__span-4 column1-desktop-grid__row-1 column2-desktop-grid__span-4 column2-desktop-grid__start-5 column2-desktop-grid__row-1 column3-desktop-grid__span-4 column3-desktop-grid__start-9 column3-desktop-grid__row-1 column1-tablet-grid__span-4 column1-tablet-grid__row-1 column2-tablet-grid__span-4 column2-tablet-grid__start-5 column2-tablet-grid__row-1 column3-tablet-grid__span-8 column3-tablet-grid__row-2 column1-mobile-grid__span-4 column1-mobile-grid__row-1 column2-mobile-grid__span-4 column2-mobile-grid__row-2 column3-mobile-grid__span-4 column3-mobile-grid__row-3 wp-block-jetpack-layout-gutter__huge\">\n<div class=\"wp-block-jetpack-layout-grid-column wp-block-jetpack-layout-grid__padding-none\"><\/div>\n\n\n\n<div class=\"wp-block-jetpack-layout-grid-column wp-block-jetpack-layout-grid__padding-none is-vertically-aligned-top\">\n<h3 class=\"wp-block-heading has-text-align-left has-text-color\" style=\"color:#fef6e3;font-size:25px\"><strong>What can revolution be today?<\/strong><\/h3>\n<\/div>\n\n\n\n<div class=\"wp-block-jetpack-layout-grid-column wp-block-jetpack-layout-grid__padding-none is-vertically-aligned-center\">\n<h3 class=\"wp-block-heading has-text-align-right has-text-color\" style=\"color:#fef6e3;font-size:25px\"><strong><strong><strong>What does the end of the World mean for our worlds?<\/strong><\/strong><\/strong><\/h3>\n<\/div>\n<\/div>\n\n\n\n<div class=\"wp-block-group alignfull\"><div class=\"wp-block-group__inner-container is-layout-constrained wp-block-group-is-layout-constrained\">\n<div style=\"height:30px\" aria-hidden=\"true\" class=\"wp-block-spacer\"><\/div>\n\n\n\n<h2 class=\"wp-block-heading alignfull has-text-align-center has-x-large-font-size\" id=\"wydania\" style=\"text-transform:uppercase\">printworks<\/h2>\n\n\n\n<hr class=\"wp-block-separator aligncenter has-alpha-channel-opacity\"\/>\n\n\n\n<div style=\"height:30px\" aria-hidden=\"true\" class=\"wp-block-spacer\"><\/div>\n\n\n\n<div class=\"wp-block-jetpack-layout-grid alignfull column1-desktop-grid__span-3 column1-desktop-grid__row-1 column2-desktop-grid__span-3 column2-desktop-grid__start-4 column2-desktop-grid__row-1 column3-desktop-grid__span-3 column3-desktop-grid__start-7 column3-desktop-grid__row-1 column4-desktop-grid__span-3 column4-desktop-grid__start-10 column4-desktop-grid__row-1 column1-tablet-grid__span-4 column1-tablet-grid__row-1 column2-tablet-grid__span-4 column2-tablet-grid__start-5 column2-tablet-grid__row-1 column3-tablet-grid__span-4 column3-tablet-grid__row-2 column4-tablet-grid__span-4 column4-tablet-grid__start-5 column4-tablet-grid__row-2 column1-mobile-grid__span-4 column1-mobile-grid__row-1 column2-mobile-grid__span-4 column2-mobile-grid__row-2 column3-mobile-grid__span-4 column3-mobile-grid__row-3 column4-mobile-grid__span-4 column4-mobile-grid__row-4 wp-block-jetpack-layout-gutter__huge\">\n<div class=\"wp-block-jetpack-layout-grid-column wp-block-jetpack-layout-grid__padding-medium is-vertically-aligned-center\"><div class=\"wp-block-image is-resized\">\n<figure class=\"aligncenter size-large\"><a href=\"https:\/\/nieczytelne.com\/en\/wydania\/dziwne-konstelacje\/\"><img loading=\"lazy\" decoding=\"async\" width=\"726\" height=\"1024\" src=\"https:\/\/nieczytelne.com\/wp-content\/uploads\/2023\/12\/Konstelacje-okladka-726x1024.jpg\" alt=\"\" class=\"wp-image-5017\" srcset=\"https:\/\/nieczytelne.com\/wp-content\/uploads\/2023\/12\/Konstelacje-okladka-726x1024.jpg 726w, https:\/\/nieczytelne.com\/wp-content\/uploads\/2023\/12\/Konstelacje-okladka-213x300.jpg 213w, https:\/\/nieczytelne.com\/wp-content\/uploads\/2023\/12\/Konstelacje-okladka-768x1083.jpg 768w, https:\/\/nieczytelne.com\/wp-content\/uploads\/2023\/12\/Konstelacje-okladka-1090x1536.jpg 1090w, https:\/\/nieczytelne.com\/wp-content\/uploads\/2023\/12\/Konstelacje-okladka-9x12.jpg 9w, https:\/\/nieczytelne.com\/wp-content\/uploads\/2023\/12\/Konstelacje-okladka-1080x1522.jpg 1080w, https:\/\/nieczytelne.com\/wp-content\/uploads\/2023\/12\/Konstelacje-okladka.jpg 1240w\" sizes=\"auto, (max-width: 726px) 100vw, 726px\" \/><\/a><\/figure>\n<\/div><\/div>\n\n\n\n<div class=\"wp-block-jetpack-layout-grid-column wp-block-jetpack-layout-grid__padding-medium is-vertically-aligned-center\"><div class=\"wp-block-image is-resized\">\n<figure class=\"aligncenter size-large\"><a href=\"https:\/\/nieczytelne.com\/en\/wydania\/przeciwko-formie-pary\/\"><img loading=\"lazy\" decoding=\"async\" width=\"1210\" height=\"1708\" src=\"https:\/\/nieczytelne.com\/wp-content\/uploads\/2022\/12\/przeciwko-formie-pary-okladka-1-1.png?w=725\" alt=\"\" class=\"wp-image-2817\" srcset=\"https:\/\/nieczytelne.com\/wp-content\/uploads\/2022\/12\/przeciwko-formie-pary-okladka-1-1.png 1210w, https:\/\/nieczytelne.com\/wp-content\/uploads\/2022\/12\/przeciwko-formie-pary-okladka-1-1-213x300.png 213w, https:\/\/nieczytelne.com\/wp-content\/uploads\/2022\/12\/przeciwko-formie-pary-okladka-1-1-725x1024.png 725w, https:\/\/nieczytelne.com\/wp-content\/uploads\/2022\/12\/przeciwko-formie-pary-okladka-1-1-768x1084.png 768w, https:\/\/nieczytelne.com\/wp-content\/uploads\/2022\/12\/przeciwko-formie-pary-okladka-1-1-1088x1536.png 1088w\" sizes=\"auto, (max-width: 1210px) 100vw, 1210px\" \/><\/a><\/figure>\n<\/div><\/div>\n\n\n\n<div class=\"wp-block-jetpack-layout-grid-column wp-block-jetpack-layout-grid__padding-medium is-vertically-aligned-center\"><div class=\"wp-block-image is-resized is-style-default\">\n<figure class=\"aligncenter size-large\"><a href=\"https:\/\/nieczytelne.com\/en\/wydania\/3-tezy-przeciwko-wiezieniom\/\"><img loading=\"lazy\" decoding=\"async\" width=\"1748\" height=\"2480\" src=\"https:\/\/nieczytelne.com\/wp-content\/uploads\/2022\/02\/untitled.png?w=712\" alt=\"\" class=\"wp-image-1083\" srcset=\"https:\/\/nieczytelne.com\/wp-content\/uploads\/2022\/02\/untitled.png 1748w, https:\/\/nieczytelne.com\/wp-content\/uploads\/2022\/02\/untitled-211x300.png 211w, https:\/\/nieczytelne.com\/wp-content\/uploads\/2022\/02\/untitled-722x1024.png 722w, https:\/\/nieczytelne.com\/wp-content\/uploads\/2022\/02\/untitled-768x1090.png 768w, https:\/\/nieczytelne.com\/wp-content\/uploads\/2022\/02\/untitled-1083x1536.png 1083w, https:\/\/nieczytelne.com\/wp-content\/uploads\/2022\/02\/untitled-1444x2048.png 1444w\" sizes=\"auto, (max-width: 1748px) 100vw, 1748px\" \/><\/a><\/figure>\n<\/div><\/div>\n\n\n\n<div class=\"wp-block-jetpack-layout-grid-column wp-block-jetpack-layout-grid__padding-medium is-vertically-aligned-center\"><div class=\"wp-block-image is-resized is-style-default\">\n<figure class=\"aligncenter size-large\"><a href=\"https:\/\/nieczytelne.com\/en\/wydania\/wyrzucajac-sie\/\"><img loading=\"lazy\" decoding=\"async\" width=\"799\" height=\"1123\" src=\"https:\/\/nieczytelne.com\/wp-content\/uploads\/2022\/01\/wyrzucajac-okladka-front.png?w=729\" alt=\"\" class=\"wp-image-159\" srcset=\"https:\/\/nieczytelne.com\/wp-content\/uploads\/2022\/01\/wyrzucajac-okladka-front.png 799w, https:\/\/nieczytelne.com\/wp-content\/uploads\/2022\/01\/wyrzucajac-okladka-front-213x300.png 213w, https:\/\/nieczytelne.com\/wp-content\/uploads\/2022\/01\/wyrzucajac-okladka-front-729x1024.png 729w, https:\/\/nieczytelne.com\/wp-content\/uploads\/2022\/01\/wyrzucajac-okladka-front-768x1079.png 768w\" sizes=\"auto, (max-width: 799px) 100vw, 799px\" \/><\/a><\/figure>\n<\/div><\/div>\n<\/div>\n\n\n\n<div class=\"wp-block-jetpack-layout-grid alignfull column1-desktop-grid__span-3 column1-desktop-grid__row-1 column2-desktop-grid__span-3 column2-desktop-grid__start-4 column2-desktop-grid__row-1 column3-desktop-grid__span-3 column3-desktop-grid__start-7 column3-desktop-grid__row-1 column4-desktop-grid__span-3 column4-desktop-grid__start-10 column4-desktop-grid__row-1 column1-tablet-grid__span-4 column1-tablet-grid__row-1 column2-tablet-grid__span-4 column2-tablet-grid__start-5 column2-tablet-grid__row-1 column3-tablet-grid__span-4 column3-tablet-grid__row-2 column4-tablet-grid__span-4 column4-tablet-grid__start-5 column4-tablet-grid__row-2 column1-mobile-grid__span-4 column1-mobile-grid__row-1 column2-mobile-grid__span-4 column2-mobile-grid__row-2 column3-mobile-grid__span-4 column3-mobile-grid__row-3 column4-mobile-grid__span-4 column4-mobile-grid__row-4 wp-block-jetpack-layout-gutter__huge\">\n<div class=\"wp-block-jetpack-layout-grid-column wp-block-jetpack-layout-grid__padding-medium is-vertically-aligned-center\">\n<figure class=\"wp-block-image size-full is-resized\"><a href=\"https:\/\/nieczytelne.com\/en\/wydania\/anarchia-w-erze-dinozaurow\/\"><img loading=\"lazy\" decoding=\"async\" width=\"2480\" height=\"3508\" src=\"https:\/\/nieczytelne.com\/wp-content\/uploads\/2023\/06\/index.png\" alt=\"\" class=\"wp-image-4660\" srcset=\"https:\/\/nieczytelne.com\/wp-content\/uploads\/2023\/06\/index.png 2480w, https:\/\/nieczytelne.com\/wp-content\/uploads\/2023\/06\/index-212x300.png 212w, https:\/\/nieczytelne.com\/wp-content\/uploads\/2023\/06\/index-724x1024.png 724w, https:\/\/nieczytelne.com\/wp-content\/uploads\/2023\/06\/index-768x1086.png 768w, https:\/\/nieczytelne.com\/wp-content\/uploads\/2023\/06\/index-1086x1536.png 1086w, https:\/\/nieczytelne.com\/wp-content\/uploads\/2023\/06\/index-1448x2048.png 1448w, https:\/\/nieczytelne.com\/wp-content\/uploads\/2023\/06\/index-8x12.png 8w, https:\/\/nieczytelne.com\/wp-content\/uploads\/2023\/06\/index-1080x1528.png 1080w\" sizes=\"auto, (max-width: 2480px) 100vw, 2480px\" \/><\/a><\/figure>\n<\/div>\n\n\n\n<div class=\"wp-block-jetpack-layout-grid-column wp-block-jetpack-layout-grid__padding-medium is-vertically-aligned-center\"><\/div>\n\n\n\n<div class=\"wp-block-jetpack-layout-grid-column wp-block-jetpack-layout-grid__padding-medium is-vertically-aligned-center\"><\/div>\n\n\n\n<div class=\"wp-block-jetpack-layout-grid-column wp-block-jetpack-layout-grid__padding-none is-vertically-aligned-center\"><\/div>\n<\/div>\n<\/div><\/div>\n\n\n\n<div class=\"wp-block-group alignfull\"><div class=\"wp-block-group__inner-container is-layout-constrained wp-block-group-is-layout-constrained\">\n<div style=\"height:30px\" aria-hidden=\"true\" class=\"wp-block-spacer\"><\/div>\n\n\n\n<h2 class=\"wp-block-heading alignfull has-text-align-center has-x-large-font-size\" id=\"artykuly\" style=\"text-transform:uppercase\">Articles<\/h2>\n\n\n\n<hr class=\"wp-block-separator aligncenter has-alpha-channel-opacity\"\/>\n\n\n\n<div style=\"height:30px\" aria-hidden=\"true\" class=\"wp-block-spacer\"><\/div>\n\n\n\n<div class=\"wp-block-jetpack-layout-grid column1-desktop-grid__span-3 column1-desktop-grid__row-1 column2-desktop-grid__span-3 column2-desktop-grid__start-4 column2-desktop-grid__row-1 column3-desktop-grid__span-3 column3-desktop-grid__start-7 column3-desktop-grid__row-1 column4-desktop-grid__span-3 column4-desktop-grid__start-10 column4-desktop-grid__row-1 column1-tablet-grid__span-4 column1-tablet-grid__row-1 column2-tablet-grid__span-4 column2-tablet-grid__start-5 column2-tablet-grid__row-1 column3-tablet-grid__span-4 column3-tablet-grid__row-2 column4-tablet-grid__span-4 column4-tablet-grid__start-5 column4-tablet-grid__row-2 column1-mobile-grid__span-4 column1-mobile-grid__row-1 column2-mobile-grid__span-4 column2-mobile-grid__row-2 column3-mobile-grid__span-4 column3-mobile-grid__row-3 column4-mobile-grid__span-4 column4-mobile-grid__row-4 wp-block-jetpack-layout-gutter__huge\">\n<div class=\"wp-block-jetpack-layout-grid-column wp-block-jetpack-layout-grid__padding-none\">\n<div class=\"wp-block-group\"><div class=\"wp-block-group__inner-container is-layout-constrained wp-block-group-is-layout-constrained\">\n<figure class=\"wp-block-image size-large\"><a href=\"https:\/\/nieczytelne.com\/en\/2022\/11\/08\/zaszyc-sie-w-norze\/\"><img loading=\"lazy\" decoding=\"async\" width=\"1024\" height=\"571\" src=\"https:\/\/nieczytelne.com\/wp-content\/uploads\/2022\/11\/nora-featured-1024x571.jpg\" alt=\"\" class=\"wp-image-2576\" srcset=\"https:\/\/nieczytelne.com\/wp-content\/uploads\/2022\/11\/nora-featured-1024x571.jpg 1024w, https:\/\/nieczytelne.com\/wp-content\/uploads\/2022\/11\/nora-featured-300x167.jpg 300w, https:\/\/nieczytelne.com\/wp-content\/uploads\/2022\/11\/nora-featured-768x428.jpg 768w, https:\/\/nieczytelne.com\/wp-content\/uploads\/2022\/11\/nora-featured-1536x857.jpg 1536w, https:\/\/nieczytelne.com\/wp-content\/uploads\/2022\/11\/nora-featured-2048x1142.jpg 2048w\" sizes=\"auto, (max-width: 1024px) 100vw, 1024px\" \/><\/a><\/figure>\n\n\n\n<h5 class=\"wp-block-heading\"><a href=\"https:\/\/nieczytelne.wordpress.com\/2023\/03\/25\/powrot-nieporzadku-o-ostatnich-starciach-we-francji\/\"><\/a><a href=\"https:\/\/nieczytelne.com\/en\/2022\/11\/08\/zaszyc-sie-w-norze\/\" data-type=\"URL\" data-id=\"https:\/\/nieczytelne.com\/2022\/11\/08\/zaszyc-sie-w-norze\/\">To hole up in Nora<\/a><\/h5>\n<\/div><\/div>\n<\/div>\n\n\n\n<div class=\"wp-block-jetpack-layout-grid-column wp-block-jetpack-layout-grid__padding-none\">\n<div class=\"wp-block-group\"><div class=\"wp-block-group__inner-container is-layout-constrained wp-block-group-is-layout-constrained\">\n<figure class=\"wp-block-image size-large\"><a href=\"https:\/\/nieczytelne.com\/en\/2022\/03\/25\/zad-komuna-metropolia\/\"><img loading=\"lazy\" decoding=\"async\" width=\"1024\" height=\"576\" src=\"https:\/\/nieczytelne.com\/wp-content\/uploads\/2022\/03\/sztuka-polityki-2-1024x576.jpg\" alt=\"\" class=\"wp-image-1101\" srcset=\"https:\/\/nieczytelne.com\/wp-content\/uploads\/2022\/03\/sztuka-polityki-2-1024x576.jpg 1024w, https:\/\/nieczytelne.com\/wp-content\/uploads\/2022\/03\/sztuka-polityki-2-300x169.jpg 300w, https:\/\/nieczytelne.com\/wp-content\/uploads\/2022\/03\/sztuka-polityki-2-768x432.jpg 768w, https:\/\/nieczytelne.com\/wp-content\/uploads\/2022\/03\/sztuka-polityki-2.jpg 1120w\" sizes=\"auto, (max-width: 1024px) 100vw, 1024px\" \/><\/a><\/figure>\n\n\n\n<h5 class=\"wp-block-heading\"><a href=\"https:\/\/nieczytelne.wordpress.com\/2023\/03\/25\/powrot-nieporzadku-o-ostatnich-starciach-we-francji\/\"><\/a><a href=\"https:\/\/nieczytelne.wordpress.com\/2023\/03\/19\/wiralnosc-przeciwko-podstawowej-jednostce-zycia\/\"><\/a><a href=\"https:\/\/nieczytelne.com\/en\/2022\/03\/25\/zad-komuna-metropolia\/\" data-type=\"URL\" data-id=\"https:\/\/nieczytelne.com\/2022\/03\/25\/zad-komuna-metropolia\/\">ZAD, commune, Metropolis<\/a><\/h5>\n<\/div><\/div>\n<\/div>\n\n\n\n<div class=\"wp-block-jetpack-layout-grid-column wp-block-jetpack-layout-grid__padding-none\">\n<div class=\"wp-block-group\"><div class=\"wp-block-group__inner-container is-layout-constrained wp-block-group-is-layout-constrained\">\n<figure class=\"wp-block-image size-large\"><a href=\"https:\/\/nieczytelne.com\/en\/2022\/01\/27\/sztuka-polityki\/\"><img loading=\"lazy\" decoding=\"async\" width=\"1024\" height=\"576\" src=\"https:\/\/nieczytelne.com\/wp-content\/uploads\/2022\/01\/sztuka-polityki-2-1024x576.jpg\" alt=\"\" class=\"wp-image-1046\" srcset=\"https:\/\/nieczytelne.com\/wp-content\/uploads\/2022\/01\/sztuka-polityki-2-1024x576.jpg 1024w, https:\/\/nieczytelne.com\/wp-content\/uploads\/2022\/01\/sztuka-polityki-2-300x169.jpg 300w, https:\/\/nieczytelne.com\/wp-content\/uploads\/2022\/01\/sztuka-polityki-2-768x432.jpg 768w, https:\/\/nieczytelne.com\/wp-content\/uploads\/2022\/01\/sztuka-polityki-2.jpg 1120w\" sizes=\"auto, (max-width: 1024px) 100vw, 1024px\" \/><\/a><\/figure>\n\n\n\n<h5 class=\"wp-block-heading\"><a href=\"https:\/\/nieczytelne.wordpress.com\/2023\/03\/25\/powrot-nieporzadku-o-ostatnich-starciach-we-francji\/\"><\/a><a href=\"https:\/\/nieczytelne.wordpress.com\/2023\/03\/19\/wiralnosc-przeciwko-podstawowej-jednostce-zycia\/\"><\/a><a href=\"https:\/\/nieczytelne.wordpress.com\/2023\/03\/08\/zawsze-dla-anarchii-ostatni-list-alfredo-cospito\/\"><\/a><a href=\"https:\/\/nieczytelne.com\/en\/2022\/01\/27\/sztuka-polityki\/\" data-type=\"URL\" data-id=\"https:\/\/nieczytelne.com\/2022\/01\/27\/sztuka-polityki\/\">The Art of politics<\/a><\/h5>\n<\/div><\/div>\n<\/div>\n\n\n\n<div class=\"wp-block-jetpack-layout-grid-column wp-block-jetpack-layout-grid__padding-none\"><\/div>\n<\/div>\n<\/div><\/div>\n\n\n\n<p><\/p>","protected":false},"excerpt":{"rendered":"<p>Inne \u017cycie Jak odnale\u017a\u0107 si\u0119 w tera\u017aniejszo\u015bci? Jak wydoby\u0107 z niej radykalne mo\u017cliwo\u015bci? Wizja Rewolucji nawiedza teori\u0119 antykapitalistyczn\u0105. Je\u015bli uwa\u017ca si\u0119, \u017ce \u015awiata i \u017cycia na razie nie da zmieni\u0107 (nie ryzykuj\u0105c reformizmem) to jedyna nadzieja rzeczywi\u015bcie le\u017cy w Rewolucyjnych Masach majacz\u0105cych na horyzoncie przysz\u0142o\u015bci. Przysz\u0142o\u015b\u0107 to jednak fa\u0142szywa obietnica; prawdziwa zmiana do niej nie &hellip; <a href=\"https:\/\/nieczytelne.com\/en\/inne-zycie\/\" class=\"more-link\">Continue reading <span class=\"screen-reader-text\">ANOTHER life<\/span><\/a><\/p>","protected":false},"author":1,"featured_media":0,"parent":0,"menu_order":0,"comment_status":"closed","ping_status":"closed","template":"","meta":{"_monsterinsights_skip_tracking":false,"_monsterinsights_sitenote_active":false,"_monsterinsights_sitenote_note":"","_monsterinsights_sitenote_category":0,"footnotes":""},"class_list":["post-1407","page","type-page","status-publish","hentry","no-featured-image"],"_links":{"self":[{"href":"https:\/\/nieczytelne.com\/en\/wp-json\/wp\/v2\/pages\/1407","targetHints":{"allow":["GET"]}}],"collection":[{"href":"https:\/\/nieczytelne.com\/en\/wp-json\/wp\/v2\/pages"}],"about":[{"href":"https:\/\/nieczytelne.com\/en\/wp-json\/wp\/v2\/types\/page"}],"author":[{"embeddable":true,"href":"https:\/\/nieczytelne.com\/en\/wp-json\/wp\/v2\/users\/1"}],"replies":[{"embeddable":true,"href":"https:\/\/nieczytelne.com\/en\/wp-json\/wp\/v2\/comments?post=1407"}],"version-history":[{"count":28,"href":"https:\/\/nieczytelne.com\/en\/wp-json\/wp\/v2\/pages\/1407\/revisions"}],"predecessor-version":[{"id":5705,"href":"https:\/\/nieczytelne.com\/en\/wp-json\/wp\/v2\/pages\/1407\/revisions\/5705"}],"wp:attachment":[{"href":"https:\/\/nieczytelne.com\/en\/wp-json\/wp\/v2\/media?parent=1407"}],"curies":[{"name":"wp","href":"https:\/\/api.w.org\/{rel}","templated":true}]}}