{"id":1410,"date":"2022-10-01T01:19:11","date_gmt":"2022-09-30T23:19:11","guid":{"rendered":"https:\/\/nieczytelne.wordpress.com\/?page_id=1410"},"modified":"2025-09-23T12:19:51","modified_gmt":"2025-09-23T10:19:51","slug":"nieklasycznie","status":"publish","type":"page","link":"https:\/\/nieczytelne.com\/en\/nieklasycznie\/","title":{"rendered":"Unclassically"},"content":{"rendered":"<div class=\"wp-block-group alignfull\"><div class=\"wp-block-group__inner-container is-layout-constrained wp-block-group-is-layout-constrained\">\n<div class=\"wp-block-jetpack-layout-grid alignfull column1-desktop-grid__span-4 column1-desktop-grid__row-1 column2-desktop-grid__span-4 column2-desktop-grid__start-5 column2-desktop-grid__row-1 column3-desktop-grid__span-4 column3-desktop-grid__start-9 column3-desktop-grid__row-1 column1-tablet-grid__span-4 column1-tablet-grid__row-1 column2-tablet-grid__span-4 column2-tablet-grid__start-5 column2-tablet-grid__row-1 column3-tablet-grid__span-8 column3-tablet-grid__row-2 column1-mobile-grid__span-4 column1-mobile-grid__row-1 column2-mobile-grid__span-4 column2-mobile-grid__row-2 column3-mobile-grid__span-4 column3-mobile-grid__row-3 wp-block-jetpack-layout-gutter__huge\">\n<div class=\"wp-block-jetpack-layout-grid-column wp-block-jetpack-layout-grid__padding-none\">\n<h2 class=\"wp-block-heading has-x-large-font-size\" style=\"text-transform:uppercase\">Unclassically<\/h2>\n<\/div>\n\n\n\n<div class=\"wp-block-jetpack-layout-grid-column wp-block-jetpack-layout-grid__padding-none is-vertically-aligned-top\">\n<h3 class=\"wp-block-heading has-text-align-left has-text-color\" style=\"color:#fef6e3;font-size:25px\"><strong>What can the non-classics tell us? <\/strong><\/h3>\n<\/div>\n\n\n\n<div class=\"wp-block-jetpack-layout-grid-column wp-block-jetpack-layout-grid__padding-none is-vertically-aligned-top\">\n<h3 class=\"wp-block-heading has-text-align-right has-text-color\" style=\"color:#fef6e3;font-size:25px\"><strong><strong>How to understand the ideas of those who spoke mainly through actions?<\/strong><\/strong><\/h3>\n<\/div>\n<\/div>\n\n\n\n<div style=\"height:30px\" aria-hidden=\"true\" class=\"wp-block-spacer\"><\/div>\n\n\n\n<div class=\"wp-block-jetpack-layout-grid alignfull column1-desktop-grid__span-4 column1-desktop-grid__row-1 column2-desktop-grid__span-4 column2-desktop-grid__start-5 column2-desktop-grid__row-1 column3-desktop-grid__span-4 column3-desktop-grid__start-9 column3-desktop-grid__row-1 column1-tablet-grid__span-4 column1-tablet-grid__row-1 column2-tablet-grid__span-4 column2-tablet-grid__start-5 column2-tablet-grid__row-1 column3-tablet-grid__span-8 column3-tablet-grid__row-2 column1-mobile-grid__span-4 column1-mobile-grid__row-1 column2-mobile-grid__span-4 column2-mobile-grid__row-2 column3-mobile-grid__span-4 column3-mobile-grid__row-3 wp-block-jetpack-layout-gutter__huge\">\n<div class=\"wp-block-jetpack-layout-grid-column wp-block-jetpack-layout-grid__padding-none is-vertically-aligned-center\">\n<figure class=\"wp-block-image size-large\"><img loading=\"lazy\" decoding=\"async\" width=\"1348\" height=\"2000\" src=\"https:\/\/nieczytelne.com\/wp-content\/uploads\/2022\/10\/untitled3-4.png?w=690\" alt=\"\" class=\"wp-image-2101\" srcset=\"https:\/\/nieczytelne.com\/wp-content\/uploads\/2022\/10\/untitled3-4.png 1348w, https:\/\/nieczytelne.com\/wp-content\/uploads\/2022\/10\/untitled3-4-202x300.png 202w, https:\/\/nieczytelne.com\/wp-content\/uploads\/2022\/10\/untitled3-4-690x1024.png 690w, https:\/\/nieczytelne.com\/wp-content\/uploads\/2022\/10\/untitled3-4-768x1139.png 768w, https:\/\/nieczytelne.com\/wp-content\/uploads\/2022\/10\/untitled3-4-1035x1536.png 1035w\" sizes=\"auto, (max-width: 1348px) 100vw, 1348px\" \/><\/figure>\n\n\n\n<div style=\"height:15px\" aria-hidden=\"true\" class=\"wp-block-spacer\"><\/div>\n\n\n\n<div class=\"wp-block-buttons is-content-justification-center is-layout-flex wp-container-core-buttons-is-layout-16018d1d wp-block-buttons-is-layout-flex\">\n<div class=\"wp-block-button is-style-outline is-style-outline--1\"><a class=\"wp-block-button__link has-text-color wp-element-button\" href=\"#wydania\" style=\"color:#fef6e3\">printworks<\/a><\/div>\n<\/div>\n<\/div>\n\n\n\n<div class=\"wp-block-jetpack-layout-grid-column wp-block-jetpack-layout-grid__padding-none is-vertically-aligned-top\">\n<p class=\"has-text-align-justify justuj translation-block\" style=\"font-size:19px\">Every ideology has created for itself its canon and its saints. The existence of such \"classics\" means adherence to (and therefore exhaustion of) given beliefs or strategies - making it almost doomed to be boring and outdated. In addition, it is recommended to everyone to the point of boredom, often ends with it and builds solely on its \"foundations.\" Classics, however, do not match the radicalism of the past, and do not exhaust the present at all. There have always been non-classics and those who have not been canonized.<br><br>There are <em>non-classical<\/em> peers of the classical texts - Voltairine de Cleyre, Max Stirner or Albert Libertad; and later ones - like the Situationists or Jaques Camatte. All that is overlooked by the classics, because it undermines its foundations, goes in other directions and reasons with a different logic.<\/p>\n<\/div>\n\n\n\n<div class=\"wp-block-jetpack-layout-grid-column wp-block-jetpack-layout-grid__padding-none is-vertically-aligned-top\">\n<p class=\"has-text-align-justify justuj translation-block\" style=\"font-size:19px\">There are also those who have never created a \"theory\" and are rather known for their deeds. In spite of this, Russian nihilists, Italian <em>attentati<\/em>, wild strikers or Los Angeles black rioters present explosive and iconoclastic theoretical thought, even if it's fragmented - because they never got caught in the clutches of the classics.<br><br>\nIt is possible to think <em>unclassically<\/em> today, if only in categories other than the established ones, such as democracy, organization and work. Drawing on older, non-established ideas can help, but one can also unabashedly reinterpret the classical ones to get more out of them than one is used to. To think non-classically, however, is first and foremost to abide by the timelessly radical spirit of opposition to the domination of some ideas over others - to any \" foundations.\"<\/p>\n<\/div>\n<\/div>\n\n\n\n<div class=\"wp-block-jetpack-layout-grid alignfull column1-desktop-grid__span-4 column1-desktop-grid__row-1 column2-desktop-grid__span-4 column2-desktop-grid__start-5 column2-desktop-grid__row-1 column3-desktop-grid__span-4 column3-desktop-grid__start-9 column3-desktop-grid__row-1 column1-tablet-grid__span-4 column1-tablet-grid__row-1 column2-tablet-grid__span-4 column2-tablet-grid__start-5 column2-tablet-grid__row-1 column3-tablet-grid__span-8 column3-tablet-grid__row-2 column1-mobile-grid__span-4 column1-mobile-grid__row-1 column2-mobile-grid__span-4 column2-mobile-grid__row-2 column3-mobile-grid__span-4 column3-mobile-grid__row-3 wp-block-jetpack-layout-gutter__huge\">\n<div class=\"wp-block-jetpack-layout-grid-column wp-block-jetpack-layout-grid__padding-none\"><\/div>\n\n\n\n<div class=\"wp-block-jetpack-layout-grid-column wp-block-jetpack-layout-grid__padding-none is-vertically-aligned-top\">\n<h3 class=\"wp-block-heading has-text-align-left has-text-color\" style=\"color:#fef6e3;font-size:25px\"><strong>How to match the radicalism of the past?<\/strong><\/h3>\n<\/div>\n\n\n\n<div class=\"wp-block-jetpack-layout-grid-column wp-block-jetpack-layout-grid__padding-none is-vertically-aligned-center\">\n<h3 class=\"wp-block-heading has-text-align-right has-text-color\" style=\"color:#fef6e3;font-size:25px\"><strong>How to think and act so as not to create a canon or be canonized?<\/strong><\/h3>\n<\/div>\n<\/div>\n<\/div><\/div>\n\n\n\n<div class=\"wp-block-group alignfull\"><div class=\"wp-block-group__inner-container is-layout-constrained wp-block-group-is-layout-constrained\">\n<div style=\"height:30px\" aria-hidden=\"true\" class=\"wp-block-spacer\"><\/div>\n\n\n\n<h2 class=\"wp-block-heading alignfull has-text-align-center has-x-large-font-size\" id=\"wydania\" style=\"text-transform:uppercase\">printworks<\/h2>\n\n\n\n<hr class=\"wp-block-separator aligncenter has-alpha-channel-opacity\"\/>\n\n\n\n<div style=\"height:30px\" aria-hidden=\"true\" class=\"wp-block-spacer\"><\/div>\n\n\n\n<div class=\"wp-block-jetpack-layout-grid alignfull column1-desktop-grid__span-3 column1-desktop-grid__row-1 column2-desktop-grid__span-3 column2-desktop-grid__start-4 column2-desktop-grid__row-1 column3-desktop-grid__span-3 column3-desktop-grid__start-7 column3-desktop-grid__row-1 column4-desktop-grid__span-3 column4-desktop-grid__start-10 column4-desktop-grid__row-1 column1-tablet-grid__span-4 column1-tablet-grid__row-1 column2-tablet-grid__span-4 column2-tablet-grid__start-5 column2-tablet-grid__row-1 column3-tablet-grid__span-4 column3-tablet-grid__row-2 column4-tablet-grid__span-4 column4-tablet-grid__start-5 column4-tablet-grid__row-2 column1-mobile-grid__span-4 column1-mobile-grid__row-1 column2-mobile-grid__span-4 column2-mobile-grid__row-2 column3-mobile-grid__span-4 column3-mobile-grid__row-3 column4-mobile-grid__span-4 column4-mobile-grid__row-4 wp-block-jetpack-layout-gutter__huge\">\n<div class=\"wp-block-jetpack-layout-grid-column wp-block-jetpack-layout-grid__padding-medium is-vertically-aligned-center\"><div class=\"wp-block-image\">\n<figure class=\"aligncenter size-large is-resized\"><a href=\"https:\/\/nieczytelne.com\/en\/dekonstruujac-anarchie\/\"><img loading=\"lazy\" decoding=\"async\" width=\"726\" height=\"1024\" src=\"https:\/\/nieczytelne.com\/wp-content\/uploads\/2025\/09\/di-cesare-ciemniejsze-726x1024.png\" alt=\"\" class=\"wp-image-5617\" style=\"width:284px;height:auto\" srcset=\"https:\/\/nieczytelne.com\/wp-content\/uploads\/2025\/09\/di-cesare-ciemniejsze-726x1024.png 726w, https:\/\/nieczytelne.com\/wp-content\/uploads\/2025\/09\/di-cesare-ciemniejsze-213x300.png 213w, https:\/\/nieczytelne.com\/wp-content\/uploads\/2025\/09\/di-cesare-ciemniejsze-768x1083.png 768w, https:\/\/nieczytelne.com\/wp-content\/uploads\/2025\/09\/di-cesare-ciemniejsze-1090x1536.png 1090w, https:\/\/nieczytelne.com\/wp-content\/uploads\/2025\/09\/di-cesare-ciemniejsze-9x12.png 9w, https:\/\/nieczytelne.com\/wp-content\/uploads\/2025\/09\/di-cesare-ciemniejsze-1080x1522.png 1080w, https:\/\/nieczytelne.com\/wp-content\/uploads\/2025\/09\/di-cesare-ciemniejsze.png 1240w\" sizes=\"auto, (max-width: 726px) 100vw, 726px\" \/><\/a><\/figure>\n<\/div><\/div>\n\n\n\n<div class=\"wp-block-jetpack-layout-grid-column wp-block-jetpack-layout-grid__padding-medium is-vertically-aligned-center\"><div class=\"wp-block-image\">\n<figure class=\"aligncenter size-large is-resized\"><a href=\"https:\/\/nieczytelne.com\/en\/wydania\/operaismo-nauka-zniszczenia\/\"><img loading=\"lazy\" decoding=\"async\" width=\"724\" height=\"1024\" src=\"https:\/\/nieczytelne.com\/wp-content\/uploads\/2023\/09\/Untitled-724x1024.jpg\" alt=\"\" class=\"wp-image-4885\" style=\"width:284px;height:auto\" srcset=\"https:\/\/nieczytelne.com\/wp-content\/uploads\/2023\/09\/Untitled-724x1024.jpg 724w, https:\/\/nieczytelne.com\/wp-content\/uploads\/2023\/09\/Untitled-212x300.jpg 212w, https:\/\/nieczytelne.com\/wp-content\/uploads\/2023\/09\/Untitled-768x1086.jpg 768w, https:\/\/nieczytelne.com\/wp-content\/uploads\/2023\/09\/Untitled-1086x1536.jpg 1086w, https:\/\/nieczytelne.com\/wp-content\/uploads\/2023\/09\/Untitled-1448x2048.jpg 1448w, https:\/\/nieczytelne.com\/wp-content\/uploads\/2023\/09\/Untitled-8x12.jpg 8w, https:\/\/nieczytelne.com\/wp-content\/uploads\/2023\/09\/Untitled-1080x1528.jpg 1080w, https:\/\/nieczytelne.com\/wp-content\/uploads\/2023\/09\/Untitled-scaled.jpg 1810w\" sizes=\"auto, (max-width: 724px) 100vw, 724px\" \/><\/a><\/figure>\n<\/div><\/div>\n\n\n\n<div class=\"wp-block-jetpack-layout-grid-column wp-block-jetpack-layout-grid__padding-medium is-vertically-aligned-center\"><div class=\"wp-block-image\">\n<figure class=\"aligncenter size-large is-resized\"><a href=\"https:\/\/nieczytelne.com\/en\/wydania\/anarchizm\/\"><img loading=\"lazy\" decoding=\"async\" width=\"1748\" height=\"2480\" src=\"https:\/\/nieczytelne.com\/wp-content\/uploads\/2022\/09\/index.png?w=712\" alt=\"\" class=\"wp-image-1365\" style=\"width:284px;height:auto\" srcset=\"https:\/\/nieczytelne.com\/wp-content\/uploads\/2022\/09\/index.png 1748w, https:\/\/nieczytelne.com\/wp-content\/uploads\/2022\/09\/index-211x300.png 211w, https:\/\/nieczytelne.com\/wp-content\/uploads\/2022\/09\/index-722x1024.png 722w, https:\/\/nieczytelne.com\/wp-content\/uploads\/2022\/09\/index-768x1090.png 768w, https:\/\/nieczytelne.com\/wp-content\/uploads\/2022\/09\/index-1083x1536.png 1083w, https:\/\/nieczytelne.com\/wp-content\/uploads\/2022\/09\/index-1444x2048.png 1444w\" sizes=\"auto, (max-width: 1748px) 100vw, 1748px\" \/><\/a><\/figure>\n<\/div><\/div>\n\n\n\n<div class=\"wp-block-jetpack-layout-grid-column wp-block-jetpack-layout-grid__padding-medium is-vertically-aligned-center\"><div class=\"wp-block-image\">\n<figure class=\"aligncenter size-large is-resized\"><a href=\"https:\/\/nieczytelne.com\/en\/wydania\/od-demokracji-do-wolnosci\/\"><img loading=\"lazy\" decoding=\"async\" width=\"1890\" height=\"2673\" src=\"https:\/\/nieczytelne.com\/wp-content\/uploads\/2022\/05\/od-demokracji.png?w=712\" alt=\"\" class=\"wp-image-1260\" style=\"width:284px\" srcset=\"https:\/\/nieczytelne.com\/wp-content\/uploads\/2022\/05\/od-demokracji.png 1890w, https:\/\/nieczytelne.com\/wp-content\/uploads\/2022\/05\/od-demokracji-212x300.png 212w, https:\/\/nieczytelne.com\/wp-content\/uploads\/2022\/05\/od-demokracji-724x1024.png 724w, https:\/\/nieczytelne.com\/wp-content\/uploads\/2022\/05\/od-demokracji-768x1086.png 768w, https:\/\/nieczytelne.com\/wp-content\/uploads\/2022\/05\/od-demokracji-1086x1536.png 1086w, https:\/\/nieczytelne.com\/wp-content\/uploads\/2022\/05\/od-demokracji-1448x2048.png 1448w\" sizes=\"auto, (max-width: 1890px) 100vw, 1890px\" \/><\/a><\/figure>\n<\/div><\/div>\n<\/div>\n\n\n\n<div class=\"wp-block-jetpack-layout-grid alignfull column1-desktop-grid__span-3 column1-desktop-grid__row-1 column2-desktop-grid__span-3 column2-desktop-grid__start-4 column2-desktop-grid__row-1 column3-desktop-grid__span-3 column3-desktop-grid__start-7 column3-desktop-grid__row-1 column4-desktop-grid__span-3 column4-desktop-grid__start-10 column4-desktop-grid__row-1 column1-tablet-grid__span-4 column1-tablet-grid__row-1 column2-tablet-grid__span-4 column2-tablet-grid__start-5 column2-tablet-grid__row-1 column3-tablet-grid__span-4 column3-tablet-grid__row-2 column4-tablet-grid__span-4 column4-tablet-grid__start-5 column4-tablet-grid__row-2 column1-mobile-grid__span-4 column1-mobile-grid__row-1 column2-mobile-grid__span-4 column2-mobile-grid__row-2 column3-mobile-grid__span-4 column3-mobile-grid__row-3 column4-mobile-grid__span-4 column4-mobile-grid__row-4 wp-block-jetpack-layout-gutter__huge\">\n<div class=\"wp-block-jetpack-layout-grid-column wp-block-jetpack-layout-grid__padding-medium is-vertically-aligned-center\"><div class=\"wp-block-image\">\n<figure class=\"aligncenter size-large is-resized\"><a href=\"https:\/\/nieczytelne.com\/en\/wydania\/abolicja-pracy\/\"><img loading=\"lazy\" decoding=\"async\" width=\"2480\" height=\"3508\" src=\"https:\/\/nieczytelne.com\/wp-content\/uploads\/2022\/01\/abolicja-pracy.png?w=724\" alt=\"\" class=\"wp-image-881\" style=\"width:284px\" srcset=\"https:\/\/nieczytelne.com\/wp-content\/uploads\/2022\/01\/abolicja-pracy.png 2480w, https:\/\/nieczytelne.com\/wp-content\/uploads\/2022\/01\/abolicja-pracy-212x300.png 212w, https:\/\/nieczytelne.com\/wp-content\/uploads\/2022\/01\/abolicja-pracy-724x1024.png 724w, https:\/\/nieczytelne.com\/wp-content\/uploads\/2022\/01\/abolicja-pracy-768x1086.png 768w, https:\/\/nieczytelne.com\/wp-content\/uploads\/2022\/01\/abolicja-pracy-1086x1536.png 1086w, https:\/\/nieczytelne.com\/wp-content\/uploads\/2022\/01\/abolicja-pracy-1448x2048.png 1448w\" sizes=\"auto, (max-width: 2480px) 100vw, 2480px\" \/><\/a><\/figure>\n<\/div><\/div>\n\n\n\n<div class=\"wp-block-jetpack-layout-grid-column wp-block-jetpack-layout-grid__padding-medium is-vertically-aligned-center\"><div class=\"wp-block-image\">\n<figure class=\"aligncenter size-large is-resized\"><a href=\"https:\/\/nieczytelne.com\/en\/wydania\/rzuc-aktywizm\/\"><img loading=\"lazy\" decoding=\"async\" width=\"570\" height=\"794\" src=\"https:\/\/nieczytelne.com\/wp-content\/uploads\/2022\/01\/rzuc-aktywizm-okladka.png?w=570\" alt=\"\" class=\"wp-image-153\" style=\"width:284px\" srcset=\"https:\/\/nieczytelne.com\/wp-content\/uploads\/2022\/01\/rzuc-aktywizm-okladka.png 570w, https:\/\/nieczytelne.com\/wp-content\/uploads\/2022\/01\/rzuc-aktywizm-okladka-215x300.png 215w\" sizes=\"auto, (max-width: 570px) 100vw, 570px\" \/><\/a><\/figure>\n<\/div><\/div>\n\n\n\n<div class=\"wp-block-jetpack-layout-grid-column wp-block-jetpack-layout-grid__padding-medium is-vertically-aligned-center\"><\/div>\n\n\n\n<div class=\"wp-block-jetpack-layout-grid-column wp-block-jetpack-layout-grid__padding-none is-vertically-aligned-center\"><\/div>\n<\/div>\n<\/div><\/div>\n\n\n\n<div class=\"wp-block-group alignfull\"><div class=\"wp-block-group__inner-container is-layout-constrained wp-block-group-is-layout-constrained\">\n<div style=\"height:30px\" aria-hidden=\"true\" class=\"wp-block-spacer\"><\/div>\n\n\n\n<h2 class=\"wp-block-heading alignfull has-text-align-center has-x-large-font-size\" id=\"artykuly\" style=\"text-transform:uppercase\">Articles<\/h2>\n\n\n\n<hr class=\"wp-block-separator aligncenter has-alpha-channel-opacity\"\/>\n\n\n\n<div style=\"height:30px\" aria-hidden=\"true\" class=\"wp-block-spacer\"><\/div>\n\n\n\n<div class=\"wp-block-jetpack-layout-grid column1-desktop-grid__span-3 column1-desktop-grid__row-1 column2-desktop-grid__span-3 column2-desktop-grid__start-4 column2-desktop-grid__row-1 column3-desktop-grid__span-3 column3-desktop-grid__start-7 column3-desktop-grid__row-1 column4-desktop-grid__span-3 column4-desktop-grid__start-10 column4-desktop-grid__row-1 column1-tablet-grid__span-4 column1-tablet-grid__row-1 column2-tablet-grid__span-4 column2-tablet-grid__start-5 column2-tablet-grid__row-1 column3-tablet-grid__span-4 column3-tablet-grid__row-2 column4-tablet-grid__span-4 column4-tablet-grid__start-5 column4-tablet-grid__row-2 column1-mobile-grid__span-4 column1-mobile-grid__row-1 column2-mobile-grid__span-4 column2-mobile-grid__row-2 column3-mobile-grid__span-4 column3-mobile-grid__row-3 column4-mobile-grid__span-4 column4-mobile-grid__row-4 wp-block-jetpack-layout-gutter__huge\">\n<div class=\"wp-block-jetpack-layout-grid-column wp-block-jetpack-layout-grid__padding-none\">\n<div class=\"wp-block-group\"><div class=\"wp-block-group__inner-container is-layout-constrained wp-block-group-is-layout-constrained\">\n<figure class=\"wp-block-image size-large\"><a href=\"https:\/\/nieczytelne.com\/en\/2024\/07\/28\/dekonstruujac-anarchie\/\"><img loading=\"lazy\" decoding=\"async\" width=\"1024\" height=\"576\" src=\"https:\/\/nieczytelne.com\/wp-content\/uploads\/2024\/07\/Untitled-1-1024x576.jpg\" alt=\"\" class=\"wp-image-5483\" srcset=\"https:\/\/nieczytelne.com\/wp-content\/uploads\/2024\/07\/Untitled-1-1024x576.jpg 1024w, https:\/\/nieczytelne.com\/wp-content\/uploads\/2024\/07\/Untitled-1-300x169.jpg 300w, https:\/\/nieczytelne.com\/wp-content\/uploads\/2024\/07\/Untitled-1-768x432.jpg 768w, https:\/\/nieczytelne.com\/wp-content\/uploads\/2024\/07\/Untitled-1-18x10.jpg 18w, https:\/\/nieczytelne.com\/wp-content\/uploads\/2024\/07\/Untitled-1-680x382.jpg 680w, https:\/\/nieczytelne.com\/wp-content\/uploads\/2024\/07\/Untitled-1-1080x608.jpg 1080w, https:\/\/nieczytelne.com\/wp-content\/uploads\/2024\/07\/Untitled-1.jpg 1536w\" sizes=\"auto, (max-width: 1024px) 100vw, 1024px\" \/><\/a><\/figure>\n\n\n\n<h5 class=\"wp-block-heading\"><a href=\"https:\/\/nieczytelne.com\/en\/2024\/07\/28\/dekonstruujac-anarchie\/\" data-type=\"link\" data-id=\"https:\/\/nieczytelne.com\/2024\/07\/28\/dekonstruujac-anarchie\/\">dekonstruuj\u0105c anarchi\u0119<\/a><\/h5>\n<\/div><\/div>\n<\/div>\n\n\n\n<div class=\"wp-block-jetpack-layout-grid-column wp-block-jetpack-layout-grid__padding-none\"><\/div>\n\n\n\n<div class=\"wp-block-jetpack-layout-grid-column wp-block-jetpack-layout-grid__padding-none\"><\/div>\n\n\n\n<div class=\"wp-block-jetpack-layout-grid-column wp-block-jetpack-layout-grid__padding-none\"><\/div>\n<\/div>\n<\/div><\/div>","protected":false},"excerpt":{"rendered":"<p>Nieklasycznie Co mog\u0105 powiedzie\u0107 nam nie-klasycy? Jak zrozumie\u0107 idee tych, kt\u00f3re m\u00f3wi\u0142y g\u0142\u00f3wnie za pomoc\u0105 czyn\u00f3w? Ka\u017cda ideologia wykreowa\u0142a sobie sw\u00f3j kanon i swoich \u015bwi\u0119tych. Istnienie takiej \u201eklasyki\u201d oznacza trzymanie si\u0119 (a wi\u0119c i wyczerpane) danych przekona\u0144 czy strategii \u2013 przez co ona sama jest prawie skazana na bycie nudn\u0105 i przestarza\u0142\u0105. Na dodatek a\u017c &hellip; <a href=\"https:\/\/nieczytelne.com\/en\/nieklasycznie\/\" class=\"more-link\">Continue reading <span class=\"screen-reader-text\">Unclassically<\/span><\/a><\/p>","protected":false},"author":1,"featured_media":0,"parent":0,"menu_order":0,"comment_status":"closed","ping_status":"closed","template":"","meta":{"_monsterinsights_skip_tracking":false,"_monsterinsights_sitenote_active":false,"_monsterinsights_sitenote_note":"","_monsterinsights_sitenote_category":0,"footnotes":""},"class_list":["post-1410","page","type-page","status-publish","hentry","no-featured-image"],"_links":{"self":[{"href":"https:\/\/nieczytelne.com\/en\/wp-json\/wp\/v2\/pages\/1410","targetHints":{"allow":["GET"]}}],"collection":[{"href":"https:\/\/nieczytelne.com\/en\/wp-json\/wp\/v2\/pages"}],"about":[{"href":"https:\/\/nieczytelne.com\/en\/wp-json\/wp\/v2\/types\/page"}],"author":[{"embeddable":true,"href":"https:\/\/nieczytelne.com\/en\/wp-json\/wp\/v2\/users\/1"}],"replies":[{"embeddable":true,"href":"https:\/\/nieczytelne.com\/en\/wp-json\/wp\/v2\/comments?post=1410"}],"version-history":[{"count":19,"href":"https:\/\/nieczytelne.com\/en\/wp-json\/wp\/v2\/pages\/1410\/revisions"}],"predecessor-version":[{"id":5706,"href":"https:\/\/nieczytelne.com\/en\/wp-json\/wp\/v2\/pages\/1410\/revisions\/5706"}],"wp:attachment":[{"href":"https:\/\/nieczytelne.com\/en\/wp-json\/wp\/v2\/media?parent=1410"}],"curies":[{"name":"wp","href":"https:\/\/api.w.org\/{rel}","templated":true}]}}