{"id":146,"date":"2022-01-06T22:24:50","date_gmt":"2022-01-06T21:24:50","guid":{"rendered":"https:\/\/nieczytelne.wordpress.com\/?page_id=146"},"modified":"2025-09-22T21:46:45","modified_gmt":"2025-09-22T19:46:45","slug":"rzuc-aktywizm","status":"publish","type":"page","link":"https:\/\/nieczytelne.com\/en\/wydania\/rzuc-aktywizm\/","title":{"rendered":"Give Up Activism"},"content":{"rendered":"<div class=\"wp-block-jetpack-layout-grid alignfull column1-desktop-grid__span-2 column1-desktop-grid__row-1 column2-desktop-grid__span-6 column2-desktop-grid__start-3 column2-desktop-grid__row-1 column3-desktop-grid__span-4 column3-desktop-grid__start-9 column3-desktop-grid__row-1 column1-tablet-grid__span-4 column1-tablet-grid__row-1 column2-tablet-grid__span-4 column2-tablet-grid__start-5 column2-tablet-grid__row-1 column3-tablet-grid__span-8 column3-tablet-grid__row-2 column1-mobile-grid__span-4 column1-mobile-grid__row-1 column2-mobile-grid__span-4 column2-mobile-grid__row-2 column3-mobile-grid__span-4 column3-mobile-grid__row-3 wp-block-jetpack-layout-gutter__huge\">\n<div class=\"wp-block-jetpack-layout-grid-column wp-block-jetpack-layout-grid__padding-none\"><\/div>\n\n\n\n<div class=\"wp-block-jetpack-layout-grid-column wp-block-jetpack-layout-grid__padding-none is-vertically-aligned-bottom\">\n<h2 class=\"wp-block-heading has-text-align-right\" style=\"text-transform:uppercase\">rzu\u0107 aktywizm<\/h2>\n<\/div>\n\n\n\n<div class=\"wp-block-jetpack-layout-grid-column wp-block-jetpack-layout-grid__padding-none is-vertically-aligned-bottom\">\n<h2 class=\"wp-block-heading has-text-align-right\" id=\"autor-august-o-clairre\" style=\"text-transform:uppercase\">Andrew X<\/h2>\n<\/div>\n<\/div>\n\n\n\n<div style=\"height:25px\" aria-hidden=\"true\" class=\"wp-block-spacer\"><\/div>\n\n\n\n<div class=\"wp-block-jetpack-layout-grid alignfull column1-desktop-grid__span-4 column1-desktop-grid__row-1 column2-desktop-grid__span-4 column2-desktop-grid__start-5 column2-desktop-grid__row-1 column3-desktop-grid__span-4 column3-desktop-grid__start-9 column3-desktop-grid__row-1 column1-tablet-grid__span-4 column1-tablet-grid__row-1 column2-tablet-grid__span-4 column2-tablet-grid__start-5 column2-tablet-grid__row-1 column3-tablet-grid__span-8 column3-tablet-grid__row-2 column1-mobile-grid__span-4 column1-mobile-grid__row-1 column2-mobile-grid__span-4 column2-mobile-grid__row-2 column3-mobile-grid__span-4 column3-mobile-grid__row-3\">\n<div class=\"wp-block-jetpack-layout-grid-column wp-block-jetpack-layout-grid__padding-none is-vertically-aligned-center\"><div class=\"wp-block-image\">\n<figure class=\"aligncenter size-large is-resized\"><img loading=\"lazy\" decoding=\"async\" width=\"570\" height=\"794\" src=\"https:\/\/nieczytelne.com\/wp-content\/uploads\/2022\/01\/rzuc-aktywizm-okladka.png?w=570\" alt=\"\" class=\"wp-image-153\" style=\"width:365px;height:512px\" srcset=\"https:\/\/nieczytelne.com\/wp-content\/uploads\/2022\/01\/rzuc-aktywizm-okladka.png 570w, https:\/\/nieczytelne.com\/wp-content\/uploads\/2022\/01\/rzuc-aktywizm-okladka-215x300.png 215w\" sizes=\"auto, (max-width: 570px) 100vw, 570px\" \/><\/figure>\n<\/div>\n\n\n<div style=\"height:30px\" aria-hidden=\"true\" class=\"wp-block-spacer\"><\/div>\n\n\n\n<div class=\"wp-block-buttons is-layout-flex wp-block-buttons-is-layout-flex\">\n<div class=\"wp-block-button\"><a class=\"wp-block-button__link has-dark-gray-background-color has-background has-custom-font-size wp-element-button\" href=\"https:\/\/nieczytelne.com\/wp-content\/uploads\/2025\/09\/1.-rzuc-aktywizm.pdf\" style=\"border-radius:9px;font-size:11px\" target=\"_blank\" rel=\"noreferrer noopener\">Wersja do druku<\/a><\/div>\n\n\n\n<div class=\"wp-block-button\"><a class=\"wp-block-button__link has-dark-gray-background-color has-background has-custom-font-size wp-element-button\" href=\"https:\/\/pl.anarchistlibraries.net\/library\/andrew-x-rzuc-aktywizm\" style=\"border-radius:9px;font-size:11px\" target=\"_blank\" rel=\"noreferrer noopener\">anarchobiblioteka<\/a><\/div>\n\n\n\n<div class=\"wp-block-button\"><a class=\"wp-block-button__link has-dark-gray-background-color has-background has-custom-font-size wp-element-button\" href=\"https:\/\/nieczytelne.com\/wp-content\/uploads\/2022\/12\/rzuc-aktywizm-okladka-a5.pdf\" style=\"border-radius:9px;font-size:11px\" target=\"_blank\" rel=\"noreferrer noopener\">Ok\u0142adka<\/a><\/div>\n<\/div>\n<\/div>\n\n\n\n<div class=\"wp-block-jetpack-layout-grid-column wp-block-jetpack-layout-grid__padding-none\">\n<p class=\"has-text-align-justify justuj\">Uznawana ju\u017c za klasyczn\u0105 krytyka aktywizmu jako formy dzia\u0142ania. Niech nie zmyli ci\u0119 prowokacyjny tytu\u0142 \u2013 znajdziesz tu rzeczow\u0105 analiz\u0119 pu\u0142apek aktywizmu, m.in. specjalizacji, samopo\u015bwi\u0119cenia czy izolacji. Wbrew temu, czego mo\u017cna si\u0119 spodziewa\u0107, nie jest to w \u017cadnym wypadku esej opowiadaj\u0105cy si\u0119 za bierno\u015bci\u0105 \u2013 wr\u0119cz przeciwnie, stara si\u0119 on raczej wskazywa\u0107 na ograniczenia aktywizmu po to, by\u015bmy mogli je przekroczy\u0107 i by nasza aktywno\u015b\u0107 mog\u0142a przybra\u0107 inne, bardziej adekwatne do stoj\u0105cych przed nami wyzwa\u0144 formy.<\/p>\n\n\n\n<p>Cz\u0119\u015b\u0107 serii <a href=\"https:\/\/nieczytelne.com\/en\/nieklasycznie\/\" data-type=\"URL\" data-id=\"https:\/\/nieczytelne.com\/nieklasycznie\">Unclassically<\/a>.<\/p>\n<\/div>\n\n\n\n<div class=\"wp-block-jetpack-layout-grid-column wp-block-jetpack-layout-grid__padding-huge is-vertically-aligned-center\">\n<div class=\"wp-block-group\"><div class=\"wp-block-group__inner-container is-layout-flow wp-block-group-is-layout-flow\">\n<h6 class=\"wp-block-heading\" id=\"block-977c1639-b9ec-4a5b-b5e3-9df75a1f07ad\"><img decoding=\"async\" src=\"https:\/\/nieczytelne.com\/wp-content\/uploads\/2022\/01\/quotation2.png\" alt=\"\" style=\"width:30px\"><\/h6>\n\n\n\n<h6 class=\"wp-block-heading has-text-align-center has-dark-gray-color has-text-color\" id=\"przychodzimy-do-was-z-nieorganizacyjnego-swiata-przede-wszystkim-zeby-powiedziec-ze-istnieje-ze-na-organizacjach-polityka-sie-nie-konczy-ale-i-zeby-wam-ten-swiat-pokazac-bo-jest-co-pokazywac-wlasnie-ze-wzgledu-na-ten-swiat-organizacje-trzeba-przekroczyc\" style=\"font-size:15px;font-style:normal;font-weight:400\">Rzekomo rewolucyjna aktywno\u015b\u0107 aktywistki jest nudn\u0105 i ja\u0142ow\u0105 rutyn\u0105 \u2013 ci\u0105g\u0142ym powtarzaniem kilku akcji bez potencja\u0142u na zmian\u0119. Gdyby zmiana nadesz\u0142a, aktywi\u015bci prawdopodobnie by si\u0119 jej sprzeciwili, bo zak\u0142\u00f3ci\u0142aby ona wygodne pewniki ich roli i fajn\u0105 ma\u0142\u0105 nisz\u0119, kt\u00f3r\u0105 sobie wypracowali. (&#8230;) zmiana zagra\u017ca roli aktywisty.<\/h6>\n\n\n\n<div style=\"height:1px\" aria-hidden=\"true\" class=\"wp-block-spacer\"><\/div>\n\n\n\n<h6 class=\"wp-block-heading has-text-align-right\" id=\"block-977c1639-b9ec-4a5b-b5e3-9df75a1f07ad\"><img decoding=\"async\" style=\"width:30px\" src=\"https:\/\/nieczytelne.com\/wp-content\/uploads\/2022\/01\/qutation1.png\" alt=\"\"><\/h6>\n<\/div><\/div>\n<\/div>\n<\/div>","protected":false},"excerpt":{"rendered":"<p>rzu\u0107 aktywizm Andrew X Uznawana ju\u017c za klasyczn\u0105 krytyka aktywizmu jako formy dzia\u0142ania. Niech nie zmyli ci\u0119 prowokacyjny tytu\u0142 \u2013 znajdziesz tu rzeczow\u0105 analiz\u0119 pu\u0142apek aktywizmu, m.in. specjalizacji, samopo\u015bwi\u0119cenia czy izolacji. Wbrew temu, czego mo\u017cna si\u0119 spodziewa\u0107, nie jest to w \u017cadnym wypadku esej opowiadaj\u0105cy si\u0119 za bierno\u015bci\u0105 \u2013 wr\u0119cz przeciwnie, stara si\u0119 on raczej &hellip; <a href=\"https:\/\/nieczytelne.com\/en\/wydania\/rzuc-aktywizm\/\" class=\"more-link\">Continue reading <span class=\"screen-reader-text\">Give Up Activism<\/span><\/a><\/p>","protected":false},"author":1,"featured_media":0,"parent":160,"menu_order":0,"comment_status":"closed","ping_status":"closed","template":"","meta":{"_monsterinsights_skip_tracking":false,"_monsterinsights_sitenote_active":false,"_monsterinsights_sitenote_note":"","_monsterinsights_sitenote_category":0,"footnotes":""},"class_list":["post-146","page","type-page","status-publish","hentry","no-featured-image"],"_links":{"self":[{"href":"https:\/\/nieczytelne.com\/en\/wp-json\/wp\/v2\/pages\/146","targetHints":{"allow":["GET"]}}],"collection":[{"href":"https:\/\/nieczytelne.com\/en\/wp-json\/wp\/v2\/pages"}],"about":[{"href":"https:\/\/nieczytelne.com\/en\/wp-json\/wp\/v2\/types\/page"}],"author":[{"embeddable":true,"href":"https:\/\/nieczytelne.com\/en\/wp-json\/wp\/v2\/users\/1"}],"replies":[{"embeddable":true,"href":"https:\/\/nieczytelne.com\/en\/wp-json\/wp\/v2\/comments?post=146"}],"version-history":[{"count":8,"href":"https:\/\/nieczytelne.com\/en\/wp-json\/wp\/v2\/pages\/146\/revisions"}],"predecessor-version":[{"id":5667,"href":"https:\/\/nieczytelne.com\/en\/wp-json\/wp\/v2\/pages\/146\/revisions\/5667"}],"up":[{"embeddable":true,"href":"https:\/\/nieczytelne.com\/en\/wp-json\/wp\/v2\/pages\/160"}],"wp:attachment":[{"href":"https:\/\/nieczytelne.com\/en\/wp-json\/wp\/v2\/media?parent=146"}],"curies":[{"name":"wp","href":"https:\/\/api.w.org\/{rel}","templated":true}]}}