{"id":150,"date":"2022-01-06T22:22:51","date_gmt":"2022-01-06T21:22:51","guid":{"rendered":"https:\/\/nieczytelne.wordpress.com\/?page_id=150"},"modified":"2025-12-05T15:39:46","modified_gmt":"2025-12-05T14:39:46","slug":"anarchia-w-erze-dinozaurow","status":"publish","type":"page","link":"https:\/\/nieczytelne.com\/en\/wydania\/anarchia-w-erze-dinozaurow\/","title":{"rendered":"Anarchy in the Age of Dinosaurs"},"content":{"rendered":"<div class=\"wp-block-jetpack-layout-grid alignfull column1-desktop-grid__span-2 column1-desktop-grid__row-1 column2-desktop-grid__span-6 column2-desktop-grid__start-3 column2-desktop-grid__row-1 column3-desktop-grid__span-4 column3-desktop-grid__start-9 column3-desktop-grid__row-1 column1-tablet-grid__span-4 column1-tablet-grid__row-1 column2-tablet-grid__span-4 column2-tablet-grid__start-5 column2-tablet-grid__row-1 column3-tablet-grid__span-8 column3-tablet-grid__row-2 column1-mobile-grid__span-4 column1-mobile-grid__row-1 column2-mobile-grid__span-4 column2-mobile-grid__row-2 column3-mobile-grid__span-4 column3-mobile-grid__row-3 wp-block-jetpack-layout-gutter__huge\">\n<div class=\"wp-block-jetpack-layout-grid-column wp-block-jetpack-layout-grid__padding-none\"><\/div>\n\n\n\n<div class=\"wp-block-jetpack-layout-grid-column wp-block-jetpack-layout-grid__padding-none is-vertically-aligned-bottom\">\n<h2 class=\"wp-block-heading has-text-align-right\" style=\"text-transform:uppercase\">Anarchy in the Age of Dinosaurs<\/h2>\n<\/div>\n\n\n\n<div class=\"wp-block-jetpack-layout-grid-column wp-block-jetpack-layout-grid__padding-none is-vertically-aligned-bottom\">\n<h2 class=\"wp-block-heading has-text-align-right\" id=\"autor-august-o-clairre\" style=\"text-transform:uppercase\">The Curious George Brigade<\/h2>\n<\/div>\n<\/div>\n\n\n\n<div style=\"height:25px\" aria-hidden=\"true\" class=\"wp-block-spacer\"><\/div>\n\n\n\n<div class=\"wp-block-jetpack-layout-grid alignfull column1-desktop-grid__span-4 column1-desktop-grid__row-1 column2-desktop-grid__span-4 column2-desktop-grid__start-5 column2-desktop-grid__row-1 column3-desktop-grid__span-4 column3-desktop-grid__start-9 column3-desktop-grid__row-1 column1-tablet-grid__span-4 column1-tablet-grid__row-1 column2-tablet-grid__span-4 column2-tablet-grid__start-5 column2-tablet-grid__row-1 column3-tablet-grid__span-8 column3-tablet-grid__row-2 column1-mobile-grid__span-4 column1-mobile-grid__row-1 column2-mobile-grid__span-4 column2-mobile-grid__row-2 column3-mobile-grid__span-4 column3-mobile-grid__row-3\">\n<div class=\"wp-block-jetpack-layout-grid-column wp-block-jetpack-layout-grid__padding-none is-vertically-aligned-center\"><div class=\"wp-block-image\">\n<figure class=\"aligncenter size-large is-resized\"><img loading=\"lazy\" decoding=\"async\" width=\"724\" height=\"1024\" src=\"https:\/\/nieczytelne.com\/wp-content\/uploads\/2023\/06\/index-724x1024.png\" alt=\"\" class=\"wp-image-4660\" style=\"width:365px;height:512px\" srcset=\"https:\/\/nieczytelne.com\/wp-content\/uploads\/2023\/06\/index-724x1024.png 724w, https:\/\/nieczytelne.com\/wp-content\/uploads\/2023\/06\/index-212x300.png 212w, https:\/\/nieczytelne.com\/wp-content\/uploads\/2023\/06\/index-768x1086.png 768w, https:\/\/nieczytelne.com\/wp-content\/uploads\/2023\/06\/index-1086x1536.png 1086w, https:\/\/nieczytelne.com\/wp-content\/uploads\/2023\/06\/index-1448x2048.png 1448w, https:\/\/nieczytelne.com\/wp-content\/uploads\/2023\/06\/index-8x12.png 8w, https:\/\/nieczytelne.com\/wp-content\/uploads\/2023\/06\/index-1080x1528.png 1080w\" sizes=\"auto, (max-width: 724px) 100vw, 724px\" \/><\/figure>\n<\/div>\n\n\n<div style=\"height:30px\" aria-hidden=\"true\" class=\"wp-block-spacer\"><\/div>\n\n\n\n<div class=\"wp-block-buttons is-layout-flex wp-block-buttons-is-layout-flex\">\n<div class=\"wp-block-button\"><a class=\"wp-block-button__link has-dark-gray-background-color has-background has-custom-font-size wp-element-button\" href=\"https:\/\/mega.nz\/file\/jEUjGRRZ#yWdZzfjFccNcj8LB9KmOO71IU66QZ3naz0o1yrjTUCM\" style=\"border-radius:9px;font-size:11px\" target=\"_blank\" rel=\"noreferrer noopener\">Wersja do druku<\/a><\/div>\n\n\n\n<div class=\"wp-block-button\"><a class=\"wp-block-button__link has-dark-gray-background-color has-background has-custom-font-size wp-element-button\" href=\"https:\/\/pl.anarchistlibraries.net\/library\/the-curious-george-brigade-anarchia-w-erze-dinozaurow\" style=\"border-radius:9px;font-size:11px\" target=\"_blank\" rel=\"noreferrer noopener\">anarchobiblioteka<\/a><\/div>\n\n\n\n<div class=\"wp-block-button\"><a class=\"wp-block-button__link has-dark-gray-background-color has-background has-custom-font-size wp-element-button\" href=\"https:\/\/nieczytelne.com\/wp-content\/uploads\/2022\/12\/anarchia-w-erze-dinozaurow-okladka-a4-z-liniami-pomocniczymi.pdf\" style=\"border-radius:9px;font-size:11px\" target=\"_blank\" rel=\"noreferrer noopener\">Ok\u0142adka<\/a><\/div>\n<\/div>\n<\/div>\n\n\n\n<div class=\"wp-block-jetpack-layout-grid-column wp-block-jetpack-layout-grid__padding-none\">\n<p class=\"has-text-align-justify justuj\">Napisana pod koniec tego, co przez anarchist\u00f3w jest czasami nazywane \u201eer\u0105 antyglobalizacji\u201d, ksi\u0105\u017cka ta daje dobry wgl\u0105d w specyfik\u0119 anarchicznej polityki tamtego okresu. Poza tym, jest to te\u017c dobry punkt wyj\u015bcia do krytyki tego, co osoby autorskie nazwa\u0142y \u201edinozaurami\u201d, czyli lewicy i lewicowo\u015bci; krytyki polityki masowej, poj\u0119cia obowi\u0105zku, kampanii jednoproblemowych czy te\u017c fa\u0142szywej jedno\u015bci. Opr\u00f3cz krytyki <em>Anarchia\u2026<\/em> zapewnia te\u017c inspiracj\u0119 i przedstawia alternatyw\u0119: folkow\u0105 anarchi\u0119 opart\u0105 na afinicji, decentralizacji, nieformalnych sieciach i autonomii.<\/p>\n\n\n\n<p>Cz\u0119\u015b\u0107 serii <a href=\"https:\/\/nieczytelne.com\/en\/inne-zycie\/\" data-type=\"URL\" data-id=\"https:\/\/nieczytelne.com\/inne-zycie\">ANOTHER life<\/a>.<\/p>\n<\/div>\n\n\n\n<div class=\"wp-block-jetpack-layout-grid-column wp-block-jetpack-layout-grid__padding-huge is-vertically-aligned-center\">\n<div class=\"wp-block-group\"><div class=\"wp-block-group__inner-container is-layout-flow wp-block-group-is-layout-flow\">\n<h6 class=\"wp-block-heading\" id=\"block-977c1639-b9ec-4a5b-b5e3-9df75a1f07ad\"><img decoding=\"async\" src=\"https:\/\/nieczytelne.com\/wp-content\/uploads\/2022\/01\/quotation2.png\" alt=\"\" style=\"width:30px\"><\/h6>\n\n\n\n<h6 class=\"wp-block-heading has-text-align-center has-dark-gray-color has-text-color\" id=\"anarchia-folkowa-opiera-sie-ortodoksji-w-tym-anarcho-ortodoksji-nie-jest-ona-frakcja-odlamem-czy-buntem-przeciwko-innej-tendencji-nie-ma-zadnego-koloru-w-anarchistycznej-teczy-obejmuje-cale-spektrum-ta-zywa-anarchia-opiera-sie-na-sieci-praktyk-ktore-wydaja-sie-kwitnac-wszedzie-tam-gdzie-dinozaury-nie-sprawuja-kontroli\" style=\"font-size:15px;font-style:normal;font-weight:400\">Anarchia folkowa opiera si\u0119 ortodoksji, w tym anarcho-ortodoksji! Nie jest ona frakcj\u0105, od\u0142amem, czy buntem przeciwko innej tendencji. Nie ma \u017cadnego koloru w anarchistycznej t\u0119czy; obejmuje ca\u0142e spektrum. Ta \u017cywa anarchia opiera si\u0119 na sieci praktyk, kt\u00f3re wydaj\u0105 si\u0119 kwitn\u0105\u0107 wsz\u0119dzie tam, gdzie dinozaury nie sprawuj\u0105 kontroli. <\/h6>\n\n\n\n<div style=\"height:1px\" aria-hidden=\"true\" class=\"wp-block-spacer\"><\/div>\n\n\n\n<h6 class=\"wp-block-heading has-text-align-right\" id=\"block-977c1639-b9ec-4a5b-b5e3-9df75a1f07ad\"><img decoding=\"async\" style=\"width:30px\" src=\"https:\/\/nieczytelne.com\/wp-content\/uploads\/2022\/01\/qutation1.png\" alt=\"\"><\/h6>\n<\/div><\/div>\n<\/div>\n<\/div>","protected":false},"excerpt":{"rendered":"<p>Anarchia w erze dinozaur\u00f3w The Curious George Brigade Napisana pod koniec tego, co przez anarchist\u00f3w jest czasami nazywane \u201eer\u0105 antyglobalizacji\u201d, ksi\u0105\u017cka ta daje dobry wgl\u0105d w specyfik\u0119 anarchicznej polityki tamtego okresu. Poza tym, jest to te\u017c dobry punkt wyj\u015bcia do krytyki tego, co osoby autorskie nazwa\u0142y \u201edinozaurami\u201d, czyli lewicy i lewicowo\u015bci; krytyki polityki masowej, poj\u0119cia &hellip; <a href=\"https:\/\/nieczytelne.com\/en\/wydania\/anarchia-w-erze-dinozaurow\/\" class=\"more-link\">Continue reading <span class=\"screen-reader-text\">Anarchy in the Age of Dinosaurs<\/span><\/a><\/p>","protected":false},"author":1,"featured_media":0,"parent":160,"menu_order":0,"comment_status":"closed","ping_status":"closed","template":"","meta":{"_monsterinsights_skip_tracking":false,"_monsterinsights_sitenote_active":false,"_monsterinsights_sitenote_note":"","_monsterinsights_sitenote_category":0,"footnotes":""},"class_list":["post-150","page","type-page","status-publish","hentry","no-featured-image"],"_links":{"self":[{"href":"https:\/\/nieczytelne.com\/en\/wp-json\/wp\/v2\/pages\/150","targetHints":{"allow":["GET"]}}],"collection":[{"href":"https:\/\/nieczytelne.com\/en\/wp-json\/wp\/v2\/pages"}],"about":[{"href":"https:\/\/nieczytelne.com\/en\/wp-json\/wp\/v2\/types\/page"}],"author":[{"embeddable":true,"href":"https:\/\/nieczytelne.com\/en\/wp-json\/wp\/v2\/users\/1"}],"replies":[{"embeddable":true,"href":"https:\/\/nieczytelne.com\/en\/wp-json\/wp\/v2\/comments?post=150"}],"version-history":[{"count":8,"href":"https:\/\/nieczytelne.com\/en\/wp-json\/wp\/v2\/pages\/150\/revisions"}],"predecessor-version":[{"id":5732,"href":"https:\/\/nieczytelne.com\/en\/wp-json\/wp\/v2\/pages\/150\/revisions\/5732"}],"up":[{"embeddable":true,"href":"https:\/\/nieczytelne.com\/en\/wp-json\/wp\/v2\/pages\/160"}],"wp:attachment":[{"href":"https:\/\/nieczytelne.com\/en\/wp-json\/wp\/v2\/media?parent=150"}],"curies":[{"name":"wp","href":"https:\/\/api.w.org\/{rel}","templated":true}]}}