{"id":154,"date":"2022-01-06T22:24:52","date_gmt":"2022-01-06T21:24:52","guid":{"rendered":"https:\/\/nieczytelne.wordpress.com\/?page_id=154"},"modified":"2025-09-22T21:48:13","modified_gmt":"2025-09-22T19:48:13","slug":"dlaczego-nie-stawiamy-zadan","status":"publish","type":"page","link":"https:\/\/nieczytelne.com\/en\/wydania\/dlaczego-nie-stawiamy-zadan\/","title":{"rendered":"Why We Don't Make Demands"},"content":{"rendered":"<div class=\"wp-block-jetpack-layout-grid alignfull column1-desktop-grid__span-2 column1-desktop-grid__row-1 column2-desktop-grid__span-6 column2-desktop-grid__start-3 column2-desktop-grid__row-1 column3-desktop-grid__span-4 column3-desktop-grid__start-9 column3-desktop-grid__row-1 column1-tablet-grid__span-4 column1-tablet-grid__row-1 column2-tablet-grid__span-4 column2-tablet-grid__start-5 column2-tablet-grid__row-1 column3-tablet-grid__span-8 column3-tablet-grid__row-2 column1-mobile-grid__span-4 column1-mobile-grid__row-1 column2-mobile-grid__span-4 column2-mobile-grid__row-2 column3-mobile-grid__span-4 column3-mobile-grid__row-3 wp-block-jetpack-layout-gutter__huge\">\n<div class=\"wp-block-jetpack-layout-grid-column wp-block-jetpack-layout-grid__padding-none\"><\/div>\n\n\n\n<div class=\"wp-block-jetpack-layout-grid-column wp-block-jetpack-layout-grid__padding-none is-vertically-aligned-bottom\">\n<h2 class=\"wp-block-heading has-text-align-right\" style=\"text-transform:uppercase\">dlaczego nie stawiamy \u017c\u0105da\u0144<\/h2>\n<\/div>\n\n\n\n<div class=\"wp-block-jetpack-layout-grid-column wp-block-jetpack-layout-grid__padding-none is-vertically-aligned-bottom\">\n<h2 class=\"wp-block-heading has-text-align-right\" id=\"autor-august-o-clairre\" style=\"text-transform:uppercase\">crimethinc.<\/h2>\n<\/div>\n<\/div>\n\n\n\n<div style=\"height:25px\" aria-hidden=\"true\" class=\"wp-block-spacer\"><\/div>\n\n\n\n<div class=\"wp-block-jetpack-layout-grid alignfull column1-desktop-grid__span-4 column1-desktop-grid__row-1 column2-desktop-grid__span-4 column2-desktop-grid__start-5 column2-desktop-grid__row-1 column3-desktop-grid__span-4 column3-desktop-grid__start-9 column3-desktop-grid__row-1 column1-tablet-grid__span-4 column1-tablet-grid__row-1 column2-tablet-grid__span-4 column2-tablet-grid__start-5 column2-tablet-grid__row-1 column3-tablet-grid__span-8 column3-tablet-grid__row-2 column1-mobile-grid__span-4 column1-mobile-grid__row-1 column2-mobile-grid__span-4 column2-mobile-grid__row-2 column3-mobile-grid__span-4 column3-mobile-grid__row-3\">\n<div class=\"wp-block-jetpack-layout-grid-column wp-block-jetpack-layout-grid__padding-medium is-vertically-aligned-center\"><div class=\"wp-block-image\">\n<figure class=\"aligncenter size-large is-resized\"><img loading=\"lazy\" decoding=\"async\" width=\"567\" height=\"794\" src=\"https:\/\/nieczytelne.com\/wp-content\/uploads\/2022\/01\/dlaczego-nie.png?w=567\" alt=\"\" class=\"wp-image-156\" style=\"width:365px;height:512px\" srcset=\"https:\/\/nieczytelne.com\/wp-content\/uploads\/2022\/01\/dlaczego-nie.png 567w, https:\/\/nieczytelne.com\/wp-content\/uploads\/2022\/01\/dlaczego-nie-214x300.png 214w\" sizes=\"auto, (max-width: 567px) 100vw, 567px\" \/><\/figure>\n<\/div>\n\n\n<div style=\"height:30px\" aria-hidden=\"true\" class=\"wp-block-spacer\"><\/div>\n\n\n\n<div class=\"wp-block-buttons is-layout-flex wp-block-buttons-is-layout-flex\">\n<div class=\"wp-block-button\"><a class=\"wp-block-button__link has-dark-gray-background-color has-background has-custom-font-size wp-element-button\" href=\"https:\/\/nieczytelne.com\/wp-content\/uploads\/2025\/09\/1.-dlaczegonie-stawiamy-zadan.pdf\" style=\"border-radius:9px;font-size:11px\" target=\"_blank\" rel=\"noreferrer noopener\">Wersja do druku<\/a><\/div>\n\n\n\n<div class=\"wp-block-button\"><a class=\"wp-block-button__link has-dark-gray-background-color has-background has-custom-font-size wp-element-button\" href=\"https:\/\/pl.anarchistlibraries.net\/library\/crimethinc-dlaczego-nie-stawiamy-zadan\" style=\"border-radius:9px;font-size:11px\" target=\"_blank\" rel=\"noreferrer noopener\">anarchobiblioteka<\/a><\/div>\n\n\n\n<div class=\"wp-block-button\"><a class=\"wp-block-button__link has-dark-gray-background-color has-background has-custom-font-size wp-element-button\" href=\"https:\/\/nieczytelne.com\/wp-content\/uploads\/2022\/12\/dlaczego-nie-okladka-a5.pdf\" style=\"border-radius:9px;font-size:11px\" target=\"_blank\" rel=\"noreferrer noopener\">Ok\u0142adka<\/a><\/div>\n<\/div>\n<\/div>\n\n\n\n<div class=\"wp-block-jetpack-layout-grid-column wp-block-jetpack-layout-grid__padding-none\">\n<p class=\"has-text-align-justify justuj\">Occupy, zamieszki w Ferguson i Baltimore i (przynajmniej pocz\u0105tkowo) ostatnie protesty przeciwko zaostrzeniu prawa aborcyjnego, \u0142\u0105czy co najmniej jedna rzecz \u2013 ich bez\u017c\u0105daniowo\u015b\u0107. Tekst ten rzuca \u015bwiat\u0142o na to, dlaczego niestawianie \u017c\u0105da\u0144 nie jest bynajmniej b\u0142\u0119dem lub wyrazem politycznej niedojrza\u0142o\u015bci. Pokazuje, \u017ce to raczej wsp\u00f3\u0142czesna taktyka, dostosowana do czas\u00f3w, w kt\u00f3rych pa\u0144stwo zastawia na ruchy pu\u0142apki i zamiast t\u0142umi\u0107, zdecydowanie cz\u0119\u015bciej stara si\u0119 je rekuperowa\u0107. Cele, kt\u00f3re postawimy sobie, zamiast \u017c\u0105da\u0144 postawionych pa\u0144stwu, mog\u0105 ostatecznie okaza\u0107 si\u0119 tym, co ma prawdziw\u0105 moc sprawcz\u0105.<\/p>\n\n\n\n<p>Cz\u0119\u015b\u0107 serii <a href=\"https:\/\/nieczytelne.com\/en\/ruchy-przeciwko-bezruchowi\/\" data-type=\"URL\" data-id=\"https:\/\/nieczytelne.com\/ruchy-przeciwko-bezruchowi\">Ruchy przeciwko bezRuchowi<\/a>.<\/p>\n<\/div>\n\n\n\n<div class=\"wp-block-jetpack-layout-grid-column wp-block-jetpack-layout-grid__padding-huge is-vertically-aligned-center\">\n<div class=\"wp-block-group\"><div class=\"wp-block-group__inner-container is-layout-flow wp-block-group-is-layout-flow\">\n<h6 class=\"wp-block-heading\" id=\"block-977c1639-b9ec-4a5b-b5e3-9df75a1f07ad\"><img decoding=\"async\" src=\"https:\/\/nieczytelne.com\/wp-content\/uploads\/2022\/01\/quotation2.png\" alt=\"\" style=\"width:30px\"><\/h6>\n\n\n\n<h6 class=\"wp-block-heading has-text-align-center has-dark-gray-color has-text-color\" id=\"zmuszenie-roznorodnego-ruchu-do-zredukowania-swojej-wizji-do-paru-konkretnych-zadan-w-nieunikniony-sposob-umacnia-wladze-w-rekach-mniejszosci-bo-kto-decyduje-ktore-zadania-sa-wazniejsze-od-innych-zmarginalizowani-sa-ponownie-marginalizowani-w-swoich-wlasnych-ruchach-w-imie-efektywnosci\" style=\"font-size:15px;font-style:normal;font-weight:400\">Zmuszenie r\u00f3\u017cnorodnego ruchu do zredukowania swojej wizji do paru konkretnych \u017c\u0105da\u0144 w nieunikniony spos\u00f3b umacnia w\u0142adz\u0119 w r\u0119kach mniejszo\u015bci. Bo kto decyduje, kt\u00f3re \u017c\u0105dania s\u0105 wa\u017cniejsze od innych? (&#8230;) Zmarginalizowani s\u0105 ponownie marginalizowani w swoich w\u0142asnych ruchach w imi\u0119 efektywno\u015bci.<\/h6>\n\n\n\n<h6 class=\"wp-block-heading has-text-align-right\" id=\"block-977c1639-b9ec-4a5b-b5e3-9df75a1f07ad\"><img decoding=\"async\" style=\"width:30px\" src=\"https:\/\/nieczytelne.com\/wp-content\/uploads\/2022\/01\/qutation1.png\" alt=\"\"><\/h6>\n<\/div><\/div>\n<\/div>\n<\/div>","protected":false},"excerpt":{"rendered":"<p>dlaczego nie stawiamy \u017c\u0105da\u0144 crimethinc. Occupy, zamieszki w Ferguson i Baltimore i (przynajmniej pocz\u0105tkowo) ostatnie protesty przeciwko zaostrzeniu prawa aborcyjnego, \u0142\u0105czy co najmniej jedna rzecz \u2013 ich bez\u017c\u0105daniowo\u015b\u0107. Tekst ten rzuca \u015bwiat\u0142o na to, dlaczego niestawianie \u017c\u0105da\u0144 nie jest bynajmniej b\u0142\u0119dem lub wyrazem politycznej niedojrza\u0142o\u015bci. Pokazuje, \u017ce to raczej wsp\u00f3\u0142czesna taktyka, dostosowana do czas\u00f3w, w &hellip; <a href=\"https:\/\/nieczytelne.com\/en\/wydania\/dlaczego-nie-stawiamy-zadan\/\" class=\"more-link\">Continue reading <span class=\"screen-reader-text\">Why We Don't Make Demands<\/span><\/a><\/p>","protected":false},"author":1,"featured_media":0,"parent":160,"menu_order":0,"comment_status":"closed","ping_status":"closed","template":"","meta":{"_monsterinsights_skip_tracking":false,"_monsterinsights_sitenote_active":false,"_monsterinsights_sitenote_note":"","_monsterinsights_sitenote_category":0,"footnotes":""},"class_list":["post-154","page","type-page","status-publish","hentry","no-featured-image"],"_links":{"self":[{"href":"https:\/\/nieczytelne.com\/en\/wp-json\/wp\/v2\/pages\/154","targetHints":{"allow":["GET"]}}],"collection":[{"href":"https:\/\/nieczytelne.com\/en\/wp-json\/wp\/v2\/pages"}],"about":[{"href":"https:\/\/nieczytelne.com\/en\/wp-json\/wp\/v2\/types\/page"}],"author":[{"embeddable":true,"href":"https:\/\/nieczytelne.com\/en\/wp-json\/wp\/v2\/users\/1"}],"replies":[{"embeddable":true,"href":"https:\/\/nieczytelne.com\/en\/wp-json\/wp\/v2\/comments?post=154"}],"version-history":[{"count":7,"href":"https:\/\/nieczytelne.com\/en\/wp-json\/wp\/v2\/pages\/154\/revisions"}],"predecessor-version":[{"id":5669,"href":"https:\/\/nieczytelne.com\/en\/wp-json\/wp\/v2\/pages\/154\/revisions\/5669"}],"up":[{"embeddable":true,"href":"https:\/\/nieczytelne.com\/en\/wp-json\/wp\/v2\/pages\/160"}],"wp:attachment":[{"href":"https:\/\/nieczytelne.com\/en\/wp-json\/wp\/v2\/media?parent=154"}],"curies":[{"name":"wp","href":"https:\/\/api.w.org\/{rel}","templated":true}]}}