{"id":158,"date":"2022-01-06T22:26:41","date_gmt":"2022-01-06T21:26:41","guid":{"rendered":"https:\/\/nieczytelne.wordpress.com\/?page_id=158"},"modified":"2025-09-22T21:50:08","modified_gmt":"2025-09-22T19:50:08","slug":"wyrzucajac-sie","status":"publish","type":"page","link":"https:\/\/nieczytelne.com\/en\/wydania\/wyrzucajac-sie\/","title":{"rendered":"Dropping Out"},"content":{"rendered":"<div class=\"wp-block-jetpack-layout-grid alignfull column1-desktop-grid__span-2 column1-desktop-grid__row-1 column2-desktop-grid__span-6 column2-desktop-grid__start-3 column2-desktop-grid__row-1 column3-desktop-grid__span-4 column3-desktop-grid__start-9 column3-desktop-grid__row-1 column1-tablet-grid__span-4 column1-tablet-grid__row-1 column2-tablet-grid__span-4 column2-tablet-grid__start-5 column2-tablet-grid__row-1 column3-tablet-grid__span-8 column3-tablet-grid__row-2 column1-mobile-grid__span-4 column1-mobile-grid__row-1 column2-mobile-grid__span-4 column2-mobile-grid__row-2 column3-mobile-grid__span-4 column3-mobile-grid__row-3 wp-block-jetpack-layout-gutter__huge\">\n<div class=\"wp-block-jetpack-layout-grid-column wp-block-jetpack-layout-grid__padding-none\"><\/div>\n\n\n\n<div class=\"wp-block-jetpack-layout-grid-column wp-block-jetpack-layout-grid__padding-none is-vertically-aligned-bottom\">\n<h2 class=\"wp-block-heading has-text-align-right\" style=\"text-transform:uppercase\">wyrzucaj\u0105c si\u0119<br><\/h2>\n\n\n\n<h2 class=\"wp-block-heading has-text-align-right\" style=\"font-style:normal;font-weight:500;text-transform:uppercase\">Rewolucyjna obrona odmowy, marginalno\u015bci i subkultury<\/h2>\n<\/div>\n\n\n\n<div class=\"wp-block-jetpack-layout-grid-column wp-block-jetpack-layout-grid__padding-none is-vertically-aligned-bottom\">\n<h2 class=\"wp-block-heading has-text-align-right\" id=\"autor-august-o-clairre\" style=\"text-transform:uppercase\">crimethinc.<\/h2>\n<\/div>\n<\/div>\n\n\n\n<div style=\"height:25px\" aria-hidden=\"true\" class=\"wp-block-spacer\"><\/div>\n\n\n\n<div class=\"wp-block-jetpack-layout-grid alignfull column1-desktop-grid__span-4 column1-desktop-grid__row-1 column2-desktop-grid__span-4 column2-desktop-grid__start-5 column2-desktop-grid__row-1 column3-desktop-grid__span-4 column3-desktop-grid__start-9 column3-desktop-grid__row-1 column1-tablet-grid__span-4 column1-tablet-grid__row-1 column2-tablet-grid__span-4 column2-tablet-grid__start-5 column2-tablet-grid__row-1 column3-tablet-grid__span-8 column3-tablet-grid__row-2 column1-mobile-grid__span-4 column1-mobile-grid__row-1 column2-mobile-grid__span-4 column2-mobile-grid__row-2 column3-mobile-grid__span-4 column3-mobile-grid__row-3\">\n<div class=\"wp-block-jetpack-layout-grid-column wp-block-jetpack-layout-grid__padding-medium is-vertically-aligned-center\"><div class=\"wp-block-image\">\n<figure class=\"aligncenter size-large is-resized\"><img loading=\"lazy\" decoding=\"async\" width=\"799\" height=\"1123\" src=\"https:\/\/nieczytelne.com\/wp-content\/uploads\/2022\/01\/wyrzucajac-okladka-front.png?w=729\" alt=\"\" class=\"wp-image-159\" style=\"width:365px;height:512px\" srcset=\"https:\/\/nieczytelne.com\/wp-content\/uploads\/2022\/01\/wyrzucajac-okladka-front.png 799w, https:\/\/nieczytelne.com\/wp-content\/uploads\/2022\/01\/wyrzucajac-okladka-front-213x300.png 213w, https:\/\/nieczytelne.com\/wp-content\/uploads\/2022\/01\/wyrzucajac-okladka-front-729x1024.png 729w, https:\/\/nieczytelne.com\/wp-content\/uploads\/2022\/01\/wyrzucajac-okladka-front-768x1079.png 768w\" sizes=\"auto, (max-width: 799px) 100vw, 799px\" \/><\/figure>\n<\/div>\n\n\n<div style=\"height:30px\" aria-hidden=\"true\" class=\"wp-block-spacer\"><\/div>\n\n\n\n<div class=\"wp-block-buttons is-layout-flex wp-block-buttons-is-layout-flex\">\n<div class=\"wp-block-button\"><a class=\"wp-block-button__link has-dark-gray-background-color has-background has-custom-font-size wp-element-button\" href=\"https:\/\/nieczytelne.com\/wp-content\/uploads\/2025\/09\/1.-wyrzucajac-sie.pdf\" style=\"border-radius:9px;font-size:11px\">Wersja do druku<\/a><\/div>\n\n\n\n<div class=\"wp-block-button\"><a class=\"wp-block-button__link has-dark-gray-background-color has-background has-custom-font-size wp-element-button\" href=\"https:\/\/pl.anarchistlibraries.net\/library\/crimethinc-wyrzucajac-sie\" style=\"border-radius:9px;font-size:11px\" target=\"_blank\" rel=\"noreferrer noopener\">anarchobiblioteka<\/a><\/div>\n\n\n\n<div class=\"wp-block-button\"><a class=\"wp-block-button__link has-dark-gray-background-color has-background has-custom-font-size wp-element-button\" href=\"https:\/\/nieczytelne.com\/wp-content\/uploads\/2022\/12\/wyrzucajac-sie-okladka-a5.pdf\" style=\"border-radius:9px;font-size:11px\" target=\"_blank\" rel=\"noreferrer noopener\">Ok\u0142adka<\/a><\/div>\n<\/div>\n<\/div>\n\n\n\n<div class=\"wp-block-jetpack-layout-grid-column wp-block-jetpack-layout-grid__padding-none\">\n<p class=\"has-text-align-justify justuj\">M\u00f3wi si\u0119, \u017ce rewolucje przeprowadzaj\u0105 <em>masy<\/em> i \u017ce ostatecznie liczy si\u0119 tylko taka dzia\u0142alno\u015b\u0107, kt\u00f3ra ma na celu zbudowanie ruchu <em>masowego<\/em>. Mo\u017ce si\u0119 jednak okaza\u0107, \u017ce konieczne do tego uczestniczenie w spo\u0142ecze\u0144stwie jest jedn\u0105 wielk\u0105 pu\u0142apk\u0105. Celowe stanie si\u0119 wyrzutkiem i odzyskanie swojego czasu to nie tylko szansa na zrobienie czego\u015b innego, w zgodzie z nami samymi, naszymi potrzebami i pragnieniami. To te\u017c punkt wyj\u015bcia dla zupe\u0142nie innej rewolucji ni\u017c ta, kt\u00f3ra wi\u0119kszo\u015bci z nas jako pierwsza przychodzi do g\u0142owy.<\/p>\n\n\n\n<p>Cz\u0119\u015b\u0107 serii <a href=\"https:\/\/nieczytelne.com\/en\/inne-zycie\/\" data-type=\"URL\" data-id=\"https:\/\/nieczytelne.com\/inne-zycie\">ANOTHER life<\/a>.<\/p>\n<\/div>\n\n\n\n<div class=\"wp-block-jetpack-layout-grid-column wp-block-jetpack-layout-grid__padding-huge is-vertically-aligned-center\">\n<div class=\"wp-block-group\"><div class=\"wp-block-group__inner-container is-layout-flow wp-block-group-is-layout-flow\">\n<h6 class=\"wp-block-heading\" id=\"block-977c1639-b9ec-4a5b-b5e3-9df75a1f07ad\"><img decoding=\"async\" src=\"https:\/\/nieczytelne.com\/wp-content\/uploads\/2022\/01\/quotation2.png\" alt=\"\" style=\"width:30px\"><\/h6>\n\n\n\n<h6 class=\"wp-block-heading has-text-align-center has-dark-gray-color has-text-color\" id=\"system-dziala-na-pocie-i-krwi-naszych-uprowadzonych-zyc-im-wiecej-siebie-wkladamy-w-przezycie-wedlug-jego-zasad-tym-trudniej-funkcjonowac-inaczej-wyrwanie-naszego-czasu-i-energii-z-jego-szczek-jest-istota-i-koniecznym-warunkiem-kazdego-rzeczywistego-oporu\" style=\"font-size:15px;font-style:normal;font-weight:400\"> System dzia\u0142a na pocie i krwi naszych uprowadzonych \u017cy\u0107. Im wi\u0119cej siebie wk\u0142adamy w prze\u017cycie wed\u0142ug jego zasad, tym trudniej funkcjonowa\u0107 inaczej. Wyrwanie naszego czasu i energii z jego szcz\u0119k jest istot\u0105 i koniecznym warunkiem ka\u017cdego rzeczywistego oporu <\/h6>\n\n\n\n<h6 class=\"wp-block-heading has-text-align-right\" id=\"block-977c1639-b9ec-4a5b-b5e3-9df75a1f07ad\"><img decoding=\"async\" style=\"width:30px\" src=\"https:\/\/nieczytelne.com\/wp-content\/uploads\/2022\/01\/qutation1.png\" alt=\"\"><\/h6>\n<\/div><\/div>\n<\/div>\n<\/div>","protected":false},"excerpt":{"rendered":"<p>wyrzucaj\u0105c si\u0119 Rewolucyjna obrona odmowy, marginalno\u015bci i subkultury crimethinc. M\u00f3wi si\u0119, \u017ce rewolucje przeprowadzaj\u0105 masy i \u017ce ostatecznie liczy si\u0119 tylko taka dzia\u0142alno\u015b\u0107, kt\u00f3ra ma na celu zbudowanie ruchu masowego. Mo\u017ce si\u0119 jednak okaza\u0107, \u017ce konieczne do tego uczestniczenie w spo\u0142ecze\u0144stwie jest jedn\u0105 wielk\u0105 pu\u0142apk\u0105. Celowe stanie si\u0119 wyrzutkiem i odzyskanie swojego czasu to nie &hellip; <a href=\"https:\/\/nieczytelne.com\/en\/wydania\/wyrzucajac-sie\/\" class=\"more-link\">Continue reading <span class=\"screen-reader-text\">Dropping Out<\/span><\/a><\/p>","protected":false},"author":1,"featured_media":0,"parent":160,"menu_order":0,"comment_status":"closed","ping_status":"closed","template":"templates\/full-width-page.php","meta":{"_monsterinsights_skip_tracking":false,"_monsterinsights_sitenote_active":false,"_monsterinsights_sitenote_note":"","_monsterinsights_sitenote_category":0,"footnotes":""},"class_list":["post-158","page","type-page","status-publish","hentry","no-featured-image"],"_links":{"self":[{"href":"https:\/\/nieczytelne.com\/en\/wp-json\/wp\/v2\/pages\/158","targetHints":{"allow":["GET"]}}],"collection":[{"href":"https:\/\/nieczytelne.com\/en\/wp-json\/wp\/v2\/pages"}],"about":[{"href":"https:\/\/nieczytelne.com\/en\/wp-json\/wp\/v2\/types\/page"}],"author":[{"embeddable":true,"href":"https:\/\/nieczytelne.com\/en\/wp-json\/wp\/v2\/users\/1"}],"replies":[{"embeddable":true,"href":"https:\/\/nieczytelne.com\/en\/wp-json\/wp\/v2\/comments?post=158"}],"version-history":[{"count":7,"href":"https:\/\/nieczytelne.com\/en\/wp-json\/wp\/v2\/pages\/158\/revisions"}],"predecessor-version":[{"id":5671,"href":"https:\/\/nieczytelne.com\/en\/wp-json\/wp\/v2\/pages\/158\/revisions\/5671"}],"up":[{"embeddable":true,"href":"https:\/\/nieczytelne.com\/en\/wp-json\/wp\/v2\/pages\/160"}],"wp:attachment":[{"href":"https:\/\/nieczytelne.com\/en\/wp-json\/wp\/v2\/media?parent=158"}],"curies":[{"name":"wp","href":"https:\/\/api.w.org\/{rel}","templated":true}]}}