{"id":2513,"date":"2022-11-05T12:00:00","date_gmt":"2022-11-05T11:00:00","guid":{"rendered":"https:\/\/nieczytelne.wordpress.com\/?page_id=2513"},"modified":"2025-09-22T22:02:02","modified_gmt":"2025-09-22T20:02:02","slug":"nora","status":"publish","type":"page","link":"https:\/\/nieczytelne.com\/en\/wydania\/nora\/","title":{"rendered":"Nora 219@"},"content":{"rendered":"<div class=\"wp-block-jetpack-layout-grid alignfull column1-desktop-grid__span-2 column1-desktop-grid__row-1 column2-desktop-grid__span-6 column2-desktop-grid__start-3 column2-desktop-grid__row-1 column3-desktop-grid__span-4 column3-desktop-grid__start-9 column3-desktop-grid__row-1 column1-tablet-grid__span-4 column1-tablet-grid__row-1 column2-tablet-grid__span-4 column2-tablet-grid__start-5 column2-tablet-grid__row-1 column3-tablet-grid__span-8 column3-tablet-grid__row-2 column1-mobile-grid__span-4 column1-mobile-grid__row-1 column2-mobile-grid__span-4 column2-mobile-grid__row-2 column3-mobile-grid__span-4 column3-mobile-grid__row-3 wp-block-jetpack-layout-gutter__huge\">\n<div class=\"wp-block-jetpack-layout-grid-column wp-block-jetpack-layout-grid__padding-none\"><\/div>\n\n\n\n<div class=\"wp-block-jetpack-layout-grid-column wp-block-jetpack-layout-grid__padding-none is-vertically-aligned-bottom\">\n<h2 class=\"wp-block-heading has-text-align-right\" style=\"text-transform:uppercase\">Nora 219@<\/h2>\n<\/div>\n\n\n\n<div class=\"wp-block-jetpack-layout-grid-column wp-block-jetpack-layout-grid__padding-none is-vertically-aligned-bottom\">\n<h2 class=\"wp-block-heading has-text-align-right\" id=\"autor-august-o-clairre\" style=\"text-transform:uppercase\">r\u00f3\u017cne osoby autorskie<\/h2>\n<\/div>\n<\/div>\n\n\n\n<div style=\"height:25px\" aria-hidden=\"true\" class=\"wp-block-spacer\"><\/div>\n\n\n\n<div class=\"wp-block-jetpack-layout-grid alignfull column1-desktop-grid__span-4 column1-desktop-grid__row-1 column2-desktop-grid__span-4 column2-desktop-grid__start-5 column2-desktop-grid__row-1 column3-desktop-grid__span-4 column3-desktop-grid__start-9 column3-desktop-grid__row-1 column1-tablet-grid__span-4 column1-tablet-grid__row-1 column2-tablet-grid__span-4 column2-tablet-grid__start-5 column2-tablet-grid__row-1 column3-tablet-grid__span-8 column3-tablet-grid__row-2 column1-mobile-grid__span-4 column1-mobile-grid__row-1 column2-mobile-grid__span-4 column2-mobile-grid__row-2 column3-mobile-grid__span-4 column3-mobile-grid__row-3\">\n<div class=\"wp-block-jetpack-layout-grid-column wp-block-jetpack-layout-grid__padding-none is-vertically-aligned-center\"><div class=\"wp-block-image\">\n<figure class=\"aligncenter size-large is-resized\"><img loading=\"lazy\" decoding=\"async\" width=\"1166\" height=\"1654\" src=\"https:\/\/nieczytelne.com\/wp-content\/uploads\/2022\/11\/nora-zinek-2-1.png?w=712\" alt=\"\" class=\"wp-image-2621\" style=\"width:365px;height:512px\" srcset=\"https:\/\/nieczytelne.com\/wp-content\/uploads\/2022\/11\/nora-zinek-2-1.png 1166w, https:\/\/nieczytelne.com\/wp-content\/uploads\/2022\/11\/nora-zinek-2-1-211x300.png 211w, https:\/\/nieczytelne.com\/wp-content\/uploads\/2022\/11\/nora-zinek-2-1-722x1024.png 722w, https:\/\/nieczytelne.com\/wp-content\/uploads\/2022\/11\/nora-zinek-2-1-768x1089.png 768w, https:\/\/nieczytelne.com\/wp-content\/uploads\/2022\/11\/nora-zinek-2-1-1083x1536.png 1083w\" sizes=\"auto, (max-width: 1166px) 100vw, 1166px\" \/><\/figure>\n<\/div>\n\n\n<div style=\"height:30px\" aria-hidden=\"true\" class=\"wp-block-spacer\"><\/div>\n\n\n\n<div class=\"wp-block-buttons is-layout-flex wp-block-buttons-is-layout-flex\">\n<div class=\"wp-block-button\"><a class=\"wp-block-button__link has-dark-gray-background-color has-background has-custom-font-size wp-element-button\" href=\"https:\/\/nieczytelne.com\/en\/2022\/11\/08\/zaszyc-sie-w-norze\/\" style=\"border-radius:9px;font-size:11px\" target=\"_blank\" rel=\"noreferrer noopener\">Fragment<\/a><\/div>\n\n\n\n<div class=\"wp-block-button\"><a class=\"wp-block-button__link has-dark-gray-background-color has-background has-custom-font-size wp-element-button\" href=\"https:\/\/nieczytelne.com\/wp-content\/uploads\/2023\/01\/nora-reading-format.pdf\" style=\"border-radius:9px;font-size:11px\" target=\"_blank\" rel=\"noreferrer noopener\">Wersja do czytania<\/a><\/div>\n<\/div>\n<\/div>\n\n\n\n<div class=\"wp-block-jetpack-layout-grid-column wp-block-jetpack-layout-grid__padding-none\">\n<p class=\"has-text-align-justify justuj\">Zin o trwaj\u0105cej dobre p\u00f3\u0142tora roku okupacji starodrzewu w Bieszczadach, tzw. &#8222;wydzielenia 219a&#8221;. Stworzona tam zosta\u0142a autonomiczna przestrze\u0144 queerowa i anarchiczna, \u0142\u0105cz\u0105ca wiele p\u0142aszczyzn oporu i walki w jeden eksperyment, kt\u00f3ry osoby autorskie stara\u0142y si\u0119 tu upami\u0119tni\u0107. Tre\u015b\u0107 tak r\u00f3\u017cnorodna, jak samo \u017cycie w Norze: wspomnienia, analizy, zielniki, przepisy, wiersze, kola\u017ce, szkice czy zdj\u0119cia z okupacji. Z tych wszystkich zebranych skrawk\u00f3w Nory wyra\u017anie wida\u0107, \u017ce nie by\u0142a ona wy\u0142\u0105cznie akcj\u0105 polityczn\u0105 &#8211; przekszta\u0142ci\u0142a te\u017c \u017cycia os\u00f3b, kt\u00f3re by\u0142y jej mieszkankami, i dla kt\u00f3rych by\u0142a prawdziwym domem.<\/p>\n<\/div>\n\n\n\n<div class=\"wp-block-jetpack-layout-grid-column wp-block-jetpack-layout-grid__padding-huge is-vertically-aligned-center\">\n<div class=\"wp-block-group\"><div class=\"wp-block-group__inner-container is-layout-flow wp-block-group-is-layout-flow\">\n<h6 class=\"wp-block-heading\" id=\"block-977c1639-b9ec-4a5b-b5e3-9df75a1f07ad\"><img decoding=\"async\" src=\"https:\/\/nieczytelne.com\/wp-content\/uploads\/2022\/01\/quotation2.png\" alt=\"\" style=\"width:30px\"><\/h6>\n\n\n\n<h6 class=\"wp-block-heading has-text-align-center has-dark-gray-color has-text-color\" id=\"zbrodnia-jest-antypolitycznym-pragnieniem-ponownym-odkrywaniem-zdolnosci-naszych-cial-i-woli-zycia-insurekcja-nigdy-nie-bedzie-polityczna-dzialalnoscia-rewolucjonistow-bo-jest-przestepcza-dzialalnoscia-w-drodze-do-stawania-sie-czlowiekiem\" style=\"font-size:15px;font-style:normal;font-weight:400\">Las pomaga\u0142, las jest \u015bwietnym Domem dla zaczarowanych relacji. Ale to nie jest tak, \u017ce Norkowa magia spad\u0142a z drzewa. Przytaszczy\u0142y j\u0105 na w\u0142asnych grzbietach Wilczyce, i to chyba o tym najbardziej chc\u0119 opowiedzie\u0107.<\/h6>\n\n\n\n<div style=\"height:1px\" aria-hidden=\"true\" class=\"wp-block-spacer\"><\/div>\n\n\n\n<h6 class=\"wp-block-heading has-text-align-right\" id=\"block-977c1639-b9ec-4a5b-b5e3-9df75a1f07ad\"><img decoding=\"async\" style=\"width:30px\" src=\"https:\/\/nieczytelne.com\/wp-content\/uploads\/2022\/01\/qutation1.png\" alt=\"\"><\/h6>\n<\/div><\/div>\n<\/div>\n<\/div>","protected":false},"excerpt":{"rendered":"<p>Nora 219@ r\u00f3\u017cne osoby autorskie Zin o trwaj\u0105cej dobre p\u00f3\u0142tora roku okupacji starodrzewu w Bieszczadach, tzw. &#8222;wydzielenia 219a&#8221;. Stworzona tam zosta\u0142a autonomiczna przestrze\u0144 queerowa i anarchiczna, \u0142\u0105cz\u0105ca wiele p\u0142aszczyzn oporu i walki w jeden eksperyment, kt\u00f3ry osoby autorskie stara\u0142y si\u0119 tu upami\u0119tni\u0107. Tre\u015b\u0107 tak r\u00f3\u017cnorodna, jak samo \u017cycie w Norze: wspomnienia, analizy, zielniki, przepisy, wiersze, &hellip; <a href=\"https:\/\/nieczytelne.com\/en\/wydania\/nora\/\" class=\"more-link\">Continue reading <span class=\"screen-reader-text\">Nora 219@<\/span><\/a><\/p>","protected":false},"author":1,"featured_media":0,"parent":160,"menu_order":0,"comment_status":"closed","ping_status":"closed","template":"","meta":{"_monsterinsights_skip_tracking":false,"_monsterinsights_sitenote_active":false,"_monsterinsights_sitenote_note":"","_monsterinsights_sitenote_category":0,"footnotes":""},"class_list":["post-2513","page","type-page","status-publish","hentry","no-featured-image"],"_links":{"self":[{"href":"https:\/\/nieczytelne.com\/en\/wp-json\/wp\/v2\/pages\/2513","targetHints":{"allow":["GET"]}}],"collection":[{"href":"https:\/\/nieczytelne.com\/en\/wp-json\/wp\/v2\/pages"}],"about":[{"href":"https:\/\/nieczytelne.com\/en\/wp-json\/wp\/v2\/types\/page"}],"author":[{"embeddable":true,"href":"https:\/\/nieczytelne.com\/en\/wp-json\/wp\/v2\/users\/1"}],"replies":[{"embeddable":true,"href":"https:\/\/nieczytelne.com\/en\/wp-json\/wp\/v2\/comments?post=2513"}],"version-history":[{"count":7,"href":"https:\/\/nieczytelne.com\/en\/wp-json\/wp\/v2\/pages\/2513\/revisions"}],"predecessor-version":[{"id":5681,"href":"https:\/\/nieczytelne.com\/en\/wp-json\/wp\/v2\/pages\/2513\/revisions\/5681"}],"up":[{"embeddable":true,"href":"https:\/\/nieczytelne.com\/en\/wp-json\/wp\/v2\/pages\/160"}],"wp:attachment":[{"href":"https:\/\/nieczytelne.com\/en\/wp-json\/wp\/v2\/media?parent=2513"}],"curies":[{"name":"wp","href":"https:\/\/api.w.org\/{rel}","templated":true}]}}