{"id":2627,"date":"2022-11-11T21:21:11","date_gmt":"2022-11-11T20:21:11","guid":{"rendered":"https:\/\/nieczytelne.wordpress.com\/?page_id=2627"},"modified":"2025-10-19T19:04:16","modified_gmt":"2025-10-19T17:04:16","slug":"strona-glowna","status":"publish","type":"page","link":"https:\/\/nieczytelne.com\/en\/","title":{"rendered":"Homepage"},"content":{"rendered":"<header class=\"wp-block-cover alignfull has-custom-content-position is-position-center-left\" id=\"https:\/\/nieczytelne.com\/wydania\/insurekcja-ktora-nadchodzi\/\"><img decoding=\"async\" class=\"wp-block-cover__image-background wp-image-5726 size-full\" alt=\"\" src=\"https:\/\/nieczytelne.com\/wp-content\/uploads\/2025\/10\/baner-insurekcja-1.png\" data-object-fit=\"cover\"\/><span aria-hidden=\"true\" class=\"wp-block-cover__background has-background-dim-0 has-background-dim\" style=\"background-color:#3b3b3e\"><\/span><div class=\"wp-block-cover__inner-container is-layout-flow wp-block-cover-is-layout-flow\">\n<h1 class=\"wp-block-heading has-text-align-center has-white-color has-text-color\" style=\"font-size:70px\"><a href=\"https:\/\/nieczytelne.com\/en\/insurekcja-ktora-nadchodzi\/\">LATEST PRINTWORK<\/a><\/h1>\n\n\n\n<hr class=\"wp-block-separator aligncenter has-alpha-channel-opacity\"\/>\n\n\n\n<h2 class=\"wp-block-heading has-text-align-center has-white-color has-text-color\" style=\"font-size:50px;font-style:normal;font-weight:600\"><a href=\"https:\/\/nieczytelne.com\/en\/insurekcja-ktora-nadchodzi\/\">The Coming Insurrection<\/a><\/h2>\n\n\n\n<h2 class=\"wp-block-heading has-text-align-center has-white-color has-text-color\" style=\"font-size:30px;font-style:normal;font-weight:400\"><br><\/h2>\n<\/div><\/header>\n\n\n\n<div style=\"height:40px\" aria-hidden=\"true\" class=\"wp-block-spacer\"><\/div>\n\n\n\n<div class=\"wp-block-jetpack-layout-grid alignfull column1-desktop-grid__span-7 column1-desktop-grid__row-1 column2-desktop-grid__span-5 column2-desktop-grid__start-8 column2-desktop-grid__row-1 column1-tablet-grid__span-4 column1-tablet-grid__row-1 column2-tablet-grid__span-4 column2-tablet-grid__start-5 column2-tablet-grid__row-1 column1-mobile-grid__span-4 column1-mobile-grid__row-1 column2-mobile-grid__span-4 column2-mobile-grid__row-2\">\n<div class=\"wp-block-jetpack-layout-grid-column wp-block-jetpack-layout-grid__padding-none\">\n<h1 class=\"wp-block-heading has-text-align-left has-x-large-font-size\" id=\"ostatnia-publikacja-1\" style=\"font-style:normal;font-weight:900;text-transform:uppercase\">         Latest articles<\/h1>\n<\/div>\n\n\n\n<div class=\"wp-block-jetpack-layout-grid-column wp-block-jetpack-layout-grid__padding-none\"><\/div>\n<\/div>\n\n\n\n<div class=\"wp-block-columns alignfull is-layout-flex wp-container-core-columns-is-layout-9d6595d7 wp-block-columns-is-layout-flex\">\n<div class=\"wp-block-column is-vertically-aligned-center is-layout-flow wp-block-column-is-layout-flow\" style=\"flex-basis:60%\"><div class=\"wp-block-image\">\n<figure class=\"aligncenter size-large\"><a href=\"https:\/\/nieczytelne.com\/en\/2025\/05\/13\/zaklocic-ludobojstwo\/\"><img loading=\"lazy\" decoding=\"async\" width=\"1024\" height=\"576\" src=\"https:\/\/nieczytelne.com\/wp-content\/uploads\/2025\/05\/Untitled-1-1024x576.jpg\" alt=\"\" class=\"wp-image-5570\" srcset=\"https:\/\/nieczytelne.com\/wp-content\/uploads\/2025\/05\/Untitled-1-1024x576.jpg 1024w, https:\/\/nieczytelne.com\/wp-content\/uploads\/2025\/05\/Untitled-1-300x169.jpg 300w, https:\/\/nieczytelne.com\/wp-content\/uploads\/2025\/05\/Untitled-1-768x432.jpg 768w, https:\/\/nieczytelne.com\/wp-content\/uploads\/2025\/05\/Untitled-1-18x10.jpg 18w, https:\/\/nieczytelne.com\/wp-content\/uploads\/2025\/05\/Untitled-1-680x382.jpg 680w, https:\/\/nieczytelne.com\/wp-content\/uploads\/2025\/05\/Untitled-1-1080x608.jpg 1080w, https:\/\/nieczytelne.com\/wp-content\/uploads\/2025\/05\/Untitled-1.jpg 1536w\" sizes=\"auto, (max-width: 1024px) 100vw, 1024px\" \/><\/a><\/figure>\n<\/div><\/div>\n\n\n\n<div class=\"wp-block-column is-vertically-aligned-center is-layout-flow wp-block-column-is-layout-flow\" style=\"flex-basis:40%\">\n<h3 class=\"wp-block-heading has-text-align-left has-dark-gray-color has-text-color\" style=\"font-size:28px;font-style:normal;font-weight:300;text-transform:uppercase\">28.05.2025<br><a href=\"https:\/\/nieczytelne.com\/en\/2025\/05\/13\/zaklocic-ludobojstwo\/\" data-type=\"link\" data-id=\"https:\/\/nieczytelne.com\/2024\/11\/04\/tubycie\/\"><strong><strong>Zak\u0142\u00f3ci\u0107 ludob\u00f3jstwo<\/strong><\/strong><\/a><\/h3>\n\n\n\n<p class=\"justuj\" style=\"font-style:normal;font-weight:300\"><br>Studenckie okupacje w sprawie Palestyny przyci\u0105gn\u0119\u0142y du\u017co uwagi, zupe\u0142nie zreszt\u0105 s\u0142usznie. Nie zosta\u0142y jednak dot\u0105d gruntowanie przemy\u015blanie teoretycznie, r\u00f3wnie\u017c w \u015bwietle innych walk toczonych wok\u00f3\u0142 uniwersytetu i na nim, tak globalnie, jak lokalnie.<\/p>\n<\/div>\n<\/div>\n\n\n\n<div style=\"height:40px\" aria-hidden=\"true\" class=\"wp-block-spacer\"><\/div>\n\n\n\n<div class=\"wp-block-jetpack-layout-grid alignfull column1-desktop-grid__span-6 column1-desktop-grid__row-1 column2-desktop-grid__span-6 column2-desktop-grid__start-7 column2-desktop-grid__row-1 column1-tablet-grid__span-4 column1-tablet-grid__row-1 column2-tablet-grid__span-4 column2-tablet-grid__start-5 column2-tablet-grid__row-1 column1-mobile-grid__span-4 column1-mobile-grid__row-1 column2-mobile-grid__span-4 column2-mobile-grid__row-2 wp-block-jetpack-layout-gutter__huge\">\n<div class=\"wp-block-jetpack-layout-grid-column wp-block-jetpack-layout-grid__padding-none is-vertically-aligned-center\">\n<div class=\"wp-block-group\"><div class=\"wp-block-group__inner-container is-layout-constrained wp-block-group-is-layout-constrained\">\n<hr class=\"wp-block-separator has-text-color has-alpha-channel-opacity has-background\" style=\"background-color:#edebe659;color:#edebe659\"\/>\n\n\n<div class=\"wp-block-image\">\n<figure class=\"aligncenter size-large is-resized\"><img loading=\"lazy\" decoding=\"async\" width=\"1024\" height=\"576\" src=\"https:\/\/nieczytelne.com\/wp-content\/uploads\/2024\/11\/Untitled-1-1024x576.jpg\" alt=\"\" class=\"wp-image-5524\" style=\"width:510px\" srcset=\"https:\/\/nieczytelne.com\/wp-content\/uploads\/2024\/11\/Untitled-1-1024x576.jpg 1024w, https:\/\/nieczytelne.com\/wp-content\/uploads\/2024\/11\/Untitled-1-300x169.jpg 300w, https:\/\/nieczytelne.com\/wp-content\/uploads\/2024\/11\/Untitled-1-768x432.jpg 768w, https:\/\/nieczytelne.com\/wp-content\/uploads\/2024\/11\/Untitled-1-18x10.jpg 18w, https:\/\/nieczytelne.com\/wp-content\/uploads\/2024\/11\/Untitled-1-680x382.jpg 680w, https:\/\/nieczytelne.com\/wp-content\/uploads\/2024\/11\/Untitled-1-1080x608.jpg 1080w, https:\/\/nieczytelne.com\/wp-content\/uploads\/2024\/11\/Untitled-1.jpg 1536w\" sizes=\"auto, (max-width: 1024px) 100vw, 1024px\" \/><\/figure>\n<\/div>\n\n\n<div style=\"height:25px\" aria-hidden=\"true\" class=\"wp-block-spacer\"><\/div>\n\n\n\n<h5 class=\"wp-block-heading has-text-align-right has-dark-gray-color has-text-color has-medium-font-size\" style=\"font-style:normal;font-weight:300\">05.11.2024<br><strong><strong><strong><strong><a href=\"https:\/\/nieczytelne.com\/en\/2024\/11\/04\/tubycie\/\" data-type=\"link\" data-id=\"https:\/\/nieczytelne.com\/2024\/11\/04\/tubycie\/\"><a href=\"https:\/\/nieczytelne.com\/en\/2024\/11\/04\/tubycie\/\" data-type=\"link\" data-id=\"https:\/\/nieczytelne.com\/2024\/11\/04\/tubycie\/\"><strong><strong>W kierunku niepa\u0144stwowego tubycia<\/strong><\/strong><\/a><\/a><\/strong><\/strong><\/strong><\/strong><\/h5>\n\n\n\n<div style=\"height:30px\" aria-hidden=\"true\" class=\"wp-block-spacer\"><\/div>\n<\/div><\/div>\n\n\n\n<div class=\"wp-block-group\"><div class=\"wp-block-group__inner-container is-layout-constrained wp-block-group-is-layout-constrained\">\n<hr class=\"wp-block-separator has-text-color has-alpha-channel-opacity has-background\" style=\"background-color:#edebe659;color:#edebe659\"\/>\n\n\n<div class=\"wp-block-image\">\n<figure class=\"aligncenter size-large is-resized\"><img loading=\"lazy\" decoding=\"async\" width=\"1024\" height=\"576\" src=\"https:\/\/nieczytelne.com\/wp-content\/uploads\/2024\/07\/Untitled-1-1024x576.jpg\" alt=\"\" class=\"wp-image-5483\" style=\"width:510px\" srcset=\"https:\/\/nieczytelne.com\/wp-content\/uploads\/2024\/07\/Untitled-1-1024x576.jpg 1024w, https:\/\/nieczytelne.com\/wp-content\/uploads\/2024\/07\/Untitled-1-300x169.jpg 300w, https:\/\/nieczytelne.com\/wp-content\/uploads\/2024\/07\/Untitled-1-768x432.jpg 768w, https:\/\/nieczytelne.com\/wp-content\/uploads\/2024\/07\/Untitled-1-18x10.jpg 18w, https:\/\/nieczytelne.com\/wp-content\/uploads\/2024\/07\/Untitled-1-680x382.jpg 680w, https:\/\/nieczytelne.com\/wp-content\/uploads\/2024\/07\/Untitled-1-1080x608.jpg 1080w, https:\/\/nieczytelne.com\/wp-content\/uploads\/2024\/07\/Untitled-1.jpg 1536w\" sizes=\"auto, (max-width: 1024px) 100vw, 1024px\" \/><\/figure>\n<\/div>\n\n\n<div style=\"height:25px\" aria-hidden=\"true\" class=\"wp-block-spacer\"><\/div>\n\n\n\n<h5 class=\"wp-block-heading has-text-align-left has-dark-gray-color has-text-color has-medium-font-size\" style=\"font-style:normal;font-weight:300;text-transform:uppercase\">31.07.2024<br><strong><strong><strong><strong><strong><strong><a href=\"https:\/\/nieczytelne.com\/en\/2024\/07\/28\/dekonstruujac-anarchie\/\" data-type=\"link\" data-id=\"https:\/\/nieczytelne.com\/2024\/07\/28\/dekonstruujac-anarchie\/\"><strong><strong><strong><strong><strong><a href=\"https:\/\/nieczytelne.com\/en\/2024\/07\/28\/dekonstruujac-anarchie\/\" data-type=\"link\" data-id=\"https:\/\/nieczytelne.com\/2024\/07\/28\/dekonstruujac-anarchie\/\">dekonstruuj\u0105c anarchi\u0119<\/a><\/strong><\/strong><\/strong><\/strong><\/strong><\/a><\/strong><\/strong><\/strong><\/strong><\/strong><\/strong><\/h5>\n\n\n\n<h5 class=\"wp-block-heading has-text-align-left has-dark-gray-color has-text-color has-medium-font-size\" style=\"text-transform:uppercase\"><br><br><\/h5>\n<\/div><\/div>\n<\/div>\n\n\n\n<div class=\"wp-block-jetpack-layout-grid-column wp-block-jetpack-layout-grid__padding-none\">\n<h1 class=\"wp-block-heading has-text-align-left has-x-large-font-size\" id=\"serie\" style=\"font-style:normal;font-weight:900;text-transform:uppercase\">Series<\/h1>\n\n\n\n<div style=\"height:10px\" aria-hidden=\"true\" class=\"wp-block-spacer\"><\/div>\n\n\n\n<div class=\"wp-block-group is-vertical is-layout-flex wp-container-core-group-is-layout-8cad6afd wp-block-group-is-layout-flex\">\n<div class=\"wp-block-jetpack-layout-grid column1-desktop-grid__span-6 column1-desktop-grid__row-1 column2-desktop-grid__span-5 column2-desktop-grid__start-7 column2-desktop-grid__row-1 column1-tablet-grid__span-4 column1-tablet-grid__row-1 column2-tablet-grid__span-4 column2-tablet-grid__start-5 column2-tablet-grid__row-1 column1-mobile-grid__span-4 column1-mobile-grid__row-1 column2-mobile-grid__span-4 column2-mobile-grid__row-2 wp-block-jetpack-layout-gutter__huge\">\n<div class=\"wp-block-jetpack-layout-grid-column wp-block-jetpack-layout-grid__padding-none is-vertically-aligned-top\">\n<figure class=\"wp-block-image size-full\"><a href=\"https:\/\/nieczytelne.com\/en\/ruchy-przeciwko-bezruchowi\/\"><img loading=\"lazy\" decoding=\"async\" width=\"1030\" height=\"1030\" src=\"https:\/\/nieczytelne.com\/wp-content\/uploads\/2022\/10\/1-4.png\" alt=\"\" class=\"wp-image-2079\" style=\"object-fit:cover\" srcset=\"https:\/\/nieczytelne.com\/wp-content\/uploads\/2022\/10\/1-4.png 1030w, https:\/\/nieczytelne.com\/wp-content\/uploads\/2022\/10\/1-4-300x300.png 300w, https:\/\/nieczytelne.com\/wp-content\/uploads\/2022\/10\/1-4-1024x1024.png 1024w, https:\/\/nieczytelne.com\/wp-content\/uploads\/2022\/10\/1-4-150x150.png 150w, https:\/\/nieczytelne.com\/wp-content\/uploads\/2022\/10\/1-4-768x768.png 768w\" sizes=\"auto, (max-width: 1030px) 100vw, 1030px\" \/><\/a><\/figure>\n<\/div>\n\n\n\n<div class=\"wp-block-jetpack-layout-grid-column wp-block-jetpack-layout-grid__padding-none is-vertically-aligned-center\">\n<h3 class=\"wp-block-heading has-text-align-left\" style=\"font-style:normal;font-weight:800\"><strong><a href=\"https:\/\/nieczytelne.com\/en\/ruchy-przeciwko-bezruchowi\/\" data-type=\"URL\" data-id=\"https:\/\/nieczytelne.com\/ruchy-przeciwko-bezruchowi\/\">MOVEMENTS AGAINST INERTIA<\/a><\/strong><\/h3>\n\n\n\n<p class=\"has-text-align-left\" style=\"font-style:normal;font-weight:300\">on political inertia and all that opposes it<\/p>\n\n\n\n<hr class=\"wp-block-separator has-text-color has-alpha-channel-opacity has-background\" style=\"background-color:#edebe659;color:#edebe659\"\/>\n<\/div>\n<\/div>\n\n\n\n<div class=\"wp-block-jetpack-layout-grid column1-desktop-grid__span-6 column1-desktop-grid__row-1 column2-desktop-grid__span-6 column2-desktop-grid__start-7 column2-desktop-grid__row-1 column1-tablet-grid__span-4 column1-tablet-grid__row-1 column2-tablet-grid__span-4 column2-tablet-grid__start-5 column2-tablet-grid__row-1 column1-mobile-grid__span-4 column1-mobile-grid__row-1 column2-mobile-grid__span-4 column2-mobile-grid__row-2 wp-block-jetpack-layout-gutter__huge\">\n<div class=\"wp-block-jetpack-layout-grid-column wp-block-jetpack-layout-grid__padding-none is-vertically-aligned-top\">\n<figure class=\"wp-block-image size-full\"><a href=\"https:\/\/nieczytelne.com\/en\/inne-zycie\/\"><img loading=\"lazy\" decoding=\"async\" width=\"1030\" height=\"1030\" src=\"https:\/\/nieczytelne.com\/wp-content\/uploads\/2022\/10\/2-2.png\" alt=\"\" class=\"wp-image-2072\" srcset=\"https:\/\/nieczytelne.com\/wp-content\/uploads\/2022\/10\/2-2.png 1030w, https:\/\/nieczytelne.com\/wp-content\/uploads\/2022\/10\/2-2-300x300.png 300w, https:\/\/nieczytelne.com\/wp-content\/uploads\/2022\/10\/2-2-1024x1024.png 1024w, https:\/\/nieczytelne.com\/wp-content\/uploads\/2022\/10\/2-2-150x150.png 150w, https:\/\/nieczytelne.com\/wp-content\/uploads\/2022\/10\/2-2-768x768.png 768w\" sizes=\"auto, (max-width: 1030px) 100vw, 1030px\" \/><\/a><\/figure>\n\n\n\n<div style=\"height:1px\" aria-hidden=\"true\" class=\"wp-block-spacer\"><\/div>\n<\/div>\n\n\n\n<div class=\"wp-block-jetpack-layout-grid-column wp-block-jetpack-layout-grid__padding-none is-vertically-aligned-center\">\n<h3 class=\"wp-block-heading has-text-align-left\" style=\"text-transform:uppercase\"><strong><a href=\"https:\/\/nieczytelne.com\/en\/inne-zycie\/\" data-type=\"URL\" data-id=\"https:\/\/nieczytelne.com\/inne-zycie\">ANOTHER life<\/a><\/strong><\/h3>\n\n\n\n<p class=\"has-text-align-left\" style=\"font-style:normal;font-weight:300\">on living life to its fullest despite the imposed capitalist reality<\/p>\n\n\n\n<hr class=\"wp-block-separator has-text-color has-alpha-channel-opacity has-background\" style=\"background-color:#edebe659;color:#edebe659\"\/>\n<\/div>\n<\/div>\n\n\n\n<div class=\"wp-block-jetpack-layout-grid column1-desktop-grid__span-6 column1-desktop-grid__row-1 column2-desktop-grid__span-6 column2-desktop-grid__start-7 column2-desktop-grid__row-1 column1-tablet-grid__span-4 column1-tablet-grid__row-1 column2-tablet-grid__span-4 column2-tablet-grid__start-5 column2-tablet-grid__row-1 column1-mobile-grid__span-4 column1-mobile-grid__row-1 column2-mobile-grid__span-4 column2-mobile-grid__row-2 wp-block-jetpack-layout-gutter__huge\">\n<div class=\"wp-block-jetpack-layout-grid-column wp-block-jetpack-layout-grid__padding-none is-vertically-aligned-top\">\n<figure class=\"wp-block-image size-full\"><a href=\"https:\/\/nieczytelne.com\/en\/nieklasycznie\/\"><img loading=\"lazy\" decoding=\"async\" width=\"1030\" height=\"1030\" src=\"https:\/\/nieczytelne.com\/wp-content\/uploads\/2022\/10\/3-2.png\" alt=\"\" class=\"wp-image-2075\" srcset=\"https:\/\/nieczytelne.com\/wp-content\/uploads\/2022\/10\/3-2.png 1030w, https:\/\/nieczytelne.com\/wp-content\/uploads\/2022\/10\/3-2-300x300.png 300w, https:\/\/nieczytelne.com\/wp-content\/uploads\/2022\/10\/3-2-1024x1024.png 1024w, https:\/\/nieczytelne.com\/wp-content\/uploads\/2022\/10\/3-2-150x150.png 150w, https:\/\/nieczytelne.com\/wp-content\/uploads\/2022\/10\/3-2-768x768.png 768w\" sizes=\"auto, (max-width: 1030px) 100vw, 1030px\" \/><\/a><\/figure>\n<\/div>\n\n\n\n<div class=\"wp-block-jetpack-layout-grid-column wp-block-jetpack-layout-grid__padding-none is-vertically-aligned-center\">\n<h3 class=\"wp-block-heading has-text-align-left\" style=\"text-transform:uppercase\"><strong><a href=\"https:\/\/nieczytelne.com\/en\/nieklasycznie\/\" data-type=\"URL\" data-id=\"https:\/\/nieczytelne.com\/nieklasycznie\">Unclassically<\/a><\/strong><\/h3>\n\n\n\n<p class=\"has-text-align-left\" style=\"font-style:normal;font-weight:300\">about non-classics and non-classical thinking in the spirit of non-tradition<\/p>\n<\/div>\n<\/div>\n<\/div>\n<\/div>\n<\/div>\n\n\n\n<div class=\"wp-block-group\"><div class=\"wp-block-group__inner-container is-layout-constrained wp-block-group-is-layout-constrained\">\n<hr class=\"wp-block-separator has-text-color has-alpha-channel-opacity has-background\" style=\"background-color:#edebe659;color:#edebe659\"\/>\n\n\n\n<h6 class=\"wp-block-heading\" id=\"block-977c1639-b9ec-4a5b-b5e3-9df75a1f07ad\"><img decoding=\"async\" src=\"https:\/\/nieczytelne.com\/wp-content\/uploads\/2022\/01\/quotation2.png\" alt=\"\" style=\"width:30px\"><\/h6>\n\n\n\n<h3 class=\"wp-block-heading has-text-align-center has-dark-gray-color has-text-color\" style=\"font-size:26px;font-style:normal;font-weight:300\"><a href=\"https:\/\/nieczytelne.com\/en\/2023\/03\/19\/wiralnosc-przeciwko-podstawowej-jednostce-zycia\/\" data-type=\"URL\" data-id=\"https:\/\/nieczytelne.com\/wydania\/dlaczego-nie-stawiamy-zadan\/\">WIRALNO\u015a\u0106: PRZECIWKO PODSTAWOWEJ JEDNOSTCE \u017bYCIA<\/a><br>Je\u015bli rewolucyjnym procesom dwudziestego wieku przewodzi\u0142y konkretne, ukonsytuowane grupy takie jak partie, zwi\u0105zki czy klasy, w dzisiejszych powstaniach rol\u0119 tych si\u0142 zast\u0105pi\u0142y memy, infografiki i instagramowe <em>stories<\/em>. (&#8230;) Wiralno\u015b\u0107 kre\u015bli tryb zaka\u017cenia destabilizuj\u0105cy to, jak ukonstytuowane grupy przenikaj\u0105 si\u0119 ze sob\u0105, gmatwaj\u0105c ich pozycj\u0119 w ustalonym porz\u0105dku.<\/h3>\n\n\n\n<div style=\"height:1px\" aria-hidden=\"true\" class=\"wp-block-spacer\"><\/div>\n\n\n\n<h6 class=\"wp-block-heading has-text-align-right\" id=\"block-977c1639-b9ec-4a5b-b5e3-9df75a1f07ad\"><img decoding=\"async\" style=\"width:30px\" src=\"https:\/\/nieczytelne.com\/wp-content\/uploads\/2022\/01\/qutation1.png\" alt=\"\"><\/h6>\n\n\n\n<hr class=\"wp-block-separator has-text-color has-alpha-channel-opacity has-background\" style=\"background-color:#edebe659;color:#edebe659\"\/>\n<\/div><\/div>\n\n\n\n<div style=\"height:50px\" aria-hidden=\"true\" class=\"wp-block-spacer\"><\/div>\n\n\n\n<div class=\"wp-block-columns alignfull is-layout-flex wp-container-core-columns-is-layout-9d6595d7 wp-block-columns-is-layout-flex\">\n<div class=\"wp-block-column is-layout-flow wp-block-column-is-layout-flow\">\n<h1 class=\"wp-block-heading has-text-align-center has-x-large-font-size\" id=\"wydarzenia\" style=\"font-style:normal;font-weight:900;text-transform:uppercase\">Where can you meet us?<\/h1>\n\n\n\n<div style=\"height:15px\" aria-hidden=\"true\" class=\"wp-block-spacer\"><\/div>\n\n\n\n<div class=\"wp-block-group is-horizontal is-content-justification-center is-layout-flex wp-container-core-group-is-layout-00ace616 wp-block-group-is-layout-flex\">\n<div class=\"wp-block-columns wp-container-content-e0b89f81 is-layout-flex wp-container-core-columns-is-layout-9d6595d7 wp-block-columns-is-layout-flex\">\n<div class=\"wp-block-column is-vertically-aligned-top is-layout-flow wp-block-column-is-layout-flow\" style=\"flex-basis:100%\">\n<h3 class=\"wp-block-heading has-text-align-center has-medium-font-size\" style=\"font-style:normal;font-weight:400\">Same si\u0119 jeszcze zastanawiamy ; )<\/h3>\n<\/div>\n<\/div>\n<\/div>\n<\/div>\n<\/div>\n\n\n\n<div style=\"height:15px\" aria-hidden=\"true\" class=\"wp-block-spacer\"><\/div>","protected":false},"excerpt":{"rendered":"<p>Najnowsze artyku\u0142y 28.05.2025Zak\u0142\u00f3ci\u0107 ludob\u00f3jstwo Studenckie okupacje w sprawie Palestyny przyci\u0105gn\u0119\u0142y du\u017co uwagi, zupe\u0142nie zreszt\u0105 s\u0142usznie. Nie zosta\u0142y jednak dot\u0105d gruntowanie przemy\u015blanie teoretycznie, r\u00f3wnie\u017c w \u015bwietle innych walk toczonych wok\u00f3\u0142 uniwersytetu i na nim, tak globalnie, jak lokalnie. 05.11.2024W kierunku niepa\u0144stwowego tubycia 31.07.2024dekonstruuj\u0105c anarchi\u0119 Serie Wydawnicze RUCHY PRZECIWKO BEZRUCHOWI o politycznym bezruchu i wszystkim, co mu &hellip; <a href=\"https:\/\/nieczytelne.com\/en\/\" class=\"more-link\">Continue reading <span class=\"screen-reader-text\">Homepage<\/span><\/a><\/p>","protected":false},"author":1,"featured_media":0,"parent":0,"menu_order":0,"comment_status":"closed","ping_status":"closed","template":"","meta":{"_monsterinsights_skip_tracking":false,"_monsterinsights_sitenote_active":false,"_monsterinsights_sitenote_note":"","_monsterinsights_sitenote_category":0,"footnotes":""},"class_list":["post-2627","page","type-page","status-publish","hentry","no-featured-image"],"_links":{"self":[{"href":"https:\/\/nieczytelne.com\/en\/wp-json\/wp\/v2\/pages\/2627","targetHints":{"allow":["GET"]}}],"collection":[{"href":"https:\/\/nieczytelne.com\/en\/wp-json\/wp\/v2\/pages"}],"about":[{"href":"https:\/\/nieczytelne.com\/en\/wp-json\/wp\/v2\/types\/page"}],"author":[{"embeddable":true,"href":"https:\/\/nieczytelne.com\/en\/wp-json\/wp\/v2\/users\/1"}],"replies":[{"embeddable":true,"href":"https:\/\/nieczytelne.com\/en\/wp-json\/wp\/v2\/comments?post=2627"}],"version-history":[{"count":437,"href":"https:\/\/nieczytelne.com\/en\/wp-json\/wp\/v2\/pages\/2627\/revisions"}],"predecessor-version":[{"id":5728,"href":"https:\/\/nieczytelne.com\/en\/wp-json\/wp\/v2\/pages\/2627\/revisions\/5728"}],"wp:attachment":[{"href":"https:\/\/nieczytelne.com\/en\/wp-json\/wp\/v2\/media?parent=2627"}],"curies":[{"name":"wp","href":"https:\/\/api.w.org\/{rel}","templated":true}]}}