{"id":2761,"date":"2022-12-20T16:11:32","date_gmt":"2022-12-20T15:11:32","guid":{"rendered":"https:\/\/nieczytelne.wordpress.com\/?page_id=2761"},"modified":"2025-09-22T22:04:11","modified_gmt":"2025-09-22T20:04:11","slug":"przeciwko-formie-pary","status":"publish","type":"page","link":"https:\/\/nieczytelne.com\/en\/wydania\/przeciwko-formie-pary\/","title":{"rendered":"Againt The Couple-Form"},"content":{"rendered":"<div class=\"wp-block-jetpack-layout-grid alignfull column1-desktop-grid__span-2 column1-desktop-grid__row-1 column2-desktop-grid__span-6 column2-desktop-grid__start-3 column2-desktop-grid__row-1 column3-desktop-grid__span-4 column3-desktop-grid__start-9 column3-desktop-grid__row-1 column1-tablet-grid__span-4 column1-tablet-grid__row-1 column2-tablet-grid__span-4 column2-tablet-grid__start-5 column2-tablet-grid__row-1 column3-tablet-grid__span-8 column3-tablet-grid__row-2 column1-mobile-grid__span-4 column1-mobile-grid__row-1 column2-mobile-grid__span-4 column2-mobile-grid__row-2 column3-mobile-grid__span-4 column3-mobile-grid__row-3 wp-block-jetpack-layout-gutter__huge\">\n<div class=\"wp-block-jetpack-layout-grid-column wp-block-jetpack-layout-grid__padding-none\"><\/div>\n\n\n\n<div class=\"wp-block-jetpack-layout-grid-column wp-block-jetpack-layout-grid__padding-none is-vertically-aligned-bottom\">\n<h2 class=\"wp-block-heading has-text-align-right\" style=\"text-transform:uppercase\">Againt The Couple-Form<\/h2>\n<\/div>\n\n\n\n<div class=\"wp-block-jetpack-layout-grid-column wp-block-jetpack-layout-grid__padding-none is-vertically-aligned-bottom\">\n<h2 class=\"wp-block-heading has-text-align-right\" id=\"autor-august-o-clairre\" style=\"text-transform:uppercase\">Cl\u00e9mence X. Clementine and associates from the Infinite Venom Girl Gang<\/h2>\n<\/div>\n<\/div>\n\n\n\n<div style=\"height:25px\" aria-hidden=\"true\" class=\"wp-block-spacer\"><\/div>\n\n\n\n<div class=\"wp-block-jetpack-layout-grid alignfull column1-desktop-grid__span-4 column1-desktop-grid__row-1 column2-desktop-grid__span-4 column2-desktop-grid__start-5 column2-desktop-grid__row-1 column3-desktop-grid__span-4 column3-desktop-grid__start-9 column3-desktop-grid__row-1 column1-tablet-grid__span-4 column1-tablet-grid__row-1 column2-tablet-grid__span-4 column2-tablet-grid__start-5 column2-tablet-grid__row-1 column3-tablet-grid__span-8 column3-tablet-grid__row-2 column1-mobile-grid__span-4 column1-mobile-grid__row-1 column2-mobile-grid__span-4 column2-mobile-grid__row-2 column3-mobile-grid__span-4 column3-mobile-grid__row-3\">\n<div class=\"wp-block-jetpack-layout-grid-column wp-block-jetpack-layout-grid__padding-none is-vertically-aligned-center\"><div class=\"wp-block-image\">\n<figure class=\"aligncenter size-large is-resized\"><img loading=\"lazy\" decoding=\"async\" width=\"1210\" height=\"1708\" src=\"https:\/\/nieczytelne.com\/wp-content\/uploads\/2022\/12\/przeciwko-formie-pary-okladka-1-1.png?w=712\" alt=\"\" class=\"wp-image-2817\" style=\"width:360px;height:512px\" srcset=\"https:\/\/nieczytelne.com\/wp-content\/uploads\/2022\/12\/przeciwko-formie-pary-okladka-1-1.png 1210w, https:\/\/nieczytelne.com\/wp-content\/uploads\/2022\/12\/przeciwko-formie-pary-okladka-1-1-213x300.png 213w, https:\/\/nieczytelne.com\/wp-content\/uploads\/2022\/12\/przeciwko-formie-pary-okladka-1-1-725x1024.png 725w, https:\/\/nieczytelne.com\/wp-content\/uploads\/2022\/12\/przeciwko-formie-pary-okladka-1-1-768x1084.png 768w, https:\/\/nieczytelne.com\/wp-content\/uploads\/2022\/12\/przeciwko-formie-pary-okladka-1-1-1088x1536.png 1088w\" sizes=\"auto, (max-width: 1210px) 100vw, 1210px\" \/><\/figure>\n<\/div>\n\n\n<div style=\"height:30px\" aria-hidden=\"true\" class=\"wp-block-spacer\"><\/div>\n\n\n\n<div class=\"wp-block-buttons is-layout-flex wp-block-buttons-is-layout-flex\">\n<div class=\"wp-block-button\"><a class=\"wp-block-button__link has-dark-gray-background-color has-background has-custom-font-size wp-element-button\" href=\"https:\/\/pl.anarchistlibraries.net\/library\/clemence-x-clementine-oraz-wspolniczki-z-infinite-venom-girl-gang-przeciwko-formie-pary\" style=\"border-radius:9px;font-size:11px\" target=\"_blank\" rel=\"noreferrer noopener\">Anarchobiblioteka<\/a><\/div>\n\n\n\n<div class=\"wp-block-button\"><a class=\"wp-block-button__link has-dark-gray-background-color has-background has-custom-font-size wp-element-button\" href=\"https:\/\/nieczytelne.com\/wp-content\/uploads\/2025\/09\/przeciwko-formie-pary-druk.pdf\" style=\"border-radius:9px;font-size:11px\" target=\"_blank\" rel=\"noreferrer noopener\">Wersja do druku<\/a><\/div>\n\n\n\n<div class=\"wp-block-button\"><a class=\"wp-block-button__link has-dark-gray-background-color has-background has-custom-font-size wp-element-button\" href=\"https:\/\/nieczytelne.com\/wp-content\/uploads\/2022\/12\/przeciwko-formie-pary-okladka-a5.pdf\" style=\"border-radius:9px;font-size:11px\" target=\"_blank\" rel=\"noreferrer noopener\">Ok\u0142adka<\/a><\/div>\n<\/div>\n<\/div>\n\n\n\n<div class=\"wp-block-jetpack-layout-grid-column wp-block-jetpack-layout-grid__padding-none\">\n<p class=\"has-text-align-justify justuj\">Na celowniku feministycznej krytyki jest zwykle sama systemowa opresja os\u00f3b kobiecych \u2013 ewentualnie instytucja ma\u0142\u017ce\u0144stwa. Co je\u015bli jednak wroga nam jest sama forma (hetero-, queer- czy poli-) par \u2013 samo to, jak si\u0119 kochamy? Tekst ten dostrzega w parze mechanizm ukierunkowuj\u0105cy nasze pragnienia tak, by s\u0142u\u017cy\u0142y kapita\u0142owi i patriarchatowi, p\u0119taj\u0105cy ich swobod\u0119 i zapobiegaj\u0105cy tworzeniu wi\u0119zi z innymi osobami, istotami i bytami. Przezwyci\u0119\u017cenie formy-pary \u2013 ale i otwarcie si\u0119 na wszystko, czego nie mie\u015bci i nauka swoich emocji \u2013 mo\u017ce da\u0107 szans\u0119 na pokonanie dotykaj\u0105cej nas alienacji i odnalezienie innego horyzontu dla mi\u0142o\u015bci: zakochanie si\u0119 w ca\u0142ym \u015bwiecie.<\/p>\n\n\n\n<p>Cz\u0119\u015b\u0107 serii <a href=\"https:\/\/nieczytelne.com\/en\/serie\/inne-zycie\/\" data-type=\"URL\" data-id=\"https:\/\/nieczytelne.com\/serie\/inne-zycie\/\">ANOTHER life<\/a>.<\/p>\n<\/div>\n\n\n\n<div class=\"wp-block-jetpack-layout-grid-column wp-block-jetpack-layout-grid__padding-huge is-vertically-aligned-center\">\n<div class=\"wp-block-group\"><div class=\"wp-block-group__inner-container is-layout-flow wp-block-group-is-layout-flow\">\n<h6 class=\"wp-block-heading\" id=\"block-977c1639-b9ec-4a5b-b5e3-9df75a1f07ad\"><img decoding=\"async\" src=\"https:\/\/nieczytelne.com\/wp-content\/uploads\/2022\/01\/quotation2.png\" alt=\"\" style=\"width:30px\"><\/h6>\n\n\n\n<h6 class=\"wp-block-heading has-text-align-center has-dark-gray-color has-text-color\" id=\"zbrodnia-jest-antypolitycznym-pragnieniem-ponownym-odkrywaniem-zdolnosci-naszych-cial-i-woli-zycia-insurekcja-nigdy-nie-bedzie-polityczna-dzialalnoscia-rewolucjonistow-bo-jest-przestepcza-dzialalnoscia-w-drodze-do-stawania-sie-czlowiekiem\" style=\"font-size:15px;font-style:normal;font-weight:400\">Demontowanie logiki pary nie jest wyrazem niesmaku wobec mi\u0142o\u015bci, a raczej krytyk\u0105 ukierunkowywania jej ku konkretnemu obiektowi. (\u2026) Krytyka pary obejmuje raczej analiz\u0119 tego, jak patriarchat zrekuperowa\u0142 kobiece pragnienie solidarno\u015bci, intymno\u015bci, ekscytacji, negacji i wydarze\u0144 w konsolidacj\u0119 fallicznej w\u0142adzy i gromadzenie kapita\u0142u.<\/h6>\n\n\n\n<div style=\"height:1px\" aria-hidden=\"true\" class=\"wp-block-spacer\"><\/div>\n\n\n\n<h6 class=\"wp-block-heading has-text-align-right\" id=\"block-977c1639-b9ec-4a5b-b5e3-9df75a1f07ad\"><img decoding=\"async\" style=\"width:30px\" src=\"https:\/\/nieczytelne.com\/wp-content\/uploads\/2022\/01\/qutation1.png\" alt=\"\"><\/h6>\n<\/div><\/div>\n<\/div>\n<\/div>","protected":false},"excerpt":{"rendered":"<p>Przeciwko formie-pary Cl\u00e9mence X. Clementine oraz wsp\u00f3lniczki z Infinite Venom Girl Gang Na celowniku feministycznej krytyki jest zwykle sama systemowa opresja os\u00f3b kobiecych \u2013 ewentualnie instytucja ma\u0142\u017ce\u0144stwa. Co je\u015bli jednak wroga nam jest sama forma (hetero-, queer- czy poli-) par \u2013 samo to, jak si\u0119 kochamy? Tekst ten dostrzega w parze mechanizm ukierunkowuj\u0105cy nasze pragnienia &hellip; <a href=\"https:\/\/nieczytelne.com\/en\/wydania\/przeciwko-formie-pary\/\" class=\"more-link\">Continue reading <span class=\"screen-reader-text\">Againt The Couple-Form<\/span><\/a><\/p>","protected":false},"author":1,"featured_media":0,"parent":160,"menu_order":0,"comment_status":"closed","ping_status":"closed","template":"","meta":{"_monsterinsights_skip_tracking":false,"_monsterinsights_sitenote_active":false,"_monsterinsights_sitenote_note":"","_monsterinsights_sitenote_category":0,"footnotes":""},"class_list":["post-2761","page","type-page","status-publish","hentry","no-featured-image"],"_links":{"self":[{"href":"https:\/\/nieczytelne.com\/en\/wp-json\/wp\/v2\/pages\/2761","targetHints":{"allow":["GET"]}}],"collection":[{"href":"https:\/\/nieczytelne.com\/en\/wp-json\/wp\/v2\/pages"}],"about":[{"href":"https:\/\/nieczytelne.com\/en\/wp-json\/wp\/v2\/types\/page"}],"author":[{"embeddable":true,"href":"https:\/\/nieczytelne.com\/en\/wp-json\/wp\/v2\/users\/1"}],"replies":[{"embeddable":true,"href":"https:\/\/nieczytelne.com\/en\/wp-json\/wp\/v2\/comments?post=2761"}],"version-history":[{"count":6,"href":"https:\/\/nieczytelne.com\/en\/wp-json\/wp\/v2\/pages\/2761\/revisions"}],"predecessor-version":[{"id":5683,"href":"https:\/\/nieczytelne.com\/en\/wp-json\/wp\/v2\/pages\/2761\/revisions\/5683"}],"up":[{"embeddable":true,"href":"https:\/\/nieczytelne.com\/en\/wp-json\/wp\/v2\/pages\/160"}],"wp:attachment":[{"href":"https:\/\/nieczytelne.com\/en\/wp-json\/wp\/v2\/media?parent=2761"}],"curies":[{"name":"wp","href":"https:\/\/api.w.org\/{rel}","templated":true}]}}