{"id":3000,"date":"2023-01-30T02:38:28","date_gmt":"2023-01-30T01:38:28","guid":{"rendered":"https:\/\/nieczytelne.wordpress.com\/?page_id=3000"},"modified":"2025-09-22T22:37:42","modified_gmt":"2025-09-22T20:37:42","slug":"porosna-nas-grzyby","status":"publish","type":"page","link":"https:\/\/nieczytelne.com\/en\/wydania\/porosna-nas-grzyby\/","title":{"rendered":"We'll Be Overgrown By Mushrooms"},"content":{"rendered":"<div class=\"wp-block-jetpack-layout-grid alignfull column1-desktop-grid__span-2 column1-desktop-grid__row-1 column2-desktop-grid__span-6 column2-desktop-grid__start-3 column2-desktop-grid__row-1 column3-desktop-grid__span-4 column3-desktop-grid__start-9 column3-desktop-grid__row-1 column1-tablet-grid__span-4 column1-tablet-grid__row-1 column2-tablet-grid__span-4 column2-tablet-grid__start-5 column2-tablet-grid__row-1 column3-tablet-grid__span-8 column3-tablet-grid__row-2 column1-mobile-grid__span-4 column1-mobile-grid__row-1 column2-mobile-grid__span-4 column2-mobile-grid__row-2 column3-mobile-grid__span-4 column3-mobile-grid__row-3 wp-block-jetpack-layout-gutter__huge\">\n<div class=\"wp-block-jetpack-layout-grid-column wp-block-jetpack-layout-grid__padding-none\"><\/div>\n\n\n\n<div class=\"wp-block-jetpack-layout-grid-column wp-block-jetpack-layout-grid__padding-none is-vertically-aligned-bottom\">\n<h2 class=\"wp-block-heading has-text-align-right\" style=\"text-transform:uppercase\">porosn\u0105 nas grzyby<br><\/h2>\n\n\n\n<h2 class=\"wp-block-heading has-text-align-right\" style=\"font-style:normal;font-weight:500;text-transform:uppercase\">Rzecz o lesie, czortach <br>i wychodzeniu<br><\/h2>\n<\/div>\n\n\n\n<div class=\"wp-block-jetpack-layout-grid-column wp-block-jetpack-layout-grid__padding-none is-vertically-aligned-bottom\">\n<h2 class=\"wp-block-heading has-text-align-right\" id=\"autor-august-o-clairre\" style=\"text-transform:uppercase\">mi\u0142 (etnoryt)<\/h2>\n<\/div>\n<\/div>\n\n\n\n<div style=\"height:25px\" aria-hidden=\"true\" class=\"wp-block-spacer\"><\/div>\n\n\n\n<div class=\"wp-block-jetpack-layout-grid alignfull column1-desktop-grid__span-4 column1-desktop-grid__row-1 column2-desktop-grid__span-4 column2-desktop-grid__start-5 column2-desktop-grid__row-1 column3-desktop-grid__span-4 column3-desktop-grid__start-9 column3-desktop-grid__row-1 column1-tablet-grid__span-4 column1-tablet-grid__row-1 column2-tablet-grid__span-4 column2-tablet-grid__start-5 column2-tablet-grid__row-1 column3-tablet-grid__span-8 column3-tablet-grid__row-2 column1-mobile-grid__span-4 column1-mobile-grid__row-1 column2-mobile-grid__span-4 column2-mobile-grid__row-2 column3-mobile-grid__span-4 column3-mobile-grid__row-3\">\n<div class=\"wp-block-jetpack-layout-grid-column wp-block-jetpack-layout-grid__padding-none is-vertically-aligned-center\"><div class=\"wp-block-image\">\n<figure class=\"aligncenter size-large is-resized\"><img decoding=\"async\" src=\"https:\/\/nieczytelne.com\/wp-content\/uploads\/2023\/01\/okladka-calosc-1.png?w=724\" alt=\"\" class=\"wp-image-3002\" style=\"width:360px;height:512px\"\/><\/figure>\n<\/div>\n\n\n<div style=\"height:29px\" aria-hidden=\"true\" class=\"wp-block-spacer\"><\/div>\n\n\n\n<div class=\"wp-block-buttons is-layout-flex wp-block-buttons-is-layout-flex\">\n<div class=\"wp-block-button\"><a class=\"wp-block-button__link has-dark-gray-background-color has-background has-custom-font-size wp-element-button\" href=\"https:\/\/nieczytelne.com\/wp-content\/uploads\/2023\/02\/porosna-nas-grzyby-do-czytania-1.pdf\" style=\"border-radius:9px;font-size:11px\" target=\"_blank\" rel=\"noreferrer noopener\">Wersja do czytania<\/a><\/div>\n<\/div>\n<\/div>\n\n\n\n<div class=\"wp-block-jetpack-layout-grid-column wp-block-jetpack-layout-grid__padding-none\">\n<p class=\"has-text-align-justify justuj\">Czy w dobie poszukiwa\u0144 nowych form \u201ebycia\u201d lub te\u017c \u201estanowienia\u201d alternatyw\u0105 i drog\u0105 zarazem najbli\u017csz\u0105, sta\u0107 si\u0119 mo\u017ce zwrot ku korzeniom? Mi\u0119dzygatunkowej jedno\u015bci i solidarno\u015bci, wsp\u00f3\u0142byciu b\u0119d\u0105cym sol\u0105 w oku wsp\u00f3\u0142czesnych elit, roszcz\u0105cych sobie prawa do zarz\u0105dzania tak ziemi\u0105 (poprzez masow\u0105 eksploatacj\u0119) jak i cia\u0142ami (nie)ludzkimi. Procesowi \u201ewychodzenia\u201d \u2013 dog\u0142\u0119bnej krytyce zachodniego <em>status quo<\/em> \u2013 niech wi\u0119c towarzyszy refleksja nad zakorzenieniem b\u0105d\u017a jego mo\u017cliwo\u015bci\u0105. Rozumianym tu jednak nie przez pryzmat abstrakcyjnych twor\u00f3w narodowych, flag, wielkich narracji czy w ko\u0144cu oficjalnej, mainstreamowej historiografii, a zakorzenieniem w ziemi-matce, \u017cywicielce i wojowniczce. Bo pami\u0119ta\u0107 nale\u017cy, \u017ce ka\u017cda rebelia osadzona by\u0142a (lub jest) w konkretnej ekologii kulturowej.<\/p>\n\n\n\n<p>Wydane we wsp\u00f3\u0142pracy z nami przez Mi\u0142a (<a href=\"https:\/\/www.instagram.com\/etnoryt\/\" target=\"_blank\" rel=\"noreferrer noopener\">etnoryt<\/a>).<\/p>\n<\/div>\n\n\n\n<div class=\"wp-block-jetpack-layout-grid-column wp-block-jetpack-layout-grid__padding-huge is-vertically-aligned-center\">\n<div class=\"wp-block-group\"><div class=\"wp-block-group__inner-container is-layout-flow wp-block-group-is-layout-flow\">\n<h6 class=\"wp-block-heading\" id=\"block-977c1639-b9ec-4a5b-b5e3-9df75a1f07ad\"><img decoding=\"async\" src=\"https:\/\/nieczytelne.com\/wp-content\/uploads\/2022\/01\/quotation2.png\" alt=\"\" style=\"width:30px\"><\/h6>\n\n\n\n<h6 class=\"wp-block-heading has-text-align-center has-dark-gray-color has-text-color\" id=\"zbrodnia-jest-antypolitycznym-pragnieniem-ponownym-odkrywaniem-zdolnosci-naszych-cial-i-woli-zycia-insurekcja-nigdy-nie-bedzie-polityczna-dzialalnoscia-rewolucjonistow-bo-jest-przestepcza-dzialalnoscia-w-drodze-do-stawania-sie-czlowiekiem\" style=\"font-size:15px;font-style:normal;font-weight:400\"><em>My, mchy tej ziemi, piasek w waszych przegni\u0142ych na wskro\u015b oczach, wiemy co robi\u0107. Im was wi\u0119cej, tym i nas wi\u0119cej. Naszych twarzy nie ma. (&#8230;) Nie przewodzi nam nikt, pr\u00f3cz nas samych. (&#8230;) Jeste\u015bmy uciekinierami, jak nasi przodkowie, jak nasze przodkinie, w\u0142\u00f3cz\u0119gi Welesa. \u015apiewamy noc\u0105, gdy wok\u00f3\u0142 ta\u0144cz\u0105 wi\u0142y. Ogie\u0144 nie pali nas w d\u0142onie, bo to z naszych serc pochodzi.<\/em><\/h6>\n\n\n\n<div style=\"height:1px\" aria-hidden=\"true\" class=\"wp-block-spacer\"><\/div>\n\n\n\n<h6 class=\"wp-block-heading has-text-align-right\" id=\"block-977c1639-b9ec-4a5b-b5e3-9df75a1f07ad\"><img decoding=\"async\" style=\"width:30px\" src=\"https:\/\/nieczytelne.com\/wp-content\/uploads\/2022\/01\/qutation1.png\" alt=\"\"><\/h6>\n<\/div><\/div>\n<\/div>\n<\/div>","protected":false},"excerpt":{"rendered":"<p>porosn\u0105 nas grzyby Rzecz o lesie, czortach i wychodzeniu mi\u0142 (etnoryt) Czy w dobie poszukiwa\u0144 nowych form \u201ebycia\u201d lub te\u017c \u201estanowienia\u201d alternatyw\u0105 i drog\u0105 zarazem najbli\u017csz\u0105, sta\u0107 si\u0119 mo\u017ce zwrot ku korzeniom? Mi\u0119dzygatunkowej jedno\u015bci i solidarno\u015bci, wsp\u00f3\u0142byciu b\u0119d\u0105cym sol\u0105 w oku wsp\u00f3\u0142czesnych elit, roszcz\u0105cych sobie prawa do zarz\u0105dzania tak ziemi\u0105 (poprzez masow\u0105 eksploatacj\u0119) jak i &hellip; <a href=\"https:\/\/nieczytelne.com\/en\/wydania\/porosna-nas-grzyby\/\" class=\"more-link\">Continue reading <span class=\"screen-reader-text\">We'll Be Overgrown By Mushrooms<\/span><\/a><\/p>","protected":false},"author":1,"featured_media":0,"parent":160,"menu_order":0,"comment_status":"closed","ping_status":"closed","template":"","meta":{"_monsterinsights_skip_tracking":false,"_monsterinsights_sitenote_active":false,"_monsterinsights_sitenote_note":"","_monsterinsights_sitenote_category":0,"footnotes":""},"class_list":["post-3000","page","type-page","status-publish","hentry","no-featured-image"],"_links":{"self":[{"href":"https:\/\/nieczytelne.com\/en\/wp-json\/wp\/v2\/pages\/3000","targetHints":{"allow":["GET"]}}],"collection":[{"href":"https:\/\/nieczytelne.com\/en\/wp-json\/wp\/v2\/pages"}],"about":[{"href":"https:\/\/nieczytelne.com\/en\/wp-json\/wp\/v2\/types\/page"}],"author":[{"embeddable":true,"href":"https:\/\/nieczytelne.com\/en\/wp-json\/wp\/v2\/users\/1"}],"replies":[{"embeddable":true,"href":"https:\/\/nieczytelne.com\/en\/wp-json\/wp\/v2\/comments?post=3000"}],"version-history":[{"count":9,"href":"https:\/\/nieczytelne.com\/en\/wp-json\/wp\/v2\/pages\/3000\/revisions"}],"predecessor-version":[{"id":5696,"href":"https:\/\/nieczytelne.com\/en\/wp-json\/wp\/v2\/pages\/3000\/revisions\/5696"}],"up":[{"embeddable":true,"href":"https:\/\/nieczytelne.com\/en\/wp-json\/wp\/v2\/pages\/160"}],"wp:attachment":[{"href":"https:\/\/nieczytelne.com\/en\/wp-json\/wp\/v2\/media?parent=3000"}],"curies":[{"name":"wp","href":"https:\/\/api.w.org\/{rel}","templated":true}]}}