{"id":3113,"date":"2023-02-14T20:47:13","date_gmt":"2023-02-14T19:47:13","guid":{"rendered":"https:\/\/nieczytelne.wordpress.com\/?page_id=3113"},"modified":"2025-10-08T13:07:33","modified_gmt":"2025-10-08T11:07:33","slug":"o-nas","status":"publish","type":"page","link":"https:\/\/nieczytelne.com\/en\/o-nas\/","title":{"rendered":"About"},"content":{"rendered":"<div class=\"wp-block-jetpack-layout-grid alignfull column1-desktop-grid__span-7 column1-desktop-grid__start-2 column1-desktop-grid__row-1 column2-desktop-grid__span-4 column2-desktop-grid__start-9 column2-desktop-grid__row-1 column1-tablet-grid__span-4 column1-tablet-grid__row-1 column2-tablet-grid__span-4 column2-tablet-grid__start-5 column2-tablet-grid__row-1 column1-mobile-grid__span-4 column1-mobile-grid__row-1 column2-mobile-grid__span-4 column2-mobile-grid__row-2\">\n<div class=\"wp-block-jetpack-layout-grid-column wp-block-jetpack-layout-grid__padding-none\">\n<div style=\"height:15px\" aria-hidden=\"true\" class=\"wp-block-spacer\"><\/div>\n\n\n\n<blockquote class=\"wp-block-quote has-text-align-right is-layout-flow wp-block-quote-is-layout-flow\">\n<p class=\"has-text-align-right\"><em>In any case, it is impossible to go wrong so long as we never forget that the only proper treatment for ourselves and for others is to make ever more radical demands.<\/em><\/p>\n<cite><em><a href=\"https:\/\/theanarchistlibrary.org\/library\/raoul-vaneigem-the-revolution-of-everyday-life\" target=\"_blank\" rel=\"noreferrer noopener\">Raoul Vaneigem, The Revolution of Everyday Life<\/a><\/em><\/cite><\/blockquote>\n\n\n\n<p class=\"has-drop-cap has-text-align-justify justuj\">Nieczytelne s\u0105 projektem t\u0142umaczeniowym, edytorskim, teoretycznym, dystrybucyjnym i wydawniczym &#8211; i pewnie jakim\u015b tam jeszcze. Robimy go partyzancko, w\u0142asnymi si\u0142ami i skupiamy si\u0119 na tym, co dla wielu mo\u017ce by\u0107 nowe, prowokacyjne, radykalne czy obrazoburcze \u2013 anarchiczne i nie tylko.<\/p>\n\n\n\n<p class=\"has-text-align-justify justuj\">Dominant political theories and narratives \u2013 as mediocre as capitalist reality itself \u2013 do not satisfy us. We prefer ideas that are either as practical as hammering nails or as overly epic as heroic myths. And above all, we love it when they allow us to write our own heroic stories \u2013 both tangible and exciting \u2013 that we can then pass on to others, rather than worship dead images of past revolutions.<\/p>\n\n\n\n<p class=\"has-text-align-justify justuj\">We also want to get out of the ideological trenches and reinvigorate our conversations, instead of having debates as predictable as positional warfare; to meet others in no man\u2019s land and map out new directions together. But for that we need a new global perspective that will allow us to place our thinking and doing in a broader context \u2013 and actually see a way out of the current situation.<\/p>\n\n\n\n<p class=\"has-text-align-justify justuj translation-block\">All of this is neither solely for the radicals, nor for the masses. We reach out to each and every one of you individually because we see real potential in <em>us<\/em> \u2013 people who feel similarly, have similar fascinations, inclinations and obsessions. We know that we are everywhere, in almost every environment and political option. <em>We<\/em> \u2013 those misaligned, looking for escape routes, other perspectives, means, ways of life and for each other \u2013 make quite a crowd. We\u2019re also the seeds of an (anti-)political force that will be able to do something about this shitty world.<\/p>\n\n\n\n<p class=\"has-text-align-justify justuj translation-block\">And so we work with post-leftist, postanarchist, ultra-leftist, anti-civ texts and any others that push the boundaries of what is (anti-)politically imaginable. We set a course towards a constant radicalisation of ideas, actions and form, so that we never become complacent. We tackle everything that is new, incomprehensible and illegible to us, so that we can start asking questions again (because, seriously, we often don\u2019t know what the author(s) meant), instead of sticking to the old answers.<\/p>\n\n\n\n<hr class=\"wp-block-separator has-text-color has-alpha-channel-opacity has-background is-style-wide\" style=\"background-color:#edebe659;color:#edebe659\"\/>\n\n\n\n<h3 class=\"wp-block-heading has-text-align-center\" id=\"jesli-chcesz-cos-napisac-pomoc-nam-w-tlumaczeniu-albo-cos-z-nami-wydac\" style=\"font-size:25px\">If you want to write something, help us with translations or publish something with us \u2013 reach out!<\/h3>\n\n\n\n<div style=\"height:20px\" aria-hidden=\"true\" class=\"wp-block-spacer\"><\/div>\n\n\n\n<div class=\"wp-block-jetpack-contact-form\">\n\n\n\n\n\n<\/div>\n<\/div>\n\n\n\n<div class=\"wp-block-jetpack-layout-grid-column wp-block-jetpack-layout-grid__padding-none\">\n<h1 class=\"wp-block-heading has-text-align-center has-text-color\" style=\"color:#fcf4e5\">Friends<\/h1>\n\n\n\n<div style=\"height:30px\" aria-hidden=\"true\" class=\"wp-block-spacer\"><\/div>\n\n\n\n<div class=\"wp-block-columns is-not-stacked-on-mobile is-layout-flex wp-container-core-columns-is-layout-9d6595d7 wp-block-columns-is-layout-flex\">\n<div class=\"wp-block-column is-vertically-aligned-center is-layout-flow wp-block-column-is-layout-flow\"><div class=\"wp-block-image\">\n<figure class=\"alignright size-large is-resized\"><a href=\"https:\/\/crimethinc.com\/\" target=\"_blank\" rel=\"noreferrer noopener\"><img loading=\"lazy\" decoding=\"async\" width=\"1080\" height=\"1080\" src=\"https:\/\/nieczytelne.com\/wp-content\/uploads\/2023\/02\/crimethinc-1.png?w=1024\" alt=\"\" class=\"wp-image-3178\" style=\"width:100px;height:100px\" srcset=\"https:\/\/nieczytelne.com\/wp-content\/uploads\/2023\/02\/crimethinc-1.png 1080w, https:\/\/nieczytelne.com\/wp-content\/uploads\/2023\/02\/crimethinc-1-300x300.png 300w, https:\/\/nieczytelne.com\/wp-content\/uploads\/2023\/02\/crimethinc-1-1024x1024.png 1024w, https:\/\/nieczytelne.com\/wp-content\/uploads\/2023\/02\/crimethinc-1-150x150.png 150w, https:\/\/nieczytelne.com\/wp-content\/uploads\/2023\/02\/crimethinc-1-768x768.png 768w\" sizes=\"auto, (max-width: 1080px) 100vw, 1080px\" \/><\/a><\/figure>\n<\/div><\/div>\n\n\n\n<div class=\"wp-block-column is-vertically-aligned-center is-layout-flow wp-block-column-is-layout-flow\">\n<h3 class=\"wp-block-heading has-text-color\" style=\"color:#fcf4e5\"><a href=\"https:\/\/crimethinc.com\/\" target=\"_blank\" rel=\"noreferrer noopener\">CrimethInc.<\/a><\/h3>\n<\/div>\n<\/div>\n\n\n\n<div class=\"wp-block-columns is-not-stacked-on-mobile is-layout-flex wp-container-core-columns-is-layout-9d6595d7 wp-block-columns-is-layout-flex\">\n<div class=\"wp-block-column is-vertically-aligned-center is-layout-flow wp-block-column-is-layout-flow\"><div class=\"wp-block-image\">\n<figure class=\"alignright size-large is-resized\"><a href=\"https:\/\/illwill.com\/\" target=\"_blank\" rel=\"noreferrer noopener\"><img decoding=\"async\" src=\"https:\/\/nieczytelne.com\/wp-content\/uploads\/2023\/02\/illwill-3.png?w=1024\" alt=\"\" class=\"wp-image-3186\" style=\"width:100px;height:100px\"\/><\/a><\/figure>\n<\/div><\/div>\n\n\n\n<div class=\"wp-block-column is-vertically-aligned-center is-layout-flow wp-block-column-is-layout-flow\">\n<h3 class=\"wp-block-heading has-text-color\" style=\"color:#fcf4e5\"><a href=\"https:\/\/illwill.com\/\" target=\"_blank\" rel=\"noreferrer noopener\">Ill Will Editions<\/a><\/h3>\n<\/div>\n<\/div>\n\n\n\n<div class=\"wp-block-columns is-not-stacked-on-mobile is-layout-flex wp-container-core-columns-is-layout-9d6595d7 wp-block-columns-is-layout-flex\">\n<div class=\"wp-block-column is-vertically-aligned-center is-layout-flow wp-block-column-is-layout-flow\"><div class=\"wp-block-image\">\n<figure class=\"alignright size-large is-resized\"><a href=\"https:\/\/nieporzadekdistro.wordpress.com\/\" target=\"_blank\" rel=\"noreferrer noopener\"><img loading=\"lazy\" decoding=\"async\" width=\"1080\" height=\"1080\" src=\"https:\/\/nieczytelne.com\/wp-content\/uploads\/2023\/02\/nieporzadek-1.png?w=1024\" alt=\"\" class=\"wp-image-3185\" style=\"width:100px;height:100px\" srcset=\"https:\/\/nieczytelne.com\/wp-content\/uploads\/2023\/02\/nieporzadek-1.png 1080w, https:\/\/nieczytelne.com\/wp-content\/uploads\/2023\/02\/nieporzadek-1-300x300.png 300w, https:\/\/nieczytelne.com\/wp-content\/uploads\/2023\/02\/nieporzadek-1-1024x1024.png 1024w, https:\/\/nieczytelne.com\/wp-content\/uploads\/2023\/02\/nieporzadek-1-150x150.png 150w, https:\/\/nieczytelne.com\/wp-content\/uploads\/2023\/02\/nieporzadek-1-768x768.png 768w\" sizes=\"auto, (max-width: 1080px) 100vw, 1080px\" \/><\/a><\/figure>\n<\/div><\/div>\n\n\n\n<div class=\"wp-block-column is-vertically-aligned-center is-layout-flow wp-block-column-is-layout-flow\">\n<h3 class=\"wp-block-heading has-text-color\" style=\"color:#fcf4e5\"><a href=\"https:\/\/nieporzadekdistro.wordpress.com\/\" target=\"_blank\" rel=\"noreferrer noopener\">Disorder distro<\/a><\/h3>\n<\/div>\n<\/div>\n\n\n\n<div class=\"wp-block-columns is-not-stacked-on-mobile is-layout-flex wp-container-core-columns-is-layout-9d6595d7 wp-block-columns-is-layout-flex\">\n<div class=\"wp-block-column is-vertically-aligned-center is-layout-flow wp-block-column-is-layout-flow\"><div class=\"wp-block-image\">\n<figure class=\"alignright size-large is-resized\"><a href=\"https:\/\/nora219a.blackblogs.org\" target=\"_blank\" rel=\"noreferrer noopener\"><img loading=\"lazy\" decoding=\"async\" width=\"1080\" height=\"1080\" src=\"https:\/\/nieczytelne.com\/wp-content\/uploads\/2023\/02\/wilczyce.png?w=1024\" alt=\"\" class=\"wp-image-3211\" style=\"width:100px;height:100px\" srcset=\"https:\/\/nieczytelne.com\/wp-content\/uploads\/2023\/02\/wilczyce.png 1080w, https:\/\/nieczytelne.com\/wp-content\/uploads\/2023\/02\/wilczyce-300x300.png 300w, https:\/\/nieczytelne.com\/wp-content\/uploads\/2023\/02\/wilczyce-1024x1024.png 1024w, https:\/\/nieczytelne.com\/wp-content\/uploads\/2023\/02\/wilczyce-150x150.png 150w, https:\/\/nieczytelne.com\/wp-content\/uploads\/2023\/02\/wilczyce-768x768.png 768w\" sizes=\"auto, (max-width: 1080px) 100vw, 1080px\" \/><\/a><\/figure>\n<\/div><\/div>\n\n\n\n<div class=\"wp-block-column is-vertically-aligned-center is-layout-flow wp-block-column-is-layout-flow\">\n<h3 class=\"wp-block-heading has-text-color\" style=\"color:#fcf4e5\"><a href=\"https:\/\/nora219a.blackblogs.org\" target=\"_blank\" rel=\"noreferrer noopener\">Wolfens Collective<\/a><\/h3>\n<\/div>\n<\/div>\n\n\n\n<div class=\"wp-block-columns is-not-stacked-on-mobile is-layout-flex wp-container-core-columns-is-layout-9d6595d7 wp-block-columns-is-layout-flex\">\n<div class=\"wp-block-column is-vertically-aligned-center is-layout-flow wp-block-column-is-layout-flow\"><div class=\"wp-block-image\">\n<figure class=\"alignright size-full is-resized\"><img loading=\"lazy\" decoding=\"async\" width=\"800\" height=\"800\" src=\"https:\/\/nieczytelne.com\/wp-content\/uploads\/2023\/11\/signal-2023-11-04-202558_002.jpeg\" alt=\"\" class=\"wp-image-4980\" style=\"width:100px;height:100px\" srcset=\"https:\/\/nieczytelne.com\/wp-content\/uploads\/2023\/11\/signal-2023-11-04-202558_002.jpeg 800w, https:\/\/nieczytelne.com\/wp-content\/uploads\/2023\/11\/signal-2023-11-04-202558_002-300x300.jpeg 300w, https:\/\/nieczytelne.com\/wp-content\/uploads\/2023\/11\/signal-2023-11-04-202558_002-150x150.jpeg 150w, https:\/\/nieczytelne.com\/wp-content\/uploads\/2023\/11\/signal-2023-11-04-202558_002-768x768.jpeg 768w, https:\/\/nieczytelne.com\/wp-content\/uploads\/2023\/11\/signal-2023-11-04-202558_002-12x12.jpeg 12w, https:\/\/nieczytelne.com\/wp-content\/uploads\/2023\/11\/signal-2023-11-04-202558_002-75x75.jpeg 75w\" sizes=\"auto, (max-width: 800px) 100vw, 800px\" \/><\/figure>\n<\/div><\/div>\n\n\n\n<div class=\"wp-block-column is-vertically-aligned-center is-layout-flow wp-block-column-is-layout-flow\">\n<h3 class=\"wp-block-heading has-text-color\" style=\"color:#fcf4e5\"><a href=\"https:\/\/www.youtube.com\/@pppracy\" data-type=\"link\" data-id=\"https:\/\/www.youtube.com\/@pppracy\" target=\"_blank\" rel=\"noreferrer noopener\">Poj\u0119cia przy pracy <\/a><\/h3>\n<\/div>\n<\/div>\n\n\n\n<div class=\"wp-block-columns is-not-stacked-on-mobile is-layout-flex wp-container-core-columns-is-layout-9d6595d7 wp-block-columns-is-layout-flex\">\n<div class=\"wp-block-column is-vertically-aligned-center is-layout-flow wp-block-column-is-layout-flow\"><div class=\"wp-block-image\">\n<figure class=\"alignright size-large is-resized\"><a href=\"https:\/\/inhabit.global\/\" target=\"_blank\" rel=\"noreferrer noopener\"><img loading=\"lazy\" decoding=\"async\" width=\"1080\" height=\"1080\" src=\"https:\/\/nieczytelne.com\/wp-content\/uploads\/2023\/02\/inhabit-2.png?w=1024\" alt=\"\" class=\"wp-image-3181\" style=\"width:100px;height:100px\" srcset=\"https:\/\/nieczytelne.com\/wp-content\/uploads\/2023\/02\/inhabit-2.png 1080w, https:\/\/nieczytelne.com\/wp-content\/uploads\/2023\/02\/inhabit-2-300x300.png 300w, https:\/\/nieczytelne.com\/wp-content\/uploads\/2023\/02\/inhabit-2-1024x1024.png 1024w, https:\/\/nieczytelne.com\/wp-content\/uploads\/2023\/02\/inhabit-2-150x150.png 150w, https:\/\/nieczytelne.com\/wp-content\/uploads\/2023\/02\/inhabit-2-768x768.png 768w\" sizes=\"auto, (max-width: 1080px) 100vw, 1080px\" \/><\/a><\/figure>\n<\/div><\/div>\n\n\n\n<div class=\"wp-block-column is-vertically-aligned-center is-layout-flow wp-block-column-is-layout-flow\">\n<h3 class=\"wp-block-heading has-text-color\" style=\"color:#fcf4e5\"><a href=\"https:\/\/inhabit.global\/\" target=\"_blank\" rel=\"noreferrer noopener\">Inhabit<\/a><\/h3>\n<\/div>\n<\/div>\n<\/div>\n<\/div>\n\n\n\n<div style=\"height:60px\" aria-hidden=\"true\" class=\"wp-block-spacer\"><\/div>\n\n\n\n<figure class=\"wp-block-image alignfull size-large\"><img loading=\"lazy\" decoding=\"async\" width=\"1024\" height=\"370\" src=\"https:\/\/nieczytelne.com\/wp-content\/uploads\/2023\/02\/untitled-1.png?w=1024\" alt=\"\" class=\"wp-image-3207\" srcset=\"https:\/\/nieczytelne.com\/wp-content\/uploads\/2023\/02\/untitled-1.png 1024w, https:\/\/nieczytelne.com\/wp-content\/uploads\/2023\/02\/untitled-1-300x108.png 300w, https:\/\/nieczytelne.com\/wp-content\/uploads\/2023\/02\/untitled-1-768x278.png 768w\" sizes=\"auto, (max-width: 1024px) 100vw, 1024px\" \/><\/figure>\n\n\n\n<div style=\"height:50px\" aria-hidden=\"true\" class=\"wp-block-spacer\"><\/div>","protected":false},"excerpt":{"rendered":"<p>Nieczytelne s\u0105 projektem dystrybucyjno-wydawniczym. Robimy go partyzancko, w\u0142asnymi si\u0142ami i skupiamy si\u0119 na tym, co dla wielu mo\u017ce by\u0107 nowe, prowokacyjne i radykalne \u2013 anarchiczne i nie tylko.<\/p>","protected":false},"author":1,"featured_media":0,"parent":0,"menu_order":0,"comment_status":"closed","ping_status":"closed","template":"","meta":{"_monsterinsights_skip_tracking":false,"_monsterinsights_sitenote_active":false,"_monsterinsights_sitenote_note":"","_monsterinsights_sitenote_category":0,"footnotes":""},"class_list":["post-3113","page","type-page","status-publish","hentry","no-featured-image"],"_links":{"self":[{"href":"https:\/\/nieczytelne.com\/en\/wp-json\/wp\/v2\/pages\/3113","targetHints":{"allow":["GET"]}}],"collection":[{"href":"https:\/\/nieczytelne.com\/en\/wp-json\/wp\/v2\/pages"}],"about":[{"href":"https:\/\/nieczytelne.com\/en\/wp-json\/wp\/v2\/types\/page"}],"author":[{"embeddable":true,"href":"https:\/\/nieczytelne.com\/en\/wp-json\/wp\/v2\/users\/1"}],"replies":[{"embeddable":true,"href":"https:\/\/nieczytelne.com\/en\/wp-json\/wp\/v2\/comments?post=3113"}],"version-history":[{"count":6,"href":"https:\/\/nieczytelne.com\/en\/wp-json\/wp\/v2\/pages\/3113\/revisions"}],"predecessor-version":[{"id":5708,"href":"https:\/\/nieczytelne.com\/en\/wp-json\/wp\/v2\/pages\/3113\/revisions\/5708"}],"wp:attachment":[{"href":"https:\/\/nieczytelne.com\/en\/wp-json\/wp\/v2\/media?parent=3113"}],"curies":[{"name":"wp","href":"https:\/\/api.w.org\/{rel}","templated":true}]}}