{"id":4884,"date":"2023-09-02T03:49:11","date_gmt":"2023-09-02T01:49:11","guid":{"rendered":"https:\/\/nieczytelne.com\/?page_id=4884"},"modified":"2023-12-26T18:14:46","modified_gmt":"2023-12-26T17:14:46","slug":"operaismo-nauka-zniszczenia","status":"publish","type":"page","link":"https:\/\/nieczytelne.com\/en\/wydania\/operaismo-nauka-zniszczenia\/","title":{"rendered":"Operaismo: nauka zniszczenia"},"content":{"rendered":"<div class=\"wp-block-jetpack-layout-grid alignfull column1-desktop-grid__span-2 column1-desktop-grid__row-1 column2-desktop-grid__span-6 column2-desktop-grid__start-3 column2-desktop-grid__row-1 column3-desktop-grid__span-4 column3-desktop-grid__start-9 column3-desktop-grid__row-1 column1-tablet-grid__span-4 column1-tablet-grid__row-1 column2-tablet-grid__span-4 column2-tablet-grid__start-5 column2-tablet-grid__row-1 column3-tablet-grid__span-8 column3-tablet-grid__row-2 column1-mobile-grid__span-4 column1-mobile-grid__row-1 column2-mobile-grid__span-4 column2-mobile-grid__row-2 column3-mobile-grid__span-4 column3-mobile-grid__row-3 wp-block-jetpack-layout-gutter__huge\">\n<div class=\"wp-block-jetpack-layout-grid-column wp-block-jetpack-layout-grid__padding-none\"><\/div>\n\n\n\n<div class=\"wp-block-jetpack-layout-grid-column wp-block-jetpack-layout-grid__padding-none is-vertically-aligned-bottom\">\n<h2 class=\"wp-block-heading has-text-align-right\" style=\"text-transform:uppercase\">Operaismo<br>nauka zniszczenia<\/h2>\n<\/div>\n\n\n\n<div class=\"wp-block-jetpack-layout-grid-column wp-block-jetpack-layout-grid__padding-none is-vertically-aligned-bottom\">\n<h2 class=\"wp-block-heading has-text-align-right\" id=\"autor-august-o-clairre\" style=\"text-transform:uppercase\">Gigi roggero<\/h2>\n<\/div>\n<\/div>\n\n\n\n<div style=\"height:25px\" aria-hidden=\"true\" class=\"wp-block-spacer\"><\/div>\n\n\n\n<div class=\"wp-block-jetpack-layout-grid alignfull column1-desktop-grid__span-4 column1-desktop-grid__row-1 column2-desktop-grid__span-4 column2-desktop-grid__start-5 column2-desktop-grid__row-1 column3-desktop-grid__span-4 column3-desktop-grid__start-9 column3-desktop-grid__row-1 column1-tablet-grid__span-4 column1-tablet-grid__row-1 column2-tablet-grid__span-4 column2-tablet-grid__start-5 column2-tablet-grid__row-1 column3-tablet-grid__span-8 column3-tablet-grid__row-2 column1-mobile-grid__span-4 column1-mobile-grid__row-1 column2-mobile-grid__span-4 column2-mobile-grid__row-2 column3-mobile-grid__span-4 column3-mobile-grid__row-3\">\n<div class=\"wp-block-jetpack-layout-grid-column wp-block-jetpack-layout-grid__padding-none is-vertically-aligned-center\"><div class=\"wp-block-image\">\n<figure class=\"aligncenter size-large is-resized\"><img loading=\"lazy\" decoding=\"async\" width=\"724\" height=\"1024\" src=\"https:\/\/nieczytelne.com\/wp-content\/uploads\/2023\/09\/Untitled-724x1024.jpg\" alt=\"\" class=\"wp-image-4885\" style=\"width:365px;height:512px\" srcset=\"https:\/\/nieczytelne.com\/wp-content\/uploads\/2023\/09\/Untitled-724x1024.jpg 724w, https:\/\/nieczytelne.com\/wp-content\/uploads\/2023\/09\/Untitled-212x300.jpg 212w, https:\/\/nieczytelne.com\/wp-content\/uploads\/2023\/09\/Untitled-768x1086.jpg 768w, https:\/\/nieczytelne.com\/wp-content\/uploads\/2023\/09\/Untitled-1086x1536.jpg 1086w, https:\/\/nieczytelne.com\/wp-content\/uploads\/2023\/09\/Untitled-1448x2048.jpg 1448w, https:\/\/nieczytelne.com\/wp-content\/uploads\/2023\/09\/Untitled-8x12.jpg 8w, https:\/\/nieczytelne.com\/wp-content\/uploads\/2023\/09\/Untitled-1080x1528.jpg 1080w, https:\/\/nieczytelne.com\/wp-content\/uploads\/2023\/09\/Untitled-scaled.jpg 1810w\" sizes=\"auto, (max-width: 724px) 100vw, 724px\" \/><\/figure>\n<\/div>\n\n\n<div style=\"height:30px\" aria-hidden=\"true\" class=\"wp-block-spacer\"><\/div>\n\n\n\n<div class=\"wp-block-buttons is-layout-flex wp-block-buttons-is-layout-flex\">\n<div class=\"wp-block-button has-custom-font-size\" style=\"font-size:11px\"><a class=\"wp-block-button__link has-dark-gray-background-color has-background wp-element-button\" href=\"https:\/\/pl.anarchistlibraries.net\/library\/gigi-roggero-operaismo\" style=\"border-radius:9px\">Anarchobiblioteka<\/a><\/div>\n\n\n\n<div class=\"wp-block-button has-custom-font-size\" style=\"font-size:11px\"><a class=\"wp-block-button__link has-dark-gray-background-color has-background wp-element-button\" href=\"https:\/\/nieczytelne.com\/wp-content\/uploads\/2023\/09\/Roggero-do-druku.pdf\" style=\"border-radius:9px\">wersja do druku<\/a><\/div>\n\n\n\n<div class=\"wp-block-button has-custom-font-size\" style=\"font-size:11px\"><a class=\"wp-block-button__link has-dark-gray-background-color has-background wp-element-button\" href=\"https:\/\/nieczytelne.com\/wp-content\/uploads\/2023\/09\/Roggero-scaled.jpg\" style=\"border-radius:9px\">ok\u0142adka<\/a><\/div>\n<\/div>\n<\/div>\n\n\n\n<div class=\"wp-block-jetpack-layout-grid-column wp-block-jetpack-layout-grid__padding-none\">\n<p class=\"has-text-align-justify justuj\">Ten wywiad jest cz\u0119\u015bci\u0105 stara\u0144 wskrzeszenia w\u0142oskiego operaismo nie jako wycinka kanonu \u201ew\u0142oskiej my\u015bli politycznej\u201d, a jako metod\u0119, punkt widzenia i w ko\u0144cu \u2013 bro\u0144 przeciwko kapitalizmowi. Proletariusz nie jest tutaj martw\u0105 figur\u0105 z obraz\u00f3w rewolucji, kt\u00f3re przemin\u0119\u0142y; jest raczej zaciek\u0142ym wrogiem wszystkich, kt\u00f3rzy s\u0105 po stronie kapita\u0142u; kontrpodmiotem, kt\u00f3ry rodzi si\u0119 w walce przeciwko pracy i przeciwko samemu sobie. Przestrzeni\u0105 tej walki nie jest tu tylko zak\u0142ad pracy, a ca\u0142o\u015b\u0107 wsp\u00f3\u0142czesnego spo\u0142ecze\u0144stwa-fabryki \u2013 bo wsz\u0119dzie tam, gdzie jest kapitalizm, jest r\u00f3wnie\u017c szansa na antagonizm; ka\u017cdy, kto jest \u201ewewn\u0105trz\u201d, mo\u017ce by\u0107 r\u00f3wnie\u017c przeciwko; i wsz\u0119dzie, gdzie panuje warto\u015b\u0107 i w\u0142asno\u015b\u0107, jest szansa na autonomi\u0119.<\/p>\n\n\n\n<p>Wydane we wsp\u00f3\u0142pracy z kana\u0142em <a href=\"https:\/\/www.youtube.com\/@pppracy\" data-type=\"link\" data-id=\"https:\/\/www.youtube.com\/@pppracy\">Poj\u0119cia przy pracy.<\/a> <br>Cz\u0119\u015b\u0107 serii <a href=\"https:\/\/nieczytelne.com\/en\/nieklasycznie\/\" data-type=\"link\" data-id=\"https:\/\/nieczytelne.com\/nieklasycznie\">Unclassically<\/a>.<\/p>\n<\/div>\n\n\n\n<div class=\"wp-block-jetpack-layout-grid-column wp-block-jetpack-layout-grid__padding-huge is-vertically-aligned-center\">\n<div class=\"wp-block-group\"><div class=\"wp-block-group__inner-container is-layout-flow wp-block-group-is-layout-flow\">\n<h6 class=\"wp-block-heading\" id=\"block-977c1639-b9ec-4a5b-b5e3-9df75a1f07ad\"><img decoding=\"async\" src=\"https:\/\/nieczytelne.com\/wp-content\/uploads\/2022\/01\/quotation2.png\" alt=\"\" style=\"width:30px\"><\/h6>\n\n\n\n<h6 class=\"wp-block-heading has-text-align-center has-dark-gray-color has-text-color\" id=\"zbrodnia-jest-antypolitycznym-pragnieniem-ponownym-odkrywaniem-zdolnosci-naszych-cial-i-woli-zycia-insurekcja-nigdy-nie-bedzie-polityczna-dzialalnoscia-rewolucjonistow-bo-jest-przestepcza-dzialalnoscia-w-drodze-do-stawania-sie-czlowiekiem\" style=\"font-size:15px;font-style:normal;font-weight:400\">Autonomia jest w rzeczywisto\u015bci nieustann\u0105 gotowo\u015bci\u0105 do podkopywania tego, czym jeste\u015bmy, aby zniszczy\u0107 i obali\u0107 to, co ju\u017c istnieje. To budowanie zbiorowej perspektywy si\u0142y i mo\u017cliwo\u015bci w oparciu o radykalne wyzwolenie i transformacj\u0119 element\u00f3w tera\u017aniejszo\u015bci.<\/h6>\n\n\n\n<div style=\"height:1px\" aria-hidden=\"true\" class=\"wp-block-spacer\"><\/div>\n\n\n\n<h6 class=\"wp-block-heading has-text-align-right\" id=\"block-977c1639-b9ec-4a5b-b5e3-9df75a1f07ad\"><img decoding=\"async\" style=\"width:30px\" src=\"https:\/\/nieczytelne.com\/wp-content\/uploads\/2022\/01\/qutation1.png\" alt=\"\"><\/h6>\n<\/div><\/div>\n<\/div>\n<\/div>","protected":false},"excerpt":{"rendered":"<p>Operaismonauka zniszczenia Gigi roggero Ten wywiad jest cz\u0119\u015bci\u0105 stara\u0144 wskrzeszenia w\u0142oskiego operaismo nie jako wycinka kanonu \u201ew\u0142oskiej my\u015bli politycznej\u201d, a jako metod\u0119, punkt widzenia i w ko\u0144cu \u2013 bro\u0144 przeciwko kapitalizmowi. Proletariusz nie jest tutaj martw\u0105 figur\u0105 z obraz\u00f3w rewolucji, kt\u00f3re przemin\u0119\u0142y; jest raczej zaciek\u0142ym wrogiem wszystkich, kt\u00f3rzy s\u0105 po stronie kapita\u0142u; kontrpodmiotem, kt\u00f3ry rodzi &hellip; <a href=\"https:\/\/nieczytelne.com\/en\/wydania\/operaismo-nauka-zniszczenia\/\" class=\"more-link\">Continue reading <span class=\"screen-reader-text\">Operaismo: nauka zniszczenia<\/span><\/a><\/p>","protected":false},"author":1,"featured_media":0,"parent":160,"menu_order":0,"comment_status":"closed","ping_status":"closed","template":"","meta":{"_monsterinsights_skip_tracking":false,"_monsterinsights_sitenote_active":false,"_monsterinsights_sitenote_note":"","_monsterinsights_sitenote_category":0,"footnotes":""},"class_list":["post-4884","page","type-page","status-publish","hentry","no-featured-image"],"_links":{"self":[{"href":"https:\/\/nieczytelne.com\/en\/wp-json\/wp\/v2\/pages\/4884","targetHints":{"allow":["GET"]}}],"collection":[{"href":"https:\/\/nieczytelne.com\/en\/wp-json\/wp\/v2\/pages"}],"about":[{"href":"https:\/\/nieczytelne.com\/en\/wp-json\/wp\/v2\/types\/page"}],"author":[{"embeddable":true,"href":"https:\/\/nieczytelne.com\/en\/wp-json\/wp\/v2\/users\/1"}],"replies":[{"embeddable":true,"href":"https:\/\/nieczytelne.com\/en\/wp-json\/wp\/v2\/comments?post=4884"}],"version-history":[{"count":7,"href":"https:\/\/nieczytelne.com\/en\/wp-json\/wp\/v2\/pages\/4884\/revisions"}],"predecessor-version":[{"id":5036,"href":"https:\/\/nieczytelne.com\/en\/wp-json\/wp\/v2\/pages\/4884\/revisions\/5036"}],"up":[{"embeddable":true,"href":"https:\/\/nieczytelne.com\/en\/wp-json\/wp\/v2\/pages\/160"}],"wp:attachment":[{"href":"https:\/\/nieczytelne.com\/en\/wp-json\/wp\/v2\/media?parent=4884"}],"curies":[{"name":"wp","href":"https:\/\/api.w.org\/{rel}","templated":true}]}}