{"id":5016,"date":"2023-12-08T23:10:27","date_gmt":"2023-12-08T22:10:27","guid":{"rendered":"https:\/\/nieczytelne.com\/?page_id=5016"},"modified":"2025-09-22T22:12:01","modified_gmt":"2025-09-22T20:12:01","slug":"dziwne-konstelacje","status":"publish","type":"page","link":"https:\/\/nieczytelne.com\/en\/wydania\/dziwne-konstelacje\/","title":{"rendered":"Dziwne konstelacje"},"content":{"rendered":"<div class=\"wp-block-jetpack-layout-grid alignfull column1-desktop-grid__span-2 column1-desktop-grid__row-1 column2-desktop-grid__span-6 column2-desktop-grid__start-3 column2-desktop-grid__row-1 column3-desktop-grid__span-4 column3-desktop-grid__start-9 column3-desktop-grid__row-1 column1-tablet-grid__span-4 column1-tablet-grid__row-1 column2-tablet-grid__span-4 column2-tablet-grid__start-5 column2-tablet-grid__row-1 column3-tablet-grid__span-8 column3-tablet-grid__row-2 column1-mobile-grid__span-4 column1-mobile-grid__row-1 column2-mobile-grid__span-4 column2-mobile-grid__row-2 column3-mobile-grid__span-4 column3-mobile-grid__row-3 wp-block-jetpack-layout-gutter__huge\">\n<div class=\"wp-block-jetpack-layout-grid-column wp-block-jetpack-layout-grid__padding-none\"><\/div>\n\n\n\n<div class=\"wp-block-jetpack-layout-grid-column wp-block-jetpack-layout-grid__padding-none is-vertically-aligned-bottom\">\n<h2 class=\"wp-block-heading has-text-align-right\" style=\"text-transform:uppercase\">Dziwne konstelacje<\/h2>\n<\/div>\n\n\n\n<div class=\"wp-block-jetpack-layout-grid-column wp-block-jetpack-layout-grid__padding-none is-vertically-aligned-bottom\">\n<h2 class=\"wp-block-heading has-text-align-right\" id=\"autor-august-o-clairre\" style=\"text-transform:uppercase\">friendship as a form of life<\/h2>\n<\/div>\n<\/div>\n\n\n\n<div style=\"height:25px\" aria-hidden=\"true\" class=\"wp-block-spacer\"><\/div>\n\n\n\n<div class=\"wp-block-jetpack-layout-grid alignfull column1-desktop-grid__span-4 column1-desktop-grid__row-1 column2-desktop-grid__span-4 column2-desktop-grid__start-5 column2-desktop-grid__row-1 column3-desktop-grid__span-4 column3-desktop-grid__start-9 column3-desktop-grid__row-1 column1-tablet-grid__span-4 column1-tablet-grid__row-1 column2-tablet-grid__span-4 column2-tablet-grid__start-5 column2-tablet-grid__row-1 column3-tablet-grid__span-8 column3-tablet-grid__row-2 column1-mobile-grid__span-4 column1-mobile-grid__row-1 column2-mobile-grid__span-4 column2-mobile-grid__row-2 column3-mobile-grid__span-4 column3-mobile-grid__row-3\">\n<div class=\"wp-block-jetpack-layout-grid-column wp-block-jetpack-layout-grid__padding-none is-vertically-aligned-center\"><div class=\"wp-block-image is-resized\">\n<figure class=\"aligncenter size-large\"><img loading=\"lazy\" decoding=\"async\" width=\"726\" height=\"1024\" src=\"https:\/\/nieczytelne.com\/wp-content\/uploads\/2023\/12\/Konstelacje-okladka-726x1024.jpg\" alt=\"\" class=\"wp-image-5017\" style=\"object-fit:cover;width:365px;height:512px\" srcset=\"https:\/\/nieczytelne.com\/wp-content\/uploads\/2023\/12\/Konstelacje-okladka-726x1024.jpg 726w, https:\/\/nieczytelne.com\/wp-content\/uploads\/2023\/12\/Konstelacje-okladka-213x300.jpg 213w, https:\/\/nieczytelne.com\/wp-content\/uploads\/2023\/12\/Konstelacje-okladka-768x1083.jpg 768w, https:\/\/nieczytelne.com\/wp-content\/uploads\/2023\/12\/Konstelacje-okladka-1090x1536.jpg 1090w, https:\/\/nieczytelne.com\/wp-content\/uploads\/2023\/12\/Konstelacje-okladka-9x12.jpg 9w, https:\/\/nieczytelne.com\/wp-content\/uploads\/2023\/12\/Konstelacje-okladka-1080x1522.jpg 1080w, https:\/\/nieczytelne.com\/wp-content\/uploads\/2023\/12\/Konstelacje-okladka.jpg 1240w\" sizes=\"auto, (max-width: 726px) 100vw, 726px\" \/><\/figure>\n<\/div>\n\n\n<div style=\"height:30px\" aria-hidden=\"true\" class=\"wp-block-spacer\"><\/div>\n\n\n\n<div class=\"wp-block-buttons is-layout-flex wp-block-buttons-is-layout-flex\">\n<div class=\"wp-block-button\"><a class=\"wp-block-button__link has-dark-gray-background-color has-background has-custom-font-size wp-element-button\" href=\"https:\/\/pl.anarchistlibraries.net\/library\/friendship-as-a-form-of-life-dziwne-konstelacje\" style=\"border-radius:9px;font-size:11px\" target=\"_blank\" rel=\"noreferrer noopener\">Anarchobiblioteka<\/a><\/div>\n\n\n\n<div class=\"wp-block-button\"><a class=\"wp-block-button__link has-dark-gray-background-color has-background has-custom-font-size wp-element-button\" href=\"https:\/\/nieczytelne.com\/wp-content\/uploads\/2025\/09\/1.-dziwne-konstelacje.pdf\" style=\"border-radius:9px;font-size:11px\" target=\"_blank\" rel=\"noreferrer noopener\">Wersja do druku<\/a><\/div>\n\n\n\n<div class=\"wp-block-button\"><a class=\"wp-block-button__link has-dark-gray-background-color has-background has-custom-font-size wp-element-button\" href=\"https:\/\/nieczytelne.com\/wp-content\/uploads\/2025\/09\/dziwne-konstelacje-okl-1.pdf\" style=\"border-radius:9px;font-size:11px\" target=\"_blank\" rel=\"noreferrer noopener\">Ok\u0142adka<\/a><\/div>\n<\/div>\n<\/div>\n\n\n\n<div class=\"wp-block-jetpack-layout-grid-column wp-block-jetpack-layout-grid__padding-none\">\n<p class=\"has-text-align-justify justuj\">Antyautorytarny zjazd w St. Imier, radykalne bookfairy, pozornie przypadkowe spotkania w miastach. Ze \u015bcie\u017cek, kt\u00f3re wydeptujemy i z miejsc, w kt\u00f3rych si\u0119 spotykamy, wy\u0142ania nam si\u0119 niejasny \u2013 ale dostrzegalny \u2013 obraz, wz\u00f3r. Mamy wsp\u00f3lne mapy, wsp\u00f3lne punkty orientacyjne, pewien wsp\u00f3lny \u015bwiat. Ale jak si\u0119 w nim odnale\u017a\u0107, jak eksperymentowa\u0107? Jak znale\u017a\u0107 drog\u0119 do innych? By\u0107 mo\u017ce przez spojrzenie na nasze relacje w dziwny, nieoczekiwany spos\u00f3b \u2013 bo tego w\u0142a\u015bnie czasami potrzeba, by wyrwa\u0107 si\u0119 z naszych przyzwyczaje\u0144, zboczy\u0107 z utartej \u015bcie\u017cki by wkroczy\u0107 na tak\u0105, kt\u00f3ra mo\u017ce prowadzi\u0107 do nieznanych nam jeszcze przyjaci\u00f3\u0142.<\/p>\n\n\n\n<p>Cz\u0119\u015b\u0107 serii <a href=\"https:\/\/nieczytelne.com\/en\/inne-zycie\/\" data-type=\"URL\" data-id=\"https:\/\/nieczytelne.com\/inne-zycie\">ANOTHER life<\/a>.<\/p>\n<\/div>\n\n\n\n<div class=\"wp-block-jetpack-layout-grid-column wp-block-jetpack-layout-grid__padding-huge is-vertically-aligned-center\">\n<div class=\"wp-block-group\"><div class=\"wp-block-group__inner-container is-layout-flow wp-block-group-is-layout-flow\">\n<h6 class=\"wp-block-heading\" id=\"block-977c1639-b9ec-4a5b-b5e3-9df75a1f07ad\"><img decoding=\"async\" src=\"https:\/\/nieczytelne.com\/wp-content\/uploads\/2022\/01\/quotation2.png\" alt=\"\" style=\"width:30px\"><\/h6>\n\n\n\n<h6 class=\"wp-block-heading has-text-align-center has-dark-gray-color has-text-color\" id=\"zbrodnia-jest-antypolitycznym-pragnieniem-ponownym-odkrywaniem-zdolnosci-naszych-cial-i-woli-zycia-insurekcja-nigdy-nie-bedzie-polityczna-dzialalnoscia-rewolucjonistow-bo-jest-przestepcza-dzialalnoscia-w-drodze-do-stawania-sie-czlowiekiem\" style=\"font-size:15px;font-style:normal;font-weight:400\">Spojrze\u0107 na siebie nawzajem i na \u015bwiat w innym \u015bwietle, (\u2026) to rozwa\u017cy\u0107 to, co nas otacza w dziwny i nowy spos\u00f3b. I, by\u0107 mo\u017ce, (&#8230;) zastanowi\u0107 si\u0119 nad tym, jak nadanie formy rzeczom \u2013 nazwanie zbioru gwiazd \u2013 nadaje im znaczenie<\/h6>\n\n\n\n<div style=\"height:1px\" aria-hidden=\"true\" class=\"wp-block-spacer\"><\/div>\n\n\n\n<h6 class=\"wp-block-heading has-text-align-right\" id=\"block-977c1639-b9ec-4a5b-b5e3-9df75a1f07ad\"><img decoding=\"async\" style=\"width:30px\" src=\"https:\/\/nieczytelne.com\/wp-content\/uploads\/2022\/01\/qutation1.png\" alt=\"\"><\/h6>\n<\/div><\/div>\n<\/div>\n<\/div>","protected":false},"excerpt":{"rendered":"<p>Dziwne konstelacje friendship as a form of life Antyautorytarny zjazd w St. Imier, radykalne bookfairy, pozornie przypadkowe spotkania w miastach. Ze \u015bcie\u017cek, kt\u00f3re wydeptujemy i z miejsc, w kt\u00f3rych si\u0119 spotykamy, wy\u0142ania nam si\u0119 niejasny \u2013 ale dostrzegalny \u2013 obraz, wz\u00f3r. Mamy wsp\u00f3lne mapy, wsp\u00f3lne punkty orientacyjne, pewien wsp\u00f3lny \u015bwiat. Ale jak si\u0119 w nim &hellip; <a href=\"https:\/\/nieczytelne.com\/en\/wydania\/dziwne-konstelacje\/\" class=\"more-link\">Continue reading <span class=\"screen-reader-text\">Dziwne konstelacje<\/span><\/a><\/p>","protected":false},"author":1,"featured_media":5017,"parent":160,"menu_order":0,"comment_status":"closed","ping_status":"closed","template":"","meta":{"_monsterinsights_skip_tracking":false,"_monsterinsights_sitenote_active":false,"_monsterinsights_sitenote_note":"","_monsterinsights_sitenote_category":0,"footnotes":""},"class_list":["post-5016","page","type-page","status-publish","has-post-thumbnail","hentry"],"_links":{"self":[{"href":"https:\/\/nieczytelne.com\/en\/wp-json\/wp\/v2\/pages\/5016","targetHints":{"allow":["GET"]}}],"collection":[{"href":"https:\/\/nieczytelne.com\/en\/wp-json\/wp\/v2\/pages"}],"about":[{"href":"https:\/\/nieczytelne.com\/en\/wp-json\/wp\/v2\/types\/page"}],"author":[{"embeddable":true,"href":"https:\/\/nieczytelne.com\/en\/wp-json\/wp\/v2\/users\/1"}],"replies":[{"embeddable":true,"href":"https:\/\/nieczytelne.com\/en\/wp-json\/wp\/v2\/comments?post=5016"}],"version-history":[{"count":7,"href":"https:\/\/nieczytelne.com\/en\/wp-json\/wp\/v2\/pages\/5016\/revisions"}],"predecessor-version":[{"id":5687,"href":"https:\/\/nieczytelne.com\/en\/wp-json\/wp\/v2\/pages\/5016\/revisions\/5687"}],"up":[{"embeddable":true,"href":"https:\/\/nieczytelne.com\/en\/wp-json\/wp\/v2\/pages\/160"}],"wp:featuredmedia":[{"embeddable":true,"href":"https:\/\/nieczytelne.com\/en\/wp-json\/wp\/v2\/media\/5017"}],"wp:attachment":[{"href":"https:\/\/nieczytelne.com\/en\/wp-json\/wp\/v2\/media?parent=5016"}],"curies":[{"name":"wp","href":"https:\/\/api.w.org\/{rel}","templated":true}]}}