{"id":5616,"date":"2025-09-22T16:45:35","date_gmt":"2025-09-22T14:45:35","guid":{"rendered":"https:\/\/nieczytelne.com\/?page_id=5616"},"modified":"2025-09-22T22:17:12","modified_gmt":"2025-09-22T20:17:12","slug":"dekonstruujac-anarchie","status":"publish","type":"page","link":"https:\/\/nieczytelne.com\/en\/wydania\/dekonstruujac-anarchie\/","title":{"rendered":"Dekonstruuj\u0105c anarchi\u0119"},"content":{"rendered":"<div class=\"wp-block-jetpack-layout-grid alignfull column1-desktop-grid__span-2 column1-desktop-grid__row-1 column2-desktop-grid__span-6 column2-desktop-grid__start-3 column2-desktop-grid__row-1 column3-desktop-grid__span-4 column3-desktop-grid__start-9 column3-desktop-grid__row-1 column1-tablet-grid__span-4 column1-tablet-grid__row-1 column2-tablet-grid__span-4 column2-tablet-grid__start-5 column2-tablet-grid__row-1 column3-tablet-grid__span-8 column3-tablet-grid__row-2 column1-mobile-grid__span-4 column1-mobile-grid__row-1 column2-mobile-grid__span-4 column2-mobile-grid__row-2 column3-mobile-grid__span-4 column3-mobile-grid__row-3 wp-block-jetpack-layout-gutter__huge\">\n<div class=\"wp-block-jetpack-layout-grid-column wp-block-jetpack-layout-grid__padding-none\"><\/div>\n\n\n\n<div class=\"wp-block-jetpack-layout-grid-column wp-block-jetpack-layout-grid__padding-none is-vertically-aligned-bottom\">\n<h2 class=\"wp-block-heading has-text-align-right\" style=\"text-transform:uppercase\">Dekonstruuj\u0105c anarchi\u0119<\/h2>\n<\/div>\n\n\n\n<div class=\"wp-block-jetpack-layout-grid-column wp-block-jetpack-layout-grid__padding-none is-vertically-aligned-bottom\">\n<h2 class=\"wp-block-heading has-text-align-right\" id=\"autor-august-o-clairre\" style=\"text-transform:uppercase\">Donatella di cesare<\/h2>\n<\/div>\n<\/div>\n\n\n\n<div style=\"height:25px\" aria-hidden=\"true\" class=\"wp-block-spacer\"><\/div>\n\n\n\n<div class=\"wp-block-jetpack-layout-grid alignfull column1-desktop-grid__span-4 column1-desktop-grid__row-1 column2-desktop-grid__span-4 column2-desktop-grid__start-5 column2-desktop-grid__row-1 column3-desktop-grid__span-4 column3-desktop-grid__start-9 column3-desktop-grid__row-1 column1-tablet-grid__span-4 column1-tablet-grid__row-1 column2-tablet-grid__span-4 column2-tablet-grid__start-5 column2-tablet-grid__row-1 column3-tablet-grid__span-8 column3-tablet-grid__row-2 column1-mobile-grid__span-4 column1-mobile-grid__row-1 column2-mobile-grid__span-4 column2-mobile-grid__row-2 column3-mobile-grid__span-4 column3-mobile-grid__row-3\">\n<div class=\"wp-block-jetpack-layout-grid-column wp-block-jetpack-layout-grid__padding-none is-vertically-aligned-center\"><div class=\"wp-block-image\">\n<figure class=\"aligncenter size-large is-resized\"><img loading=\"lazy\" decoding=\"async\" width=\"726\" height=\"1024\" src=\"https:\/\/nieczytelne.com\/wp-content\/uploads\/2025\/09\/di-cesare-ciemniejsze-726x1024.png\" alt=\"\" class=\"wp-image-5617\" style=\"width:365px;height:512px\" srcset=\"https:\/\/nieczytelne.com\/wp-content\/uploads\/2025\/09\/di-cesare-ciemniejsze-726x1024.png 726w, https:\/\/nieczytelne.com\/wp-content\/uploads\/2025\/09\/di-cesare-ciemniejsze-213x300.png 213w, https:\/\/nieczytelne.com\/wp-content\/uploads\/2025\/09\/di-cesare-ciemniejsze-768x1083.png 768w, https:\/\/nieczytelne.com\/wp-content\/uploads\/2025\/09\/di-cesare-ciemniejsze-1090x1536.png 1090w, https:\/\/nieczytelne.com\/wp-content\/uploads\/2025\/09\/di-cesare-ciemniejsze-9x12.png 9w, https:\/\/nieczytelne.com\/wp-content\/uploads\/2025\/09\/di-cesare-ciemniejsze-1080x1522.png 1080w, https:\/\/nieczytelne.com\/wp-content\/uploads\/2025\/09\/di-cesare-ciemniejsze.png 1240w\" sizes=\"auto, (max-width: 726px) 100vw, 726px\" \/><\/figure>\n<\/div>\n\n\n<div style=\"height:32px\" aria-hidden=\"true\" class=\"wp-block-spacer\"><\/div>\n\n\n\n<div class=\"wp-block-buttons is-layout-flex wp-block-buttons-is-layout-flex\">\n<div class=\"wp-block-button\"><a class=\"wp-block-button__link has-dark-gray-background-color has-background has-custom-font-size wp-element-button\" href=\"https:\/\/nieczytelne.com\/en\/2024\/07\/28\/dekonstruujac-anarchie\/\" style=\"border-radius:9px;font-size:11px\">artyku\u0142 na stronie<\/a><\/div>\n\n\n\n<div class=\"wp-block-button\"><a class=\"wp-block-button__link has-dark-gray-background-color has-background has-custom-font-size wp-element-button\" href=\"https:\/\/nieczytelne.com\/wp-content\/uploads\/2025\/09\/Dekonstruujac-anarchie-1.pdf\" style=\"border-radius:9px;font-size:11px\" target=\"_blank\" rel=\"noreferrer noopener\">wersja do druku<\/a><\/div>\n\n\n\n<div class=\"wp-block-button\"><a class=\"wp-block-button__link has-dark-gray-background-color has-background has-custom-font-size wp-element-button\" href=\"https:\/\/nieczytelne.com\/wp-content\/uploads\/2025\/09\/dekonstruujac-anarchie-okladka.pdf\" style=\"border-radius:9px;font-size:11px\" target=\"_blank\" rel=\"noreferrer noopener\">ok\u0142adka<\/a><\/div>\n<\/div>\n<\/div>\n\n\n\n<div class=\"wp-block-jetpack-layout-grid-column wp-block-jetpack-layout-grid__padding-none\">\n<p class=\"has-text-align-justify justuj\">Ten tekst jest transkrypcj\u0105 prelekcji z <em>Anarch\u0113<\/em>, dwudniowej konferencji zorganizowanej przez <em>Institute for Cultural Inquiry<\/em> w Berlinie, podczas kt\u00f3rej autorka stara\u0142a si\u0119 wybada\u0107 mo\u017cliwo\u015bci, jakie nadal ma przed sob\u0105 anarchia. Odkopuje j\u0105 spod balastu wszelkich znacze\u0144, kt\u00f3rymi ta by\u0142a latami przykrywana \u2013 zar\u00f3wno tych pozytywnych jak i negatywnych \u2013 by nie tylko uwidoczni\u0107 impuls stoj\u0105cy za tym poj\u0119ciem, ale i to, co w nim wci\u0105\u017c \u017cywe. Pilne jest pomy\u015blenie anarchii nie tylko poza porz\u0105dkiem, ale tak\u017ce i poza chaosem, by by\u0107 w stanie wydoby\u0107 z niej faktycznie radykalny i niedopomy\u015blany jeszcze potencja\u0142.<\/p>\n\n\n\n<p>Cz\u0119\u015b\u0107 serii <a href=\"https:\/\/nieczytelne.com\/en\/nieklasycznie\/\" data-type=\"URL\" data-id=\"https:\/\/nieczytelne.com\/nieklasycznie\">Unclassically<\/a>.<\/p>\n<\/div>\n\n\n\n<div class=\"wp-block-jetpack-layout-grid-column wp-block-jetpack-layout-grid__padding-huge is-vertically-aligned-center\">\n<div class=\"wp-block-group\"><div class=\"wp-block-group__inner-container is-layout-flow wp-block-group-is-layout-flow\">\n<h6 class=\"wp-block-heading\" id=\"block-977c1639-b9ec-4a5b-b5e3-9df75a1f07ad\"><img decoding=\"async\" src=\"https:\/\/nieczytelne.com\/wp-content\/uploads\/2022\/01\/quotation2.png\" alt=\"\" style=\"width:30px\"><\/h6>\n\n\n\n<h6 class=\"wp-block-heading has-text-align-center has-dark-gray-color has-text-color\" id=\"nikt-nigdy-nie-powinien-pracowac-praca-jest-zrodlem-prawie-calego-nieszczescia-na-swiecie-aby-przestac-cierpiec-musimy-przestac-pracowac-nie-oznacza-to-ze-musimy-przestac-robic-rzeczy-oznacza-za-to-stworzenie-nowego-sposobu-zycia-opartego-na-zabawie\" style=\"font-size:15px;font-style:normal;font-weight:400\">(&#8230;) ostatecznie tylko anarchia jest prawdziwym zagro\u017ceniem politycznym.<\/h6>\n\n\n\n<div style=\"height:1px\" aria-hidden=\"true\" class=\"wp-block-spacer\"><\/div>\n\n\n\n<h6 class=\"wp-block-heading has-text-align-right\" id=\"block-977c1639-b9ec-4a5b-b5e3-9df75a1f07ad\"><img decoding=\"async\" style=\"width:30px\" src=\"https:\/\/nieczytelne.com\/wp-content\/uploads\/2022\/01\/qutation1.png\" alt=\"\"><\/h6>\n<\/div><\/div>\n<\/div>\n<\/div>","protected":false},"excerpt":{"rendered":"<p>Dekonstruuj\u0105c anarchi\u0119 Donatella di cesare Ten tekst jest transkrypcj\u0105 prelekcji z Anarch\u0113, dwudniowej konferencji zorganizowanej przez Institute for Cultural Inquiry w Berlinie, podczas kt\u00f3rej autorka stara\u0142a si\u0119 wybada\u0107 mo\u017cliwo\u015bci, jakie nadal ma przed sob\u0105 anarchia. Odkopuje j\u0105 spod balastu wszelkich znacze\u0144, kt\u00f3rymi ta by\u0142a latami przykrywana \u2013 zar\u00f3wno tych pozytywnych jak i negatywnych \u2013 by &hellip; <a href=\"https:\/\/nieczytelne.com\/en\/wydania\/dekonstruujac-anarchie\/\" class=\"more-link\">Continue reading <span class=\"screen-reader-text\">Dekonstruuj\u0105c anarchi\u0119<\/span><\/a><\/p>","protected":false},"author":1,"featured_media":0,"parent":160,"menu_order":0,"comment_status":"closed","ping_status":"closed","template":"","meta":{"_monsterinsights_skip_tracking":false,"_monsterinsights_sitenote_active":false,"_monsterinsights_sitenote_note":"","_monsterinsights_sitenote_category":0,"footnotes":""},"class_list":["post-5616","page","type-page","status-publish","hentry","no-featured-image"],"_links":{"self":[{"href":"https:\/\/nieczytelne.com\/en\/wp-json\/wp\/v2\/pages\/5616","targetHints":{"allow":["GET"]}}],"collection":[{"href":"https:\/\/nieczytelne.com\/en\/wp-json\/wp\/v2\/pages"}],"about":[{"href":"https:\/\/nieczytelne.com\/en\/wp-json\/wp\/v2\/types\/page"}],"author":[{"embeddable":true,"href":"https:\/\/nieczytelne.com\/en\/wp-json\/wp\/v2\/users\/1"}],"replies":[{"embeddable":true,"href":"https:\/\/nieczytelne.com\/en\/wp-json\/wp\/v2\/comments?post=5616"}],"version-history":[{"count":4,"href":"https:\/\/nieczytelne.com\/en\/wp-json\/wp\/v2\/pages\/5616\/revisions"}],"predecessor-version":[{"id":5663,"href":"https:\/\/nieczytelne.com\/en\/wp-json\/wp\/v2\/pages\/5616\/revisions\/5663"}],"up":[{"embeddable":true,"href":"https:\/\/nieczytelne.com\/en\/wp-json\/wp\/v2\/pages\/160"}],"wp:attachment":[{"href":"https:\/\/nieczytelne.com\/en\/wp-json\/wp\/v2\/media?parent=5616"}],"curies":[{"name":"wp","href":"https:\/\/api.w.org\/{rel}","templated":true}]}}