{"id":5630,"date":"2025-09-22T17:32:41","date_gmt":"2025-09-22T15:32:41","guid":{"rendered":"https:\/\/nieczytelne.com\/?page_id=5630"},"modified":"2025-09-22T22:28:59","modified_gmt":"2025-09-22T20:28:59","slug":"insurekcja-ktora-nadchodzi","status":"publish","type":"page","link":"https:\/\/nieczytelne.com\/en\/wydania\/insurekcja-ktora-nadchodzi\/","title":{"rendered":"The Coming Insurrection"},"content":{"rendered":"<div class=\"wp-block-jetpack-layout-grid alignfull column1-desktop-grid__span-2 column1-desktop-grid__row-1 column2-desktop-grid__span-6 column2-desktop-grid__start-3 column2-desktop-grid__row-1 column3-desktop-grid__span-4 column3-desktop-grid__start-9 column3-desktop-grid__row-1 column1-tablet-grid__span-4 column1-tablet-grid__row-1 column2-tablet-grid__span-4 column2-tablet-grid__start-5 column2-tablet-grid__row-1 column3-tablet-grid__span-8 column3-tablet-grid__row-2 column1-mobile-grid__span-4 column1-mobile-grid__row-1 column2-mobile-grid__span-4 column2-mobile-grid__row-2 column3-mobile-grid__span-4 column3-mobile-grid__row-3 wp-block-jetpack-layout-gutter__huge\">\n<div class=\"wp-block-jetpack-layout-grid-column wp-block-jetpack-layout-grid__padding-none\"><\/div>\n\n\n\n<div class=\"wp-block-jetpack-layout-grid-column wp-block-jetpack-layout-grid__padding-none is-vertically-aligned-bottom\">\n<h2 class=\"wp-block-heading has-text-align-right\" style=\"text-transform:uppercase\">The Coming Insurrection<\/h2>\n<\/div>\n\n\n\n<div class=\"wp-block-jetpack-layout-grid-column wp-block-jetpack-layout-grid__padding-none is-vertically-aligned-bottom\">\n<h2 class=\"wp-block-heading has-text-align-right\" id=\"autor-august-o-clairre\" style=\"text-transform:uppercase\">niewidzialny komitet<\/h2>\n<\/div>\n<\/div>\n\n\n\n<div style=\"height:25px\" aria-hidden=\"true\" class=\"wp-block-spacer\"><\/div>\n\n\n\n<div class=\"wp-block-jetpack-layout-grid alignfull column1-desktop-grid__span-4 column1-desktop-grid__row-1 column2-desktop-grid__span-4 column2-desktop-grid__start-5 column2-desktop-grid__row-1 column3-desktop-grid__span-4 column3-desktop-grid__start-9 column3-desktop-grid__row-1 column1-tablet-grid__span-4 column1-tablet-grid__row-1 column2-tablet-grid__span-4 column2-tablet-grid__start-5 column2-tablet-grid__row-1 column3-tablet-grid__span-8 column3-tablet-grid__row-2 column1-mobile-grid__span-4 column1-mobile-grid__row-1 column2-mobile-grid__span-4 column2-mobile-grid__row-2 column3-mobile-grid__span-4 column3-mobile-grid__row-3\">\n<div class=\"wp-block-jetpack-layout-grid-column wp-block-jetpack-layout-grid__padding-none is-vertically-aligned-center\"><div class=\"wp-block-image\">\n<figure class=\"aligncenter size-large is-resized\"><img loading=\"lazy\" decoding=\"async\" width=\"714\" height=\"1024\" src=\"https:\/\/nieczytelne.com\/wp-content\/uploads\/2025\/09\/insur-przod-714x1024.png\" alt=\"\" class=\"wp-image-5631\" style=\"width:365px;height:512px\" srcset=\"https:\/\/nieczytelne.com\/wp-content\/uploads\/2025\/09\/insur-przod-714x1024.png 714w, https:\/\/nieczytelne.com\/wp-content\/uploads\/2025\/09\/insur-przod-209x300.png 209w, https:\/\/nieczytelne.com\/wp-content\/uploads\/2025\/09\/insur-przod-768x1101.png 768w, https:\/\/nieczytelne.com\/wp-content\/uploads\/2025\/09\/insur-przod-1072x1536.png 1072w, https:\/\/nieczytelne.com\/wp-content\/uploads\/2025\/09\/insur-przod-1429x2048.png 1429w, https:\/\/nieczytelne.com\/wp-content\/uploads\/2025\/09\/insur-przod-8x12.png 8w, https:\/\/nieczytelne.com\/wp-content\/uploads\/2025\/09\/insur-przod-1080x1548.png 1080w, https:\/\/nieczytelne.com\/wp-content\/uploads\/2025\/09\/insur-przod.png 1500w\" sizes=\"auto, (max-width: 714px) 100vw, 714px\" \/><\/figure>\n<\/div>\n\n\n<div style=\"height:32px\" aria-hidden=\"true\" class=\"wp-block-spacer\"><\/div>\n\n\n\n<div class=\"wp-block-buttons is-layout-flex wp-block-buttons-is-layout-flex\">\n<div class=\"wp-block-button\"><a class=\"wp-block-button__link has-dark-gray-background-color has-background has-custom-font-size wp-element-button\" href=\"https:\/\/pl.anarchistlibraries.net\/library\/niewidzialny-komitet-insurekcja-ktora-nadchodzi\" style=\"border-radius:9px;font-size:11px\">anarchobiblioteka<\/a><\/div>\n\n\n\n<div class=\"wp-block-button\"><a class=\"wp-block-button__link has-dark-gray-background-color has-background has-custom-font-size wp-element-button\" href=\"https:\/\/nieczytelne.com\/wp-content\/uploads\/2025\/09\/insurekcja-ktora-nadchodzi-wersja-do-czytania.pdf\" style=\"border-radius:9px;font-size:11px\" target=\"_blank\" rel=\"noreferrer noopener\">Wersja do czytania<\/a><\/div>\n<\/div>\n<\/div>\n\n\n\n<div class=\"wp-block-jetpack-layout-grid-column wp-block-jetpack-layout-grid__padding-none\">\n<p class=\"has-text-align-justify justuj\"><em>Insurekcja\u2026<\/em> to ksi\u0105\u017cka-ikona. Traktat polityczny, kt\u00f3ry zainspirowa\u0142 tysi\u0105ce os\u00f3b na ca\u0142ym globie. Rozprawa filozoficzno-punkowa, w kt\u00f3rej analizy kryzysu naszego bycia-w-\u015bwiecie przeplatane s\u0105 z technicznymi uwagami do walki z policj\u0105. Literacka prowokacja napisana z tak\u0105 pewno\u015bci\u0105 siebie, \u017ce kilka podejrzanych o autorstwo os\u00f3b powin\u0119li francuscy antyterrory\u015bci.<\/p>\n\n\n\n<p class=\"has-text-align-justify justuj\">Tekst opatrzy\u0142y\u015bmy przedmow\u0105 streszczaj\u0105c\u0105 ca\u0142y jego kontekst historyczny i polityczny.<\/p>\n<\/div>\n\n\n\n<div class=\"wp-block-jetpack-layout-grid-column wp-block-jetpack-layout-grid__padding-huge is-vertically-aligned-center\">\n<div class=\"wp-block-group\"><div class=\"wp-block-group__inner-container is-layout-flow wp-block-group-is-layout-flow\">\n<h6 class=\"wp-block-heading\" id=\"block-977c1639-b9ec-4a5b-b5e3-9df75a1f07ad\"><img decoding=\"async\" src=\"https:\/\/nieczytelne.com\/wp-content\/uploads\/2022\/01\/quotation2.png\" alt=\"\" style=\"width:30px\"><\/h6>\n\n\n\n<h6 class=\"wp-block-heading has-text-align-center has-dark-gray-color has-text-color\" id=\"nikt-nigdy-nie-powinien-pracowac-praca-jest-zrodlem-prawie-calego-nieszczescia-na-swiecie-aby-przestac-cierpiec-musimy-przestac-pracowac-nie-oznacza-to-ze-musimy-przestac-robic-rzeczy-oznacza-za-to-stworzenie-nowego-sposobu-zycia-opartego-na-zabawie\" style=\"font-size:15px;font-style:normal;font-weight:400\">Zaczynamy dzi\u015b z pozycji skrajnej izolacji, skrajnej bezsilno\u015bci. Wszystko trzeba zbudowa\u0107 na procesie insurekcyjnym. Nic nie wydaje si\u0119 mniej prawdopodobne od insurekcji, ale nic nie jest bardziej <em>potrzebne<\/em>.<\/h6>\n\n\n\n<div style=\"height:1px\" aria-hidden=\"true\" class=\"wp-block-spacer\"><\/div>\n\n\n\n<h6 class=\"wp-block-heading has-text-align-right\" id=\"block-977c1639-b9ec-4a5b-b5e3-9df75a1f07ad\"><img decoding=\"async\" style=\"width:30px\" src=\"https:\/\/nieczytelne.com\/wp-content\/uploads\/2022\/01\/qutation1.png\" alt=\"\"><\/h6>\n<\/div><\/div>\n<\/div>\n<\/div>","protected":false},"excerpt":{"rendered":"<p>Insurekcja, kt\u00f3ra nadchodzi niewidzialny komitet Insurekcja\u2026 to ksi\u0105\u017cka-ikona. Traktat polityczny, kt\u00f3ry zainspirowa\u0142 tysi\u0105ce os\u00f3b na ca\u0142ym globie. Rozprawa filozoficzno-punkowa, w kt\u00f3rej analizy kryzysu naszego bycia-w-\u015bwiecie przeplatane s\u0105 z technicznymi uwagami do walki z policj\u0105. Literacka prowokacja napisana z tak\u0105 pewno\u015bci\u0105 siebie, \u017ce kilka podejrzanych o autorstwo os\u00f3b powin\u0119li francuscy antyterrory\u015bci. Tekst opatrzy\u0142y\u015bmy przedmow\u0105 streszczaj\u0105c\u0105 ca\u0142y &hellip; <a href=\"https:\/\/nieczytelne.com\/en\/wydania\/insurekcja-ktora-nadchodzi\/\" class=\"more-link\">Continue reading <span class=\"screen-reader-text\">The Coming Insurrection<\/span><\/a><\/p>","protected":false},"author":1,"featured_media":0,"parent":160,"menu_order":0,"comment_status":"closed","ping_status":"closed","template":"","meta":{"_monsterinsights_skip_tracking":false,"_monsterinsights_sitenote_active":false,"_monsterinsights_sitenote_note":"","_monsterinsights_sitenote_category":0,"footnotes":""},"class_list":["post-5630","page","type-page","status-publish","hentry","no-featured-image"],"_links":{"self":[{"href":"https:\/\/nieczytelne.com\/en\/wp-json\/wp\/v2\/pages\/5630","targetHints":{"allow":["GET"]}}],"collection":[{"href":"https:\/\/nieczytelne.com\/en\/wp-json\/wp\/v2\/pages"}],"about":[{"href":"https:\/\/nieczytelne.com\/en\/wp-json\/wp\/v2\/types\/page"}],"author":[{"embeddable":true,"href":"https:\/\/nieczytelne.com\/en\/wp-json\/wp\/v2\/users\/1"}],"replies":[{"embeddable":true,"href":"https:\/\/nieczytelne.com\/en\/wp-json\/wp\/v2\/comments?post=5630"}],"version-history":[{"count":3,"href":"https:\/\/nieczytelne.com\/en\/wp-json\/wp\/v2\/pages\/5630\/revisions"}],"predecessor-version":[{"id":5691,"href":"https:\/\/nieczytelne.com\/en\/wp-json\/wp\/v2\/pages\/5630\/revisions\/5691"}],"up":[{"embeddable":true,"href":"https:\/\/nieczytelne.com\/en\/wp-json\/wp\/v2\/pages\/160"}],"wp:attachment":[{"href":"https:\/\/nieczytelne.com\/en\/wp-json\/wp\/v2\/media?parent=5630"}],"curies":[{"name":"wp","href":"https:\/\/api.w.org\/{rel}","templated":true}]}}