{"id":5638,"date":"2025-09-22T18:03:59","date_gmt":"2025-09-22T16:03:59","guid":{"rendered":"https:\/\/nieczytelne.com\/?page_id=5638"},"modified":"2025-10-16T21:58:42","modified_gmt":"2025-10-16T19:58:42","slug":"figi-i-granaty","status":"publish","type":"page","link":"https:\/\/nieczytelne.com\/en\/wydania\/figi-i-granaty\/","title":{"rendered":"Figi i granaty"},"content":{"rendered":"<div class=\"wp-block-jetpack-layout-grid alignfull column1-desktop-grid__span-2 column1-desktop-grid__row-1 column2-desktop-grid__span-6 column2-desktop-grid__start-3 column2-desktop-grid__row-1 column3-desktop-grid__span-4 column3-desktop-grid__start-9 column3-desktop-grid__row-1 column1-tablet-grid__span-4 column1-tablet-grid__row-1 column2-tablet-grid__span-4 column2-tablet-grid__start-5 column2-tablet-grid__row-1 column3-tablet-grid__span-8 column3-tablet-grid__row-2 column1-mobile-grid__span-4 column1-mobile-grid__row-1 column2-mobile-grid__span-4 column2-mobile-grid__row-2 column3-mobile-grid__span-4 column3-mobile-grid__row-3 wp-block-jetpack-layout-gutter__huge\">\n<div class=\"wp-block-jetpack-layout-grid-column wp-block-jetpack-layout-grid__padding-none\"><\/div>\n\n\n\n<div class=\"wp-block-jetpack-layout-grid-column wp-block-jetpack-layout-grid__padding-none is-vertically-aligned-bottom\">\n<h2 class=\"wp-block-heading has-text-align-right\" style=\"text-transform:uppercase\">figi i granaty<\/h2>\n<\/div>\n\n\n\n<div class=\"wp-block-jetpack-layout-grid-column wp-block-jetpack-layout-grid__padding-none is-vertically-aligned-bottom\">\n<h2 class=\"wp-block-heading has-text-align-right\" id=\"autor-august-o-clairre\" style=\"text-transform:uppercase\">praca zbiorowa<\/h2>\n<\/div>\n<\/div>\n\n\n\n<div style=\"height:25px\" aria-hidden=\"true\" class=\"wp-block-spacer\"><\/div>\n\n\n\n<div class=\"wp-block-jetpack-layout-grid alignfull column1-desktop-grid__span-4 column1-desktop-grid__row-1 column2-desktop-grid__span-4 column2-desktop-grid__start-5 column2-desktop-grid__row-1 column3-desktop-grid__span-4 column3-desktop-grid__start-9 column3-desktop-grid__row-1 column1-tablet-grid__span-4 column1-tablet-grid__row-1 column2-tablet-grid__span-4 column2-tablet-grid__start-5 column2-tablet-grid__row-1 column3-tablet-grid__span-8 column3-tablet-grid__row-2 column1-mobile-grid__span-4 column1-mobile-grid__row-1 column2-mobile-grid__span-4 column2-mobile-grid__row-2 column3-mobile-grid__span-4 column3-mobile-grid__row-3\">\n<div class=\"wp-block-jetpack-layout-grid-column wp-block-jetpack-layout-grid__padding-none is-vertically-aligned-center\"><div class=\"wp-block-image\">\n<figure class=\"aligncenter size-full is-resized\"><img loading=\"lazy\" decoding=\"async\" width=\"585\" height=\"826\" src=\"https:\/\/nieczytelne.com\/wp-content\/uploads\/2025\/09\/figi.png\" alt=\"\" class=\"wp-image-5641\" style=\"width:365px;height:512px\" srcset=\"https:\/\/nieczytelne.com\/wp-content\/uploads\/2025\/09\/figi.png 585w, https:\/\/nieczytelne.com\/wp-content\/uploads\/2025\/09\/figi-212x300.png 212w, https:\/\/nieczytelne.com\/wp-content\/uploads\/2025\/09\/figi-8x12.png 8w\" sizes=\"auto, (max-width: 585px) 100vw, 585px\" \/><\/figure>\n<\/div>\n\n\n<div style=\"height:32px\" aria-hidden=\"true\" class=\"wp-block-spacer\"><\/div>\n\n\n\n<div class=\"wp-block-buttons is-layout-flex wp-block-buttons-is-layout-flex\">\n<div class=\"wp-block-button\"><a class=\"wp-block-button__link has-dark-gray-background-color has-background has-text-align-left has-custom-font-size wp-element-button\" href=\"https:\/\/pl.anarchistlibraries.net\/library\/dkk-piwnica-figi-i-granaty-1\" style=\"border-radius:9px;font-size:11px\">anarchobiblioteka<\/a><\/div>\n\n\n\n<div class=\"wp-block-button\"><a class=\"wp-block-button__link has-dark-gray-background-color has-background has-text-align-left has-custom-font-size wp-element-button\" href=\"https:\/\/mega.nz\/file\/vd1jmSBS#NhBVjagpQ3UA9eNPnY7COc5-FccJ4LTfEM_-Tv2r97w\" style=\"border-radius:9px;font-size:11px\" target=\"_blank\" rel=\"noreferrer noopener\">wersja do druku<\/a><\/div>\n<\/div>\n<\/div>\n\n\n\n<div class=\"wp-block-jetpack-layout-grid-column wp-block-jetpack-layout-grid__padding-none\">\n<p class=\"has-text-align-justify justuj\">Solidarno\u015b\u0107 z Palestyn\u0105 nie jest zjawiskiem nowym ani marginalnym \u2013 g\u0142osy sprzeciwu wobec izraelskiej okupacji rozbrzmiewaj\u0105 od pokole\u0144, a los Palesty\u0144czyk\u00f3w wpisuje si\u0119 w mi\u0119dzynarodow\u0105 tradycj\u0119 oporu wobec niesprawiedliwo\u015bci. Pomimo popularno\u015bci niekt\u00f3rych autor\u00f3w, ich refleksje cz\u0119sto pozostaj\u0105 nieprzet\u0142umaczone na j\u0119zyk polski przez co niedost\u0119pne. <em>Figi i granaty<\/em> s\u0105 \u015bwiadectwem, \u017ce walka o Woln\u0105 Palestyn\u0119 nigdy nie by\u0142a odosobniona, a intelektualne i moralne podstawy antysyjonizmu maj\u0105 d\u0142ug\u0105, bogat\u0105 tradycj\u0119.<\/p>\n\n\n\n<p class=\"has-text-align-justify justuj\">We wsp\u00f3\u0142pracy z nami wydane przez <a href=\"https:\/\/linktr.ee\/dkkpiwnica\">Dyskusyjny Klub Ksi\u0105\u017cki Piwnica<\/a>.<\/p>\n<\/div>\n\n\n\n<div class=\"wp-block-jetpack-layout-grid-column wp-block-jetpack-layout-grid__padding-huge is-vertically-aligned-center\">\n<div class=\"wp-block-group\"><div class=\"wp-block-group__inner-container is-layout-flow wp-block-group-is-layout-flow\">\n<h6 class=\"wp-block-heading\" id=\"block-977c1639-b9ec-4a5b-b5e3-9df75a1f07ad\"><img decoding=\"async\" src=\"https:\/\/nieczytelne.com\/wp-content\/uploads\/2022\/01\/quotation2.png\" alt=\"\" style=\"width:30px\"><\/h6>\n\n\n\n<h6 class=\"wp-block-heading has-text-align-center has-dark-gray-color has-text-color\" id=\"nikt-nigdy-nie-powinien-pracowac-praca-jest-zrodlem-prawie-calego-nieszczescia-na-swiecie-aby-przestac-cierpiec-musimy-przestac-pracowac-nie-oznacza-to-ze-musimy-przestac-robic-rzeczy-oznacza-za-to-stworzenie-nowego-sposobu-zycia-opartego-na-zabawie\" style=\"font-size:15px;font-style:normal;font-weight:400\">Syjonizm (koszerny nacjonalizm). Imperializm = faszyzm<\/h6>\n\n\n\n<div style=\"height:1px\" aria-hidden=\"true\" class=\"wp-block-spacer\"><\/div>\n\n\n\n<h6 class=\"wp-block-heading has-text-align-right\" id=\"block-977c1639-b9ec-4a5b-b5e3-9df75a1f07ad\"><img decoding=\"async\" style=\"width:30px\" src=\"https:\/\/nieczytelne.com\/wp-content\/uploads\/2022\/01\/qutation1.png\" alt=\"\"><\/h6>\n<\/div><\/div>\n<\/div>\n<\/div>","protected":false},"excerpt":{"rendered":"<p>figi i granaty praca zbiorowa Solidarno\u015b\u0107 z Palestyn\u0105 nie jest zjawiskiem nowym ani marginalnym \u2013 g\u0142osy sprzeciwu wobec izraelskiej okupacji rozbrzmiewaj\u0105 od pokole\u0144, a los Palesty\u0144czyk\u00f3w wpisuje si\u0119 w mi\u0119dzynarodow\u0105 tradycj\u0119 oporu wobec niesprawiedliwo\u015bci. Pomimo popularno\u015bci niekt\u00f3rych autor\u00f3w, ich refleksje cz\u0119sto pozostaj\u0105 nieprzet\u0142umaczone na j\u0119zyk polski przez co niedost\u0119pne. Figi i granaty s\u0105 \u015bwiadectwem, \u017ce &hellip; <a href=\"https:\/\/nieczytelne.com\/en\/wydania\/figi-i-granaty\/\" class=\"more-link\">Continue reading <span class=\"screen-reader-text\">Figi i granaty<\/span><\/a><\/p>","protected":false},"author":1,"featured_media":0,"parent":160,"menu_order":0,"comment_status":"closed","ping_status":"closed","template":"","meta":{"_monsterinsights_skip_tracking":false,"_monsterinsights_sitenote_active":false,"_monsterinsights_sitenote_note":"","_monsterinsights_sitenote_category":0,"footnotes":""},"class_list":["post-5638","page","type-page","status-publish","hentry","no-featured-image"],"_links":{"self":[{"href":"https:\/\/nieczytelne.com\/en\/wp-json\/wp\/v2\/pages\/5638","targetHints":{"allow":["GET"]}}],"collection":[{"href":"https:\/\/nieczytelne.com\/en\/wp-json\/wp\/v2\/pages"}],"about":[{"href":"https:\/\/nieczytelne.com\/en\/wp-json\/wp\/v2\/types\/page"}],"author":[{"embeddable":true,"href":"https:\/\/nieczytelne.com\/en\/wp-json\/wp\/v2\/users\/1"}],"replies":[{"embeddable":true,"href":"https:\/\/nieczytelne.com\/en\/wp-json\/wp\/v2\/comments?post=5638"}],"version-history":[{"count":11,"href":"https:\/\/nieczytelne.com\/en\/wp-json\/wp\/v2\/pages\/5638\/revisions"}],"predecessor-version":[{"id":5720,"href":"https:\/\/nieczytelne.com\/en\/wp-json\/wp\/v2\/pages\/5638\/revisions\/5720"}],"up":[{"embeddable":true,"href":"https:\/\/nieczytelne.com\/en\/wp-json\/wp\/v2\/pages\/160"}],"wp:attachment":[{"href":"https:\/\/nieczytelne.com\/en\/wp-json\/wp\/v2\/media?parent=5638"}],"curies":[{"name":"wp","href":"https:\/\/api.w.org\/{rel}","templated":true}]}}