{"id":5649,"date":"2025-09-22T18:43:25","date_gmt":"2025-09-22T16:43:25","guid":{"rendered":"https:\/\/nieczytelne.com\/?page_id=5649"},"modified":"2025-10-16T21:42:09","modified_gmt":"2025-10-16T19:42:09","slug":"pogarda-2","status":"publish","type":"page","link":"https:\/\/nieczytelne.com\/en\/wydania\/pogarda-2\/","title":{"rendered":"Pogarda"},"content":{"rendered":"<div class=\"wp-block-jetpack-layout-grid alignfull column1-desktop-grid__span-2 column1-desktop-grid__row-1 column2-desktop-grid__span-6 column2-desktop-grid__start-3 column2-desktop-grid__row-1 column3-desktop-grid__span-4 column3-desktop-grid__start-9 column3-desktop-grid__row-1 column1-tablet-grid__span-4 column1-tablet-grid__row-1 column2-tablet-grid__span-4 column2-tablet-grid__start-5 column2-tablet-grid__row-1 column3-tablet-grid__span-8 column3-tablet-grid__row-2 column1-mobile-grid__span-4 column1-mobile-grid__row-1 column2-mobile-grid__span-4 column2-mobile-grid__row-2 column3-mobile-grid__span-4 column3-mobile-grid__row-3 wp-block-jetpack-layout-gutter__huge\">\n<div class=\"wp-block-jetpack-layout-grid-column wp-block-jetpack-layout-grid__padding-none\"><\/div>\n\n\n\n<div class=\"wp-block-jetpack-layout-grid-column wp-block-jetpack-layout-grid__padding-none is-vertically-aligned-bottom\">\n<h2 class=\"wp-block-heading has-text-align-right\" style=\"text-transform:uppercase\">pogarda<\/h2>\n<\/div>\n\n\n\n<div class=\"wp-block-jetpack-layout-grid-column wp-block-jetpack-layout-grid__padding-none is-vertically-aligned-bottom\">\n<h2 class=\"wp-block-heading has-text-align-right\" id=\"autor-august-o-clairre\" style=\"text-transform:uppercase\">Praca zbiorowa<\/h2>\n<\/div>\n<\/div>\n\n\n\n<div style=\"height:25px\" aria-hidden=\"true\" class=\"wp-block-spacer\"><\/div>\n\n\n\n<div class=\"wp-block-jetpack-layout-grid alignfull column1-desktop-grid__span-4 column1-desktop-grid__row-1 column2-desktop-grid__span-4 column2-desktop-grid__start-5 column2-desktop-grid__row-1 column3-desktop-grid__span-4 column3-desktop-grid__start-9 column3-desktop-grid__row-1 column1-tablet-grid__span-4 column1-tablet-grid__row-1 column2-tablet-grid__span-4 column2-tablet-grid__start-5 column2-tablet-grid__row-1 column3-tablet-grid__span-8 column3-tablet-grid__row-2 column1-mobile-grid__span-4 column1-mobile-grid__row-1 column2-mobile-grid__span-4 column2-mobile-grid__row-2 column3-mobile-grid__span-4 column3-mobile-grid__row-3\">\n<div class=\"wp-block-jetpack-layout-grid-column wp-block-jetpack-layout-grid__padding-none is-vertically-aligned-center\"><div class=\"wp-block-image\">\n<figure class=\"aligncenter size-full is-resized\"><img loading=\"lazy\" decoding=\"async\" width=\"583\" height=\"825\" src=\"https:\/\/nieczytelne.com\/wp-content\/uploads\/2025\/09\/pogarda.png\" alt=\"\" class=\"wp-image-5650\" style=\"width:365px;height:512px\" srcset=\"https:\/\/nieczytelne.com\/wp-content\/uploads\/2025\/09\/pogarda.png 583w, https:\/\/nieczytelne.com\/wp-content\/uploads\/2025\/09\/pogarda-212x300.png 212w, https:\/\/nieczytelne.com\/wp-content\/uploads\/2025\/09\/pogarda-8x12.png 8w\" sizes=\"auto, (max-width: 583px) 100vw, 583px\" \/><\/figure>\n<\/div>\n\n\n<div style=\"height:32px\" aria-hidden=\"true\" class=\"wp-block-spacer\"><\/div>\n\n\n\n<div class=\"wp-block-buttons is-layout-flex wp-block-buttons-is-layout-flex\">\n<div class=\"wp-block-button\"><a class=\"wp-block-button__link has-dark-gray-background-color has-background has-custom-font-size wp-element-button\" href=\"https:\/\/mega.nz\/file\/vUsHRAiI#5W4DaIxgovopnqPC4YAR5I7IsZ653h4Fc6ABmFb_Lcs\" style=\"border-radius:9px;font-size:11px\" target=\"_blank\" rel=\"noreferrer noopener\">wersja do czytania<\/a><\/div>\n\n\n\n<div class=\"wp-block-button\"><a class=\"wp-block-button__link has-dark-gray-background-color has-background has-custom-font-size wp-element-button\" href=\"https:\/\/mega.nz\/file\/OYNWAQwJ#lppdolsjzVyX_OnIcUQaZ2ms0mUe91i3MJnU7O8ykPw\" style=\"border-radius:9px;font-size:11px\" target=\"_blank\" rel=\"noreferrer noopener\">wersja do druku<\/a><\/div>\n<\/div>\n<\/div>\n\n\n\n<div class=\"wp-block-jetpack-layout-grid-column wp-block-jetpack-layout-grid__padding-none\">\n<p class=\"has-text-align-justify justuj\">Ten zin jest kola\u017cem z\u0142o\u017conym z fragment\u00f3w naszego \u017cycia, kt\u00f3rego cz\u0119\u015bci\u0105 ostatnimi czasy stawa\u0142 si\u0119 coraz bardziej autonomizm. Motywowa\u0142a nas nienawi\u015b\u0107 do spo\u0142ecze\u0144stwa kapitalistycznego. Konkretniej: szef\u00f3w, przeciembiorc\u00f3w, czynszojad\u00f3w, polityk\u00f3w, kamienicznik\u00f3w, flipper\u00f3w, klasy \u015bredniej, policji i ca\u0142ej reszty cywilizowanych tego \u015bwiata. Nie jest to jednak nienawi\u015b\u0107, kt\u00f3ra ko\u0144czy si\u0119 w resentymencie i poczuciu opresji. Patrzymy na nich z wy\u017cszo\u015bci, czujemy si\u0119 lepszym sortem ludzi. Pogarda jest tym, co pozostaje z nienawi\u015bci klasowej, gdy klasie uda si\u0119 zerwa\u0107 z kapita\u0142em. Nasze poczucie wy\u017cszo\u015bci domaga si\u0119 bycia zamienionym w realnie materialn\u0105 przewag\u0119.<\/p>\n\n\n\n<p>Wydane we wsp\u00f3\u0142pracy z projektem <a href=\"https:\/\/www.youtube.com\/@pppracy\">Poj\u0119cia przy pracy.<\/a><\/p>\n<\/div>\n\n\n\n<div class=\"wp-block-jetpack-layout-grid-column wp-block-jetpack-layout-grid__padding-huge is-vertically-aligned-center\">\n<div class=\"wp-block-group\"><div class=\"wp-block-group__inner-container is-layout-flow wp-block-group-is-layout-flow\">\n<h6 class=\"wp-block-heading\" id=\"block-977c1639-b9ec-4a5b-b5e3-9df75a1f07ad\"><img decoding=\"async\" src=\"https:\/\/nieczytelne.com\/wp-content\/uploads\/2022\/01\/quotation2.png\" alt=\"\" style=\"width:30px\"><\/h6>\n\n\n\n<h6 class=\"wp-block-heading has-text-align-center has-dark-gray-color has-text-color\" id=\"nikt-nigdy-nie-powinien-pracowac-praca-jest-zrodlem-prawie-calego-nieszczescia-na-swiecie-aby-przestac-cierpiec-musimy-przestac-pracowac-nie-oznacza-to-ze-musimy-przestac-robic-rzeczy-oznacza-za-to-stworzenie-nowego-sposobu-zycia-opartego-na-zabawie\" style=\"font-size:15px;font-style:normal;font-weight:400\">Nigdy bowiem nie popad\u0142em w ten b\u0142\u0105d, kt\u00f3ry tak cz\u0119sto mog\u0142em obserwowa\u0107 u wielu robotnik\u00f3w czy drobnomieszcza\u0144skich intelektualist\u00f3w, a kt\u00f3ry polega\u0142 na tym, \u017ce kapitalistyczny \u015bwiat w ostatecznym rachunku jednak im imponowa\u0142. Ustrzeg\u0142a mnie przed tym moja wywodz\u0105ca si\u0119 jeszcze z lat ch\u0142opi\u0119cych nienawi\u015b\u0107 do \u017cycia w kapitalizmie, kt\u00f3r\u0105 przepe\u0142nia\u0142a pogarda.<\/h6>\n\n\n\n<div style=\"height:1px\" aria-hidden=\"true\" class=\"wp-block-spacer\"><\/div>\n\n\n\n<h6 class=\"wp-block-heading has-text-align-right\" id=\"block-977c1639-b9ec-4a5b-b5e3-9df75a1f07ad\"><img decoding=\"async\" style=\"width:30px\" src=\"https:\/\/nieczytelne.com\/wp-content\/uploads\/2022\/01\/qutation1.png\" alt=\"\"><\/h6>\n<\/div><\/div>\n<\/div>\n<\/div>\n\n\n\n<p><\/p>","protected":false},"excerpt":{"rendered":"<p>pogarda Praca zbiorowa Ten zin jest kola\u017cem z\u0142o\u017conym z fragment\u00f3w naszego \u017cycia, kt\u00f3rego cz\u0119\u015bci\u0105 ostatnimi czasy stawa\u0142 si\u0119 coraz bardziej autonomizm. Motywowa\u0142a nas nienawi\u015b\u0107 do spo\u0142ecze\u0144stwa kapitalistycznego. Konkretniej: szef\u00f3w, przeciembiorc\u00f3w, czynszojad\u00f3w, polityk\u00f3w, kamienicznik\u00f3w, flipper\u00f3w, klasy \u015bredniej, policji i ca\u0142ej reszty cywilizowanych tego \u015bwiata. Nie jest to jednak nienawi\u015b\u0107, kt\u00f3ra ko\u0144czy si\u0119 w resentymencie i poczuciu &hellip; <a href=\"https:\/\/nieczytelne.com\/en\/wydania\/pogarda-2\/\" class=\"more-link\">Continue reading <span class=\"screen-reader-text\">Pogarda<\/span><\/a><\/p>","protected":false},"author":1,"featured_media":0,"parent":160,"menu_order":0,"comment_status":"closed","ping_status":"closed","template":"","meta":{"_monsterinsights_skip_tracking":false,"_monsterinsights_sitenote_active":false,"_monsterinsights_sitenote_note":"","_monsterinsights_sitenote_category":0,"footnotes":""},"class_list":["post-5649","page","type-page","status-publish","hentry","no-featured-image"],"_links":{"self":[{"href":"https:\/\/nieczytelne.com\/en\/wp-json\/wp\/v2\/pages\/5649","targetHints":{"allow":["GET"]}}],"collection":[{"href":"https:\/\/nieczytelne.com\/en\/wp-json\/wp\/v2\/pages"}],"about":[{"href":"https:\/\/nieczytelne.com\/en\/wp-json\/wp\/v2\/types\/page"}],"author":[{"embeddable":true,"href":"https:\/\/nieczytelne.com\/en\/wp-json\/wp\/v2\/users\/1"}],"replies":[{"embeddable":true,"href":"https:\/\/nieczytelne.com\/en\/wp-json\/wp\/v2\/comments?post=5649"}],"version-history":[{"count":7,"href":"https:\/\/nieczytelne.com\/en\/wp-json\/wp\/v2\/pages\/5649\/revisions"}],"predecessor-version":[{"id":5716,"href":"https:\/\/nieczytelne.com\/en\/wp-json\/wp\/v2\/pages\/5649\/revisions\/5716"}],"up":[{"embeddable":true,"href":"https:\/\/nieczytelne.com\/en\/wp-json\/wp\/v2\/pages\/160"}],"wp:attachment":[{"href":"https:\/\/nieczytelne.com\/en\/wp-json\/wp\/v2\/media?parent=5649"}],"curies":[{"name":"wp","href":"https:\/\/api.w.org\/{rel}","templated":true}]}}