{"id":594,"date":"2022-01-18T15:31:39","date_gmt":"2022-01-18T14:31:39","guid":{"rendered":"https:\/\/nieczytelne.wordpress.com\/?page_id=594"},"modified":"2025-09-22T21:55:19","modified_gmt":"2025-09-22T19:55:19","slug":"abolicja-pracy","status":"publish","type":"page","link":"https:\/\/nieczytelne.com\/en\/wydania\/abolicja-pracy\/","title":{"rendered":"The Abolition of Work"},"content":{"rendered":"<div class=\"wp-block-jetpack-layout-grid alignfull column1-desktop-grid__span-2 column1-desktop-grid__row-1 column2-desktop-grid__span-6 column2-desktop-grid__start-3 column2-desktop-grid__row-1 column3-desktop-grid__span-4 column3-desktop-grid__start-9 column3-desktop-grid__row-1 column1-tablet-grid__span-4 column1-tablet-grid__row-1 column2-tablet-grid__span-4 column2-tablet-grid__start-5 column2-tablet-grid__row-1 column3-tablet-grid__span-8 column3-tablet-grid__row-2 column1-mobile-grid__span-4 column1-mobile-grid__row-1 column2-mobile-grid__span-4 column2-mobile-grid__row-2 column3-mobile-grid__span-4 column3-mobile-grid__row-3 wp-block-jetpack-layout-gutter__huge\">\n<div class=\"wp-block-jetpack-layout-grid-column wp-block-jetpack-layout-grid__padding-none\"><\/div>\n\n\n\n<div class=\"wp-block-jetpack-layout-grid-column wp-block-jetpack-layout-grid__padding-none is-vertically-aligned-bottom\">\n<h2 class=\"wp-block-heading has-text-align-right\" style=\"text-transform:uppercase\">abolicja pracy<\/h2>\n<\/div>\n\n\n\n<div class=\"wp-block-jetpack-layout-grid-column wp-block-jetpack-layout-grid__padding-none is-vertically-aligned-bottom\">\n<h2 class=\"wp-block-heading has-text-align-right\" id=\"autor-august-o-clairre\" style=\"text-transform:uppercase\">bob black<\/h2>\n<\/div>\n<\/div>\n\n\n\n<div style=\"height:25px\" aria-hidden=\"true\" class=\"wp-block-spacer\"><\/div>\n\n\n\n<div class=\"wp-block-jetpack-layout-grid alignfull column1-desktop-grid__span-4 column1-desktop-grid__row-1 column2-desktop-grid__span-4 column2-desktop-grid__start-5 column2-desktop-grid__row-1 column3-desktop-grid__span-4 column3-desktop-grid__start-9 column3-desktop-grid__row-1 column1-tablet-grid__span-4 column1-tablet-grid__row-1 column2-tablet-grid__span-4 column2-tablet-grid__start-5 column2-tablet-grid__row-1 column3-tablet-grid__span-8 column3-tablet-grid__row-2 column1-mobile-grid__span-4 column1-mobile-grid__row-1 column2-mobile-grid__span-4 column2-mobile-grid__row-2 column3-mobile-grid__span-4 column3-mobile-grid__row-3\">\n<div class=\"wp-block-jetpack-layout-grid-column wp-block-jetpack-layout-grid__padding-none is-vertically-aligned-center\"><div class=\"wp-block-image\">\n<figure class=\"aligncenter size-large is-resized\"><img loading=\"lazy\" decoding=\"async\" width=\"2480\" height=\"3508\" src=\"https:\/\/nieczytelne.com\/wp-content\/uploads\/2022\/01\/abolicja-pracy.png?w=712\" alt=\"\" class=\"wp-image-881\" style=\"width:365px;height:512px\" srcset=\"https:\/\/nieczytelne.com\/wp-content\/uploads\/2022\/01\/abolicja-pracy.png 2480w, https:\/\/nieczytelne.com\/wp-content\/uploads\/2022\/01\/abolicja-pracy-212x300.png 212w, https:\/\/nieczytelne.com\/wp-content\/uploads\/2022\/01\/abolicja-pracy-724x1024.png 724w, https:\/\/nieczytelne.com\/wp-content\/uploads\/2022\/01\/abolicja-pracy-768x1086.png 768w, https:\/\/nieczytelne.com\/wp-content\/uploads\/2022\/01\/abolicja-pracy-1086x1536.png 1086w, https:\/\/nieczytelne.com\/wp-content\/uploads\/2022\/01\/abolicja-pracy-1448x2048.png 1448w\" sizes=\"auto, (max-width: 2480px) 100vw, 2480px\" \/><\/figure>\n<\/div>\n\n\n<div style=\"height:32px\" aria-hidden=\"true\" class=\"wp-block-spacer\"><\/div>\n\n\n\n<div class=\"wp-block-buttons is-layout-flex wp-block-buttons-is-layout-flex\">\n<div class=\"wp-block-button\"><a class=\"wp-block-button__link has-dark-gray-background-color has-background has-custom-font-size wp-element-button\" href=\"https:\/\/pl.anarchistlibraries.net\/library\/bob-black-abolicja-pracy\" style=\"border-radius:9px;font-size:11px\">anarchobiblioteka<\/a><\/div>\n\n\n\n<div class=\"wp-block-button\"><a class=\"wp-block-button__link has-dark-gray-background-color has-background has-custom-font-size wp-element-button\" href=\"https:\/\/nieczytelne.com\/wp-content\/uploads\/2025\/09\/1.-abolicja-pracy.pdf\" style=\"border-radius:9px;font-size:11px\" target=\"_blank\" rel=\"noreferrer noopener\">wersja do druku<\/a><\/div>\n\n\n\n<div class=\"wp-block-button\"><a class=\"wp-block-button__link has-dark-gray-background-color has-background has-custom-font-size wp-element-button\" href=\"https:\/\/nieczytelne.com\/wp-content\/uploads\/2022\/12\/abolicja-pracy-okladka-a5.pdf\" style=\"border-radius:9px;font-size:11px\" target=\"_blank\" rel=\"noreferrer noopener\">ok\u0142adka<\/a><\/div>\n<\/div>\n<\/div>\n\n\n\n<div class=\"wp-block-jetpack-layout-grid-column wp-block-jetpack-layout-grid__padding-none\">\n<p class=\"has-text-align-justify justuj\"><em>Abolicja&#8230;<\/em> uderza w to, co dla praktycznie wszystkich system\u00f3w politycznych i ideologii jest czym\u015b niekwestionowalnym &#8211; sam\u0105 prac\u0119. Zamiast traktowa\u0107 j\u0105 jak pole politycznej walki, jako co\u015b, co mo\u017cna zdemokratyzowa\u0107 i uspo\u0142eczni\u0107, widzi j\u0105 tak\u0105, jak\u0105 jest &#8211; okropn\u0105 rzeczywisto\u015bci\u0105, kt\u00f3r\u0105 trzeba znie\u015b\u0107. Czerpi\u0105c inspiracj\u0119 mi\u0119dzy innymi z filozof\u00f3w antycznych, utopistycznych socjalist\u00f3w i spo\u0142eczno\u015bci zbieracko-\u0142owieckich, Black zamiast pracy opowiada si\u0119 za <em>zabaw\u0105<\/em> &#8211; tw\u00f3rcz\u0105, dobrowoln\u0105 aktywno\u015bci\u0105, dzi\u0119ki kt\u00f3rej b\u0119dziemy mogli zar\u00f3wno spe\u0142nia\u0107 nasze potrzeby, jak i wyzwoli\u0107 si\u0119 z okow\u00f3w pracy.<\/p>\n\n\n\n<p>Cz\u0119\u015b\u0107 serii <a href=\"https:\/\/nieczytelne.com\/en\/nieklasycznie\/\" data-type=\"URL\" data-id=\"https:\/\/nieczytelne.com\/nieklasycznie\">Unclassically<\/a>.<\/p>\n<\/div>\n\n\n\n<div class=\"wp-block-jetpack-layout-grid-column wp-block-jetpack-layout-grid__padding-huge is-vertically-aligned-center\">\n<div class=\"wp-block-group\"><div class=\"wp-block-group__inner-container is-layout-flow wp-block-group-is-layout-flow\">\n<h6 class=\"wp-block-heading\" id=\"block-977c1639-b9ec-4a5b-b5e3-9df75a1f07ad\"><img decoding=\"async\" src=\"https:\/\/nieczytelne.com\/wp-content\/uploads\/2022\/01\/quotation2.png\" alt=\"\" style=\"width:30px\"><\/h6>\n\n\n\n<h6 class=\"wp-block-heading has-text-align-center has-dark-gray-color has-text-color\" id=\"nikt-nigdy-nie-powinien-pracowac-praca-jest-zrodlem-prawie-calego-nieszczescia-na-swiecie-aby-przestac-cierpiec-musimy-przestac-pracowac-nie-oznacza-to-ze-musimy-przestac-robic-rzeczy-oznacza-za-to-stworzenie-nowego-sposobu-zycia-opartego-na-zabawie\" style=\"font-size:15px;font-style:normal;font-weight:400\">Nikt nigdy nie powinien pracowa\u0107. Praca jest \u017ar\u00f3d\u0142em prawie ca\u0142ego nieszcz\u0119\u015bcia na \u015bwiecie. (&#8230;) Aby przesta\u0107 cierpie\u0107, musimy przesta\u0107 pracowa\u0107. Nie oznacza to, \u017ce musimy przesta\u0107 robi\u0107 rzeczy. Oznacza za to stworzenie nowego sposobu \u017cycia opartego na zabawie.<\/h6>\n\n\n\n<div style=\"height:1px\" aria-hidden=\"true\" class=\"wp-block-spacer\"><\/div>\n\n\n\n<h6 class=\"wp-block-heading has-text-align-right\" id=\"block-977c1639-b9ec-4a5b-b5e3-9df75a1f07ad\"><img decoding=\"async\" style=\"width:30px\" src=\"https:\/\/nieczytelne.com\/wp-content\/uploads\/2022\/01\/qutation1.png\" alt=\"\"><\/h6>\n<\/div><\/div>\n<\/div>\n<\/div>","protected":false},"excerpt":{"rendered":"<p>Abolicja&#8230; uderza w to, co dla praktycznie wszystkich system\u00f3w politycznych i ideologii jest czym\u015b niekwestionowalnym &#8211; sam\u0105 prac\u0119. Zamiast traktowa\u0107 j\u0105 jak pole politycznej walki&#8230;<\/p>","protected":false},"author":1,"featured_media":0,"parent":160,"menu_order":0,"comment_status":"closed","ping_status":"closed","template":"","meta":{"_monsterinsights_skip_tracking":false,"_monsterinsights_sitenote_active":false,"_monsterinsights_sitenote_note":"","_monsterinsights_sitenote_category":0,"footnotes":""},"class_list":["post-594","page","type-page","status-publish","hentry","no-featured-image"],"_links":{"self":[{"href":"https:\/\/nieczytelne.com\/en\/wp-json\/wp\/v2\/pages\/594","targetHints":{"allow":["GET"]}}],"collection":[{"href":"https:\/\/nieczytelne.com\/en\/wp-json\/wp\/v2\/pages"}],"about":[{"href":"https:\/\/nieczytelne.com\/en\/wp-json\/wp\/v2\/types\/page"}],"author":[{"embeddable":true,"href":"https:\/\/nieczytelne.com\/en\/wp-json\/wp\/v2\/users\/1"}],"replies":[{"embeddable":true,"href":"https:\/\/nieczytelne.com\/en\/wp-json\/wp\/v2\/comments?post=594"}],"version-history":[{"count":8,"href":"https:\/\/nieczytelne.com\/en\/wp-json\/wp\/v2\/pages\/594\/revisions"}],"predecessor-version":[{"id":5675,"href":"https:\/\/nieczytelne.com\/en\/wp-json\/wp\/v2\/pages\/594\/revisions\/5675"}],"up":[{"embeddable":true,"href":"https:\/\/nieczytelne.com\/en\/wp-json\/wp\/v2\/pages\/160"}],"wp:attachment":[{"href":"https:\/\/nieczytelne.com\/en\/wp-json\/wp\/v2\/media?parent=594"}],"curies":[{"name":"wp","href":"https:\/\/api.w.org\/{rel}","templated":true}]}}