{"id":864,"date":"2022-01-23T15:09:06","date_gmt":"2022-01-23T14:09:06","guid":{"rendered":"https:\/\/nieczytelne.wordpress.com\/?page_id=864"},"modified":"2025-09-22T21:53:53","modified_gmt":"2025-09-22T19:53:53","slug":"glosy-spoza-lewicy","status":"publish","type":"page","link":"https:\/\/nieczytelne.com\/en\/wydania\/glosy-spoza-lewicy\/","title":{"rendered":"Voices From Beyond The Left"},"content":{"rendered":"<div class=\"wp-block-jetpack-layout-grid alignfull column1-desktop-grid__span-2 column1-desktop-grid__row-1 column2-desktop-grid__span-6 column2-desktop-grid__start-3 column2-desktop-grid__row-1 column3-desktop-grid__span-4 column3-desktop-grid__start-9 column3-desktop-grid__row-1 column1-tablet-grid__span-4 column1-tablet-grid__row-1 column2-tablet-grid__span-4 column2-tablet-grid__start-5 column2-tablet-grid__row-1 column3-tablet-grid__span-8 column3-tablet-grid__row-2 column1-mobile-grid__span-4 column1-mobile-grid__row-1 column2-mobile-grid__span-4 column2-mobile-grid__row-2 column3-mobile-grid__span-4 column3-mobile-grid__row-3 wp-block-jetpack-layout-gutter__huge\">\n<div class=\"wp-block-jetpack-layout-grid-column wp-block-jetpack-layout-grid__padding-none\"><\/div>\n\n\n\n<div class=\"wp-block-jetpack-layout-grid-column wp-block-jetpack-layout-grid__padding-none is-vertically-aligned-bottom\">\n<h2 class=\"wp-block-heading has-text-align-right\" style=\"text-transform:uppercase\">Voices From Beyond The Left<\/h2>\n<\/div>\n\n\n\n<div class=\"wp-block-jetpack-layout-grid-column wp-block-jetpack-layout-grid__padding-none is-vertically-aligned-bottom\">\n<h2 class=\"wp-block-heading has-text-align-right\" id=\"autor-august-o-clairre\" style=\"text-transform:uppercase\">r\u00f3\u017cne osoby autorskie<\/h2>\n<\/div>\n<\/div>\n\n\n\n<div style=\"height:25px\" aria-hidden=\"true\" class=\"wp-block-spacer\"><\/div>\n\n\n\n<div class=\"wp-block-jetpack-layout-grid alignfull column1-desktop-grid__span-4 column1-desktop-grid__row-1 column2-desktop-grid__span-4 column2-desktop-grid__start-5 column2-desktop-grid__row-1 column3-desktop-grid__span-4 column3-desktop-grid__start-9 column3-desktop-grid__row-1 column1-tablet-grid__span-4 column1-tablet-grid__row-1 column2-tablet-grid__span-4 column2-tablet-grid__start-5 column2-tablet-grid__row-1 column3-tablet-grid__span-8 column3-tablet-grid__row-2 column1-mobile-grid__span-4 column1-mobile-grid__row-1 column2-mobile-grid__span-4 column2-mobile-grid__row-2 column3-mobile-grid__span-4 column3-mobile-grid__row-3\">\n<div class=\"wp-block-jetpack-layout-grid-column wp-block-jetpack-layout-grid__padding-none is-vertically-aligned-center\"><div class=\"wp-block-image\">\n<figure class=\"aligncenter size-large is-resized\"><img loading=\"lazy\" decoding=\"async\" width=\"692\" height=\"983\" src=\"https:\/\/nieczytelne.com\/wp-content\/uploads\/2022\/01\/2022-01-23_15-41-2.png?w=692\" alt=\"\" class=\"wp-image-874\" style=\"width:365px;height:512px\" srcset=\"https:\/\/nieczytelne.com\/wp-content\/uploads\/2022\/01\/2022-01-23_15-41-2.png 692w, https:\/\/nieczytelne.com\/wp-content\/uploads\/2022\/01\/2022-01-23_15-41-2-211x300.png 211w\" sizes=\"auto, (max-width: 692px) 100vw, 692px\" \/><\/figure>\n<\/div>\n\n\n<div style=\"height:30px\" aria-hidden=\"true\" class=\"wp-block-spacer\"><\/div>\n\n\n\n<div class=\"wp-block-buttons is-layout-flex wp-block-buttons-is-layout-flex\">\n<div class=\"wp-block-button\"><a class=\"wp-block-button__link has-dark-gray-background-color has-background has-custom-font-size wp-element-button\" href=\"https:\/\/nieczytelne.com\/wp-content\/uploads\/2025\/09\/1.-Glosy-spoza-lewicy-compressed.pdf\" style=\"border-radius:9px;font-size:11px\" target=\"_blank\" rel=\"noreferrer noopener\">Wersja do druku<\/a><\/div>\n\n\n\n<div class=\"wp-block-button\"><a class=\"wp-block-button__link has-dark-gray-background-color has-background has-custom-font-size wp-element-button\" href=\"https:\/\/pl.anarchistlibraries.net\/library\/mary-nardini-gang-flower-bomb-wolfi-landstreicher-bob-black-jason-mcquinn-a-morefus-nadia-c-glo\" style=\"border-radius:9px;font-size:11px\" target=\"_blank\" rel=\"noreferrer noopener\">anarchobiblioteka<\/a><\/div>\n\n\n\n<div class=\"wp-block-button\"><a class=\"wp-block-button__link has-dark-gray-background-color has-background has-custom-font-size wp-element-button\" href=\"https:\/\/nieczytelne.com\/wp-content\/uploads\/2022\/12\/glosy-okladka-a4-z-liniami-pomocniczymi.pdf\" style=\"border-radius:9px;font-size:11px\" target=\"_blank\" rel=\"noreferrer noopener\">Ok\u0142adka<\/a><\/div>\n<\/div>\n<\/div>\n\n\n\n<div class=\"wp-block-jetpack-layout-grid-column wp-block-jetpack-layout-grid__padding-none is-vertically-aligned-center\">\n<p class=\"justuj\" id=\"abolicja-uderza-w-to-co-dla-praktycznie-wszystkich-systemow-politycznych-i-ideologii-jest-czyms-niekwestionowalnym-sama-prace-zamiast-traktowac-ja-jak-pole-politycznej-walki-jako-cos-co-mozna-zdemokratyzowac-i-uspolecznic-widzi-ja-taka-jaka-jest-okropna-rzeczywistoscia-ktora-trzeba-zniesc-czerpiac-inspiracje-miedzy-innymi-z-filozofow-antycznych-utopistycznych-socjalistow-i-spolecznosci-zbieracko-lowieckich-black-zamiast-pracy-opowiada-sie-za-zabawa-tworcza-dobrowolna-aktywnoscia-dzieki-ktorej-bedziemy-mogli-zarowno-spelniac-nasze-potrzeby-jak-i-wyzwolic-sie-z-okowow-pracy\">Target tego zina jest tak r\u00f3\u017cnorodny, jak r\u00f3\u017cnorodna jest jego tre\u015b\u0107. <em>G\u0142osy&#8230;<\/em> s\u0105 dla:<\/p>\n\n\n\n<ul class=\"wp-block-list\">\n<li class=\"justuj\">os\u00f3b zaanga\u017cowanych w r\u00f3\u017cne (anty)polityczne projekty<\/li>\n\n\n\n<li class=\"justuj\">tych os\u00f3b anarchistycznych, kt\u00f3re chc\u0105 czego\u015b innego ni\u017c to, co oferuje klasyczny anarchizm i lewica, jak i dla tych z nich, kt\u00f3re s\u0105 nadal z lewic\u0105 zwi\u0105zane<\/li>\n\n\n\n<li class=\"justuj\">dla (anarcho-) queer\u00f3w, kt\u00f3re cz\u0119sto z jednej strony nie odnajduj\u0105 si\u0119 w ramach LGBT+, a z drugiej nie pasuj\u0105 do wizji lewicowych, klasowych anarchist\u00f3w<\/li>\n\n\n\n<li class=\"justuj\">dla wszystkich tych, kt\u00f3rzy nie czuj\u0105 si\u0119 reprezentowani przez \u017cadn\u0105 polityk\u0119, ani parlamentarn\u0105 ani oddoln\u0105 &#8211; i chc\u0105 wzi\u0105\u0107 sprawy w swoje r\u0119ce.<\/li>\n<\/ul>\n<\/div>\n\n\n\n<div class=\"wp-block-jetpack-layout-grid-column wp-block-jetpack-layout-grid__padding-huge is-vertically-aligned-center\">\n<div class=\"wp-block-group\"><div class=\"wp-block-group__inner-container is-layout-flow wp-block-group-is-layout-flow\">\n<h6 class=\"wp-block-heading\" id=\"block-977c1639-b9ec-4a5b-b5e3-9df75a1f07ad\"><img decoding=\"async\" src=\"https:\/\/nieczytelne.com\/wp-content\/uploads\/2022\/01\/quotation2.png\" alt=\"\" style=\"width:30px\"><\/h6>\n\n\n\n<h6 class=\"wp-block-heading has-text-align-center has-dark-gray-color has-text-color\" id=\"nie-chcemy-choc-byloby-to-najprostsze-potraktowac-postlewicowej-anarchii-jak-ideologii-naszym-zdaniem-mijaloby-sie-to-z-rzeczywistoscia-to-zjawisko-o-wiele-bardziej-zlozone-i-glebsze-niz-kolejna-szkola-mysli-kolejna-ideologia-do-kolekcji-to-rowniez-kompletna-zmiana-podejscia-do-dzialania-a-moze-i-samego-zycia-chcemy-zamiast-tego-wyartykulowac-kilka-rewolucyjnych-motywow-ktore-maja-znaczenie-dla-wspolczesnosci-i-rezonuja-z-osobami\" style=\"font-size:15px;font-style:normal;font-weight:400\">nie chcemy (cho\u0107 by\u0142oby to najprostsze) potraktowa\u0107 postlewicowej anarchii jak ideologii (\u2026); naszym zdaniem mija\u0142oby si\u0119 to z rzeczywisto\u015bci\u0105. To zjawisko o wiele bardziej z\u0142o\u017cone i g\u0142\u0119bsze ni\u017c kolejna szko\u0142a my\u015bli, kolejna ideologia do kolekcji \u2013 to r\u00f3wnie\u017c kompletna zmiana podej\u015bcia do dzia\u0142ania, a mo\u017ce i samego \u017cycia. (\u2026) Zamiast ideologii, chcemy \u201ewyartyku\u0142owa\u0107 (\u2026) kilka rewolucyjnych motyw\u00f3w, kt\u00f3re maj\u0105 znaczenie dla wsp\u00f3\u0142czesno\u015bci i rezonuj\u0105 z osobami\u201d.<\/h6>\n\n\n\n<div style=\"height:1px\" aria-hidden=\"true\" class=\"wp-block-spacer\"><\/div>\n\n\n\n<h6 class=\"wp-block-heading has-text-align-right\" id=\"block-977c1639-b9ec-4a5b-b5e3-9df75a1f07ad\"><img decoding=\"async\" style=\"width:30px\" src=\"https:\/\/nieczytelne.com\/wp-content\/uploads\/2022\/01\/qutation1.png\" alt=\"\"><\/h6>\n<\/div><\/div>\n<\/div>\n<\/div>","protected":false},"excerpt":{"rendered":"<p>G\u0142osy spoza lewicy r\u00f3\u017cne osoby autorskie Target tego zina jest tak r\u00f3\u017cnorodny, jak r\u00f3\u017cnorodna jest jego tre\u015b\u0107. G\u0142osy&#8230; s\u0105 dla: nie chcemy (cho\u0107 by\u0142oby to najprostsze) potraktowa\u0107 postlewicowej anarchii jak ideologii (\u2026); naszym zdaniem mija\u0142oby si\u0119 to z rzeczywisto\u015bci\u0105. To zjawisko o wiele bardziej z\u0142o\u017cone i g\u0142\u0119bsze ni\u017c kolejna szko\u0142a my\u015bli, kolejna ideologia do kolekcji &hellip; <a href=\"https:\/\/nieczytelne.com\/en\/wydania\/glosy-spoza-lewicy\/\" class=\"more-link\">Continue reading <span class=\"screen-reader-text\">Voices From Beyond The Left<\/span><\/a><\/p>","protected":false},"author":1,"featured_media":0,"parent":160,"menu_order":0,"comment_status":"closed","ping_status":"closed","template":"","meta":{"_monsterinsights_skip_tracking":false,"_monsterinsights_sitenote_active":false,"_monsterinsights_sitenote_note":"","_monsterinsights_sitenote_category":0,"footnotes":""},"class_list":["post-864","page","type-page","status-publish","hentry","no-featured-image"],"_links":{"self":[{"href":"https:\/\/nieczytelne.com\/en\/wp-json\/wp\/v2\/pages\/864","targetHints":{"allow":["GET"]}}],"collection":[{"href":"https:\/\/nieczytelne.com\/en\/wp-json\/wp\/v2\/pages"}],"about":[{"href":"https:\/\/nieczytelne.com\/en\/wp-json\/wp\/v2\/types\/page"}],"author":[{"embeddable":true,"href":"https:\/\/nieczytelne.com\/en\/wp-json\/wp\/v2\/users\/1"}],"replies":[{"embeddable":true,"href":"https:\/\/nieczytelne.com\/en\/wp-json\/wp\/v2\/comments?post=864"}],"version-history":[{"count":7,"href":"https:\/\/nieczytelne.com\/en\/wp-json\/wp\/v2\/pages\/864\/revisions"}],"predecessor-version":[{"id":5673,"href":"https:\/\/nieczytelne.com\/en\/wp-json\/wp\/v2\/pages\/864\/revisions\/5673"}],"up":[{"embeddable":true,"href":"https:\/\/nieczytelne.com\/en\/wp-json\/wp\/v2\/pages\/160"}],"wp:attachment":[{"href":"https:\/\/nieczytelne.com\/en\/wp-json\/wp\/v2\/media?parent=864"}],"curies":[{"name":"wp","href":"https:\/\/api.w.org\/{rel}","templated":true}]}}